{"id":5954,"date":"2025-06-28T17:35:19","date_gmt":"2025-06-28T15:35:19","guid":{"rendered":"https:\/\/uj.adatbank.ro\/lexikon\/termek\/czoppelt-gustav-ernst\/"},"modified":"2025-06-28T17:35:19","modified_gmt":"2025-06-28T15:35:19","slug":"czoppelt-gustav-ernst","status":"publish","type":"product","link":"https:\/\/uj.adatbank.ro\/lexikon\/termek\/czoppelt-gustav-ernst\/","title":{"rendered":"CZOPPELT Gustav Ernst"},"content":{"rendered":"<p>Sz\u00e1szr\u00e9gen, 1842. febr. 18. \u2020 Sz\u00e1szr\u00e9gen, 1900. febr. 17.: katonatiszt. \u2013 Szebenben szerzett katonai kik\u00e9pz\u00e9st a 31. m. cs. kir. gyalogezredben, azut\u00e1n Szamos\u00fajv\u00e1ron \u00e9s Orlaton (Szeben). Olm\u00fctzben t\u0171z\u00e9rk\u00e9nt ker\u00fclt a 12. t\u0171z\u00e9rezredhez (1860), ahol kad\u00e9ttiszt (1862), hadnagy a 11. t\u0171z\u00e9rezredn\u00e9l (1866). Klagenfurtban \u00e1t\u00e1llt a 6. lovashusz\u00e1r ezredbe (1868). F\u0151hadnagy, majd lovass\u00e1gi kapit\u00e1nny\u00e1 l\u00e9ptett\u00e9k el\u0151 (1881). R\u00e9szt vett Ausztria Poroszo. elleni hadj\u00e1rat\u00e1ban (1866). Visszat\u00e9rt sz\u00fcl\u0151v\u00e1ros\u00e1ba, ahol nyugd\u00edjazt\u00e1k \u00e9s hal\u00e1l\u00e1ig \u00e9lt. Sz\u00e9p k\u00f6nyvt\u00e1rat, t\u00e9rk\u00e9peket, dokumentumokat, kit\u00fcntet\u00e9seket \u00e9s k\u00e9t kardot hagyott h\u00e1tra \u00f6n\u00e9let\u00edr\u00e1s\u00e1val egy\u00fctt, azzal a meghagy\u00e1ssal, h. a lev\u00e9lt\u00e1rba helyezz\u00e9k ezeket el. Sajnos a lev\u00e9lt\u00e1r le\u00e9gett. <br \/><strong>Irod.:<\/strong> Reghin, militari<\/br><\/p>\n","protected":false},"excerpt":{"rendered":"<p>Sz\u00e1szr\u00e9gen, 1842. febr. 18. \u2020 Sz\u00e1szr\u00e9gen, 1900. febr. 17.: katonatiszt. \u2013 Szebenben szerzett katonai kik\u00e9pz\u00e9st a 31. m. cs. kir. gyalogezredben, azut\u00e1n Szamos\u00fajv\u00e1ron \u00e9s Orlaton (Szeben). Olm\u00fctzben t\u0171z\u00e9rk\u00e9nt ker\u00fclt a 12. t\u0171z\u00e9rezredhez (1860), ahol kad\u00e9ttiszt (1862), hadnagy a 11. t\u0171z\u00e9rezredn\u00e9l (1866). Klagenfurtban \u00e1t\u00e1llt a 6. lovashusz\u00e1r ezredbe (1868). F\u0151hadnagy, majd lovass\u00e1gi kapit\u00e1nny\u00e1 l\u00e9ptett\u00e9k el\u0151 (1881). [&hellip;]<\/p>\n","protected":false},"featured_media":0,"comment_status":"open","ping_status":"closed","template":"","meta":[],"product_brand":[],"product_cat":[137],"product_tag":[],"class_list":{"0":"post-5954","1":"product","2":"type-product","3":"status-publish","5":"product_cat-maros-megyei-eletrajzi-lexikon","7":"first","8":"instock","9":"shipping-taxable","10":"product-type-simple"},"_links":{"self":[{"href":"https:\/\/uj.adatbank.ro\/lexikon\/wp-json\/wp\/v2\/product\/5954","targetHints":{"allow":["GET"]}}],"collection":[{"href":"https:\/\/uj.adatbank.ro\/lexikon\/wp-json\/wp\/v2\/product"}],"about":[{"href":"https:\/\/uj.adatbank.ro\/lexikon\/wp-json\/wp\/v2\/types\/product"}],"replies":[{"embeddable":true,"href":"https:\/\/uj.adatbank.ro\/lexikon\/wp-json\/wp\/v2\/comments?post=5954"}],"wp:attachment":[{"href":"https:\/\/uj.adatbank.ro\/lexikon\/wp-json\/wp\/v2\/media?parent=5954"}],"wp:term":[{"taxonomy":"product_brand","embeddable":true,"href":"https:\/\/uj.adatbank.ro\/lexikon\/wp-json\/wp\/v2\/product_brand?post=5954"},{"taxonomy":"product_cat","embeddable":true,"href":"https:\/\/uj.adatbank.ro\/lexikon\/wp-json\/wp\/v2\/product_cat?post=5954"},{"taxonomy":"product_tag","embeddable":true,"href":"https:\/\/uj.adatbank.ro\/lexikon\/wp-json\/wp\/v2\/product_tag?post=5954"}],"curies":[{"name":"wp","href":"https:\/\/api.w.org\/{rel}","templated":true}]}}