{"id":5955,"date":"2025-06-28T17:35:21","date_gmt":"2025-06-28T15:35:21","guid":{"rendered":"https:\/\/uj.adatbank.ro\/lexikon\/termek\/czoppelt-helmut-eduard-friedrich\/"},"modified":"2025-06-28T17:35:21","modified_gmt":"2025-06-28T15:35:21","slug":"czoppelt-helmut-eduard-friedrich","status":"publish","type":"product","link":"https:\/\/uj.adatbank.ro\/lexikon\/termek\/czoppelt-helmut-eduard-friedrich\/","title":{"rendered":"CZOPPELT Helmut Eduard Friedrich"},"content":{"rendered":"<p>Sz\u00e1szr\u00e9gen, 1905. aug. 22., \u2020\u00a0Ingolstadt (N\u00e9meto.), 1994. aug.: erd\u00e9szm\u00e9rn\u00f6k. \u2013 Tanult Sz\u00e1szr\u00e9genben, Szebenben \u00e9s Beszterc\u00e9n, ahol \u00e9retts\u00e9gizett (1924), erd\u00e9szeti egyetemen B\u00e9csben \u00e9s Tharandt-ban, Sz\u00e1szo.-ban v\u00e9gzett (1926\u201328). Katonai szolg\u00e1lat ut\u00e1n dolgozott Sepsiszentgy\u00f6rgy\u00f6n az Erd\u00e9szeti Hivatalban, Sz\u00e1szr\u00e9genben a \u201eWaldindustrie A. G.\u201d T\u00e1rsas\u00e1gn\u00e1l, Ratosny\u00e1n; a moldvai Bro\u015fteni-ban Nicolae herceg erd\u0151b\u00edrtok\u00e1n (1932\u201338); a bak\u00f3i erd\u00e9szeti igazgat\u00f3s\u00e1gon (1938\u201341). A Leslau\/Posen erd\u00e9szeti hivatal megh\u00edv\u00e1s\u00e1ra \u00e1ttelepedett N\u00e9meto.-ba (1941), kinevezt\u00e9k birodalmi erd\u0151mesterr\u00e9 (1942). A h\u00e1bor\u00faban amerikai fogs\u00e1gba esett, majd M\u00fcnchenbe telepedett le. Ott az erd\u00e9szeti szakma minden l\u00e9pcs\u0151fok\u00e1t v\u00e9gigj\u00e1rta a fav\u00e1g\u00f3t\u00f3l a m\u00e9rn\u00f6kig, t\u00f6bb erd\u00e9szeti hivatalban is dolgozott (1945\u201368). Jelent\u0151s botanikai, \u00e1llattani \u00e9s t\u00f6rt\u00e9nelmi ill. hagyom\u00e1nykutat\u00f3 tev\u00e9kenys\u00e9get fejtett ki Sz\u00e1szr\u00e9gen vid\u00e9k\u00e9n \u00e9s Moldov\u00e1ban. R\u00e9gen \u00e9s a sz\u00e1szok t\u00f6rt\u00e9net\u00e9hez \u00e9s szok\u00e1saihoz \u00f6sszegy\u0171jt\u00f6tt anyag\u00e1t E. Philippinek \u00e9s W. Welzernek adta \u00e1t, akik ebb\u0151l k\u00f6nyvet \u00edrtak. 27 m\u0171vet adott ki, ezekb\u0151l rom\u00e1niai foly\u00f3\u00edratban 7 jelent meg: S\u00e4chsich-Regener Nachrichten, Jahrbuch des Siebenb\u00fcrgischen Karpatenvereins, Verhandlungen und Mitteilungen des Siebenb\u00fcrgischen Vereins f\u00fcr Naturwissenschaften in Hermannstadt, Revista P\u0103durilor.-ban. \u2013 <strong>F. m.:<\/strong> Istoria \u00eenv\u0103\u0163\u0103m\u00e2ntului (s. l., s. a.); \u00cent\u00e2mpl\u0103ri \u015fi figuri reghinene (s. l., s. a.); Amintiri (s. l., s. a.); Biserica evanghelic\u0103 (s. l., s. a.); Istoria S. A. Waldindustrie (s. l., s. a.); Cronica istoric\u0103 a Reghinului (s. l., s. a.); Numele ora\u015fului (s. l., s. a.); Comer\u0163ul (s. l., s. a.). <br \/><strong>Irod.:<\/strong> LSS\u00a0; Reg. cult. 4.; Todea 2013<\/br><\/p>\n","protected":false},"excerpt":{"rendered":"<p>Sz\u00e1szr\u00e9gen, 1905. aug. 22., \u2020\u00a0Ingolstadt (N\u00e9meto.), 1994. aug.: erd\u00e9szm\u00e9rn\u00f6k. \u2013 Tanult Sz\u00e1szr\u00e9genben, Szebenben \u00e9s Beszterc\u00e9n, ahol \u00e9retts\u00e9gizett (1924), erd\u00e9szeti egyetemen B\u00e9csben \u00e9s Tharandt-ban, Sz\u00e1szo.-ban v\u00e9gzett (1926\u201328). Katonai szolg\u00e1lat ut\u00e1n dolgozott Sepsiszentgy\u00f6rgy\u00f6n az Erd\u00e9szeti Hivatalban, Sz\u00e1szr\u00e9genben a \u201eWaldindustrie A. G.\u201d T\u00e1rsas\u00e1gn\u00e1l, Ratosny\u00e1n; a moldvai Bro\u015fteni-ban Nicolae herceg erd\u0151b\u00edrtok\u00e1n (1932\u201338); a bak\u00f3i erd\u00e9szeti igazgat\u00f3s\u00e1gon (1938\u201341). A Leslau\/Posen [&hellip;]<\/p>\n","protected":false},"featured_media":0,"comment_status":"open","ping_status":"closed","template":"","meta":[],"product_brand":[],"product_cat":[137],"product_tag":[],"class_list":{"0":"post-5955","1":"product","2":"type-product","3":"status-publish","5":"product_cat-maros-megyei-eletrajzi-lexikon","7":"first","8":"instock","9":"shipping-taxable","10":"product-type-simple"},"_links":{"self":[{"href":"https:\/\/uj.adatbank.ro\/lexikon\/wp-json\/wp\/v2\/product\/5955","targetHints":{"allow":["GET"]}}],"collection":[{"href":"https:\/\/uj.adatbank.ro\/lexikon\/wp-json\/wp\/v2\/product"}],"about":[{"href":"https:\/\/uj.adatbank.ro\/lexikon\/wp-json\/wp\/v2\/types\/product"}],"replies":[{"embeddable":true,"href":"https:\/\/uj.adatbank.ro\/lexikon\/wp-json\/wp\/v2\/comments?post=5955"}],"wp:attachment":[{"href":"https:\/\/uj.adatbank.ro\/lexikon\/wp-json\/wp\/v2\/media?parent=5955"}],"wp:term":[{"taxonomy":"product_brand","embeddable":true,"href":"https:\/\/uj.adatbank.ro\/lexikon\/wp-json\/wp\/v2\/product_brand?post=5955"},{"taxonomy":"product_cat","embeddable":true,"href":"https:\/\/uj.adatbank.ro\/lexikon\/wp-json\/wp\/v2\/product_cat?post=5955"},{"taxonomy":"product_tag","embeddable":true,"href":"https:\/\/uj.adatbank.ro\/lexikon\/wp-json\/wp\/v2\/product_tag?post=5955"}],"curies":[{"name":"wp","href":"https:\/\/api.w.org\/{rel}","templated":true}]}}