{"id":5956,"date":"2025-06-28T17:35:22","date_gmt":"2025-06-28T15:35:22","guid":{"rendered":"https:\/\/uj.adatbank.ro\/lexikon\/termek\/czoppelt-matyas\/"},"modified":"2025-06-28T17:35:22","modified_gmt":"2025-06-28T15:35:22","slug":"czoppelt-matyas","status":"publish","type":"product","link":"https:\/\/uj.adatbank.ro\/lexikon\/termek\/czoppelt-matyas\/","title":{"rendered":"CZOPPELT M\u00e1ty\u00e1s"},"content":{"rendered":"<p>Zsidve, ?, \u2020 Sz\u00e1szbog\u00e1cs, 1736. \u00e1pr. 30.: ev. lelk\u00e9sz. \u2013 Wittenbergben tanult (1689\u201391). Tan\u00e1r majd lelk\u00e9sz Medgyesen (1693\u2013), Sz\u00e1szbig\u00e1cson (1700\u2013). \u2013 <strong>F. m.:<\/strong> Disputatio theologica de Christianorum Cruce et Psalmo LXVIII. v. XX. (Wittenbergae, 1691). <br \/><strong>Irod.:<\/strong> Szinnyei<\/br><\/p>\n","protected":false},"excerpt":{"rendered":"<p>Zsidve, ?, \u2020 Sz\u00e1szbog\u00e1cs, 1736. \u00e1pr. 30.: ev. lelk\u00e9sz. \u2013 Wittenbergben tanult (1689\u201391). Tan\u00e1r majd lelk\u00e9sz Medgyesen (1693\u2013), Sz\u00e1szbig\u00e1cson (1700\u2013). \u2013 F. m.: Disputatio theologica de Christianorum Cruce et Psalmo LXVIII. v. XX. (Wittenbergae, 1691). Irod.: Szinnyei<\/p>\n","protected":false},"featured_media":0,"comment_status":"open","ping_status":"closed","template":"","meta":[],"product_brand":[],"product_cat":[137],"product_tag":[],"class_list":{"0":"post-5956","1":"product","2":"type-product","3":"status-publish","5":"product_cat-maros-megyei-eletrajzi-lexikon","7":"first","8":"instock","9":"shipping-taxable","10":"product-type-simple"},"_links":{"self":[{"href":"https:\/\/uj.adatbank.ro\/lexikon\/wp-json\/wp\/v2\/product\/5956","targetHints":{"allow":["GET"]}}],"collection":[{"href":"https:\/\/uj.adatbank.ro\/lexikon\/wp-json\/wp\/v2\/product"}],"about":[{"href":"https:\/\/uj.adatbank.ro\/lexikon\/wp-json\/wp\/v2\/types\/product"}],"replies":[{"embeddable":true,"href":"https:\/\/uj.adatbank.ro\/lexikon\/wp-json\/wp\/v2\/comments?post=5956"}],"wp:attachment":[{"href":"https:\/\/uj.adatbank.ro\/lexikon\/wp-json\/wp\/v2\/media?parent=5956"}],"wp:term":[{"taxonomy":"product_brand","embeddable":true,"href":"https:\/\/uj.adatbank.ro\/lexikon\/wp-json\/wp\/v2\/product_brand?post=5956"},{"taxonomy":"product_cat","embeddable":true,"href":"https:\/\/uj.adatbank.ro\/lexikon\/wp-json\/wp\/v2\/product_cat?post=5956"},{"taxonomy":"product_tag","embeddable":true,"href":"https:\/\/uj.adatbank.ro\/lexikon\/wp-json\/wp\/v2\/product_tag?post=5956"}],"curies":[{"name":"wp","href":"https:\/\/api.w.org\/{rel}","templated":true}]}}