{"id":5960,"date":"2025-06-28T17:35:29","date_gmt":"2025-06-28T15:35:29","guid":{"rendered":"https:\/\/uj.adatbank.ro\/lexikon\/termek\/csabai-andras-tzabai-andras\/"},"modified":"2025-06-28T17:35:29","modified_gmt":"2025-06-28T15:35:29","slug":"csabai-andras-tzabai-andras","status":"publish","type":"product","link":"https:\/\/uj.adatbank.ro\/lexikon\/termek\/csabai-andras-tzabai-andras\/","title":{"rendered":"CSABAI Andr\u00e1s, Tzabai Andr\u00e1s"},"content":{"rendered":"<p>? \u2020\u00a01746.: ref. lelk\u00e9sz. \u2013 A gyulafeh\u00e9rv\u00e1ri nagyh\u00edr\u0171 koll.-ban tanult. Erd\u0151szentgy\u00f6rgy\u00f6n volt pap, amikor Mv.-re h\u00edvt\u00e1k \u00e9s a V\u00e1rtemplom lelk\u00e9sze lett (1705\u201322). <br \/><strong>Irod.:<\/strong> Farcz\u00e1dy; Marossz\u00e9ki kr\u00f3nik\u00e1k, 1.; A ref. V\u00e1rtemplom lelk\u00e9szei (dr. Pusk\u00e1s Katalin k\u00e9zirata); V\u00e1rtemplomi lelk\u00e9szek n\u00e9vsora, 1571\u20132000 (\u00daj Kezdet, 2. sz., 2000)<\/br><\/p>\n","protected":false},"excerpt":{"rendered":"<p>? \u2020\u00a01746.: ref. lelk\u00e9sz. \u2013 A gyulafeh\u00e9rv\u00e1ri nagyh\u00edr\u0171 koll.-ban tanult. Erd\u0151szentgy\u00f6rgy\u00f6n volt pap, amikor Mv.-re h\u00edvt\u00e1k \u00e9s a V\u00e1rtemplom lelk\u00e9sze lett (1705\u201322). Irod.: Farcz\u00e1dy; Marossz\u00e9ki kr\u00f3nik\u00e1k, 1.; A ref. V\u00e1rtemplom lelk\u00e9szei (dr. Pusk\u00e1s Katalin k\u00e9zirata); V\u00e1rtemplomi lelk\u00e9szek n\u00e9vsora, 1571\u20132000 (\u00daj Kezdet, 2. sz., 2000)<\/p>\n","protected":false},"featured_media":0,"comment_status":"open","ping_status":"closed","template":"","meta":[],"product_brand":[],"product_cat":[137],"product_tag":[],"class_list":{"0":"post-5960","1":"product","2":"type-product","3":"status-publish","5":"product_cat-maros-megyei-eletrajzi-lexikon","7":"first","8":"instock","9":"shipping-taxable","10":"product-type-simple"},"_links":{"self":[{"href":"https:\/\/uj.adatbank.ro\/lexikon\/wp-json\/wp\/v2\/product\/5960","targetHints":{"allow":["GET"]}}],"collection":[{"href":"https:\/\/uj.adatbank.ro\/lexikon\/wp-json\/wp\/v2\/product"}],"about":[{"href":"https:\/\/uj.adatbank.ro\/lexikon\/wp-json\/wp\/v2\/types\/product"}],"replies":[{"embeddable":true,"href":"https:\/\/uj.adatbank.ro\/lexikon\/wp-json\/wp\/v2\/comments?post=5960"}],"wp:attachment":[{"href":"https:\/\/uj.adatbank.ro\/lexikon\/wp-json\/wp\/v2\/media?parent=5960"}],"wp:term":[{"taxonomy":"product_brand","embeddable":true,"href":"https:\/\/uj.adatbank.ro\/lexikon\/wp-json\/wp\/v2\/product_brand?post=5960"},{"taxonomy":"product_cat","embeddable":true,"href":"https:\/\/uj.adatbank.ro\/lexikon\/wp-json\/wp\/v2\/product_cat?post=5960"},{"taxonomy":"product_tag","embeddable":true,"href":"https:\/\/uj.adatbank.ro\/lexikon\/wp-json\/wp\/v2\/product_tag?post=5960"}],"curies":[{"name":"wp","href":"https:\/\/api.w.org\/{rel}","templated":true}]}}