{"id":5963,"date":"2025-06-28T17:35:35","date_gmt":"2025-06-28T15:35:35","guid":{"rendered":"https:\/\/uj.adatbank.ro\/lexikon\/termek\/csaina-todor\/"},"modified":"2025-06-28T17:35:35","modified_gmt":"2025-06-28T15:35:35","slug":"csaina-todor","status":"publish","type":"product","link":"https:\/\/uj.adatbank.ro\/lexikon\/termek\/csaina-todor\/","title":{"rendered":"CSAINA T\u00f3dor"},"content":{"rendered":"<p>? \u2020\u00a0? : f\u00f6ldtulajdonos. \u2013 Ol\u00e1hszentl\u00e1szl\u00f3ban a f\u00f6ldoszt\u00e1skor birtok\u00e1b\u00f3l kisaj\u00e1t\u00edtottak 164 n\u00f6. ter\u00fcletet, amelyet h\u00e1zhelynek utaltak ki a bev\u00e1ndorolt rom\u00e1n lakosoknak (1922. aug. 5.). <br \/><strong>Irod.:<\/strong> Prozan<\/br><\/p>\n","protected":false},"excerpt":{"rendered":"<p>? \u2020\u00a0? : f\u00f6ldtulajdonos. \u2013 Ol\u00e1hszentl\u00e1szl\u00f3ban a f\u00f6ldoszt\u00e1skor birtok\u00e1b\u00f3l kisaj\u00e1t\u00edtottak 164 n\u00f6. ter\u00fcletet, amelyet h\u00e1zhelynek utaltak ki a bev\u00e1ndorolt rom\u00e1n lakosoknak (1922. aug. 5.). Irod.: Prozan<\/p>\n","protected":false},"featured_media":0,"comment_status":"open","ping_status":"closed","template":"","meta":[],"product_brand":[],"product_cat":[137],"product_tag":[],"class_list":{"0":"post-5963","1":"product","2":"type-product","3":"status-publish","5":"product_cat-maros-megyei-eletrajzi-lexikon","7":"first","8":"instock","9":"shipping-taxable","10":"product-type-simple"},"_links":{"self":[{"href":"https:\/\/uj.adatbank.ro\/lexikon\/wp-json\/wp\/v2\/product\/5963","targetHints":{"allow":["GET"]}}],"collection":[{"href":"https:\/\/uj.adatbank.ro\/lexikon\/wp-json\/wp\/v2\/product"}],"about":[{"href":"https:\/\/uj.adatbank.ro\/lexikon\/wp-json\/wp\/v2\/types\/product"}],"replies":[{"embeddable":true,"href":"https:\/\/uj.adatbank.ro\/lexikon\/wp-json\/wp\/v2\/comments?post=5963"}],"wp:attachment":[{"href":"https:\/\/uj.adatbank.ro\/lexikon\/wp-json\/wp\/v2\/media?parent=5963"}],"wp:term":[{"taxonomy":"product_brand","embeddable":true,"href":"https:\/\/uj.adatbank.ro\/lexikon\/wp-json\/wp\/v2\/product_brand?post=5963"},{"taxonomy":"product_cat","embeddable":true,"href":"https:\/\/uj.adatbank.ro\/lexikon\/wp-json\/wp\/v2\/product_cat?post=5963"},{"taxonomy":"product_tag","embeddable":true,"href":"https:\/\/uj.adatbank.ro\/lexikon\/wp-json\/wp\/v2\/product_tag?post=5963"}],"curies":[{"name":"wp","href":"https:\/\/api.w.org\/{rel}","templated":true}]}}