{"id":5968,"date":"2025-06-28T17:35:44","date_gmt":"2025-06-28T15:35:44","guid":{"rendered":"https:\/\/uj.adatbank.ro\/lexikon\/termek\/csakany-bela\/"},"modified":"2025-06-28T17:35:44","modified_gmt":"2025-06-28T15:35:44","slug":"csakany-bela","status":"publish","type":"product","link":"https:\/\/uj.adatbank.ro\/lexikon\/termek\/csakany-bela\/","title":{"rendered":"CS\u00c1K\u00c1NY B\u00e9la"},"content":{"rendered":"<p>Brass\u00f3, 1911. nov. 14., \u2020\u00a0Mv., 1996. nov. 7. : k\u00f6zgazd\u00e1sz, jog\u00e1sz, egyetemi tan\u00e1r, szerk. \u2013 \u00c9retts\u00e9gizett a brass\u00f3i R. K. F\u0151gimn.-ban (1928); kv.-i egyetem Jogtudom\u00e1nyi Kar\u00e1n szerzett oklevelet, majd doktor\u00e1lt (1933). Brass\u00f3ban \u00fcgyv\u00e9d (1934\u201346). Az MNSZ tagja (1944\u201353), f\u0151titk\u00e1ra (1944\u201347), a k\u00f6zponti VB tagja (1946\u201353). A kv-i Takar\u00e9kp\u00e9nzt\u00e1r \u00e9s Hitelbank eln\u00f6ke (1946\u201348); tan\u00e1r a BTE k\u00f6zgazdas\u00e1gi \u00e9s jogtudom\u00e1nyi kar\u00e1n\u00a0ill. a BBTE k\u00f6zgazdas\u00e1g-tudom\u00e1nyi kar\u00e1n rom\u00e1n nyelven tan\u00edtott p\u00e9nz\u00fcgytant (1948-\u201375). A K\u00f6zgazdas\u00e1gi Bank fel\u00fcgyel\u0151biz. tagja (1938\u201344), nemzetgy\u0171l\u00e9si k\u00e9pvisel\u0151 (1946\u201352); a buk.-i Rom\u00e1n Nemzeti Bank fel\u00fcgyel\u0151biz. \u2013nak (1947\u2013), az igazgat\u00f3 tan\u00e1csnak tagja (1948\u201350). A Brass\u00f3i Lapok, D\u00e9li H\u00edrlap, El\u0151re, Igazs\u00e1g rovatvezet\u0151je (1938\u201372), az Erd\u00e9lyi Fiatalok m\u0171szaki szerkeszt\u0151je, a N\u00e9pi Egys\u00e9g alap\u00edt\u00f3ja \u00e9s szerkeszt\u0151je (1944\u201345), a STUBB szerk. bizotts\u00e1gi tagaja (1957\u201365). Az MNSZ tagja (1944\u201353), f\u0151titk\u00e1ra (1944\u201347). Cikkei\u00a0: Brass\u00f3i Lapok, Studia Juridice, Igazs\u00e1g, Utunk, El\u0151re, D\u00e9li H\u00edrlap, Korunk-ban. Mv. \u2013en lakott. \u2013 <strong>F. m.:<\/strong> P\u00e9nz\u00fcgyi tervez\u00e9s (Kv., 1949); P\u00e9nz\u00fcgytan (Kv., 1951); A k\u00f6zgazdas\u00e1gi tev\u00e9kenys\u00e9g elemz\u00e9se (Kv., 1954); P\u00e9nz\u00fcgyi jog (Kv., 1957); Az \u00e1llami v\u00e1llalat saj\u00e1t p\u00e9nzeszk\u00f6zei (Buk., 1958); P\u00e9nz\u00fcgyi jog (Kv., 1959); Finan\u0163e (Kv., 1965, 1970, 1974); <strong>t\u00e1rssz.:<\/strong> Id\u0151szer\u0171 tev\u00e9kenys\u00e9gi k\u00e9rd\u00e9sek (Buk., 1955); A Rom\u00e1n N\u00e9pk\u00f6zt\u00e1rsas\u00e1g alkotm\u00e1nya (Buk., 1957); Probleme ale gestiunii financiare \u00een unit\u0103\u0163ile economice de stat (Buc., 1977); szak<strong>szerk.:<\/strong> Eml\u00e9kk\u00f6ny Kelemen Lajos sz\u00fclet\u00e9s\u00e9nek nyolcvanadik \u00e9vfordul\u00f3j\u00e1ra (Buk., 1987); RMIL 2. \u20134. (Buk., 1991; 1994, 2002). <br \/><strong>Irod.:<\/strong> Az erd\u00e9lyi m. gazads\u00e1gi gondolkod\u00e1s m\u00faltj\u00e1b\u00f3l (XIX. -XX. sz.); Ga\u00e1l 2001; KKACs; RMIL; RMKK; T\u00f6tt\u00f6ssy<\/br><\/p>\n","protected":false},"excerpt":{"rendered":"<p>Brass\u00f3, 1911. nov. 14., \u2020\u00a0Mv., 1996. nov. 7. : k\u00f6zgazd\u00e1sz, jog\u00e1sz, egyetemi tan\u00e1r, szerk. \u2013 \u00c9retts\u00e9gizett a brass\u00f3i R. K. F\u0151gimn.-ban (1928); kv.-i egyetem Jogtudom\u00e1nyi Kar\u00e1n szerzett oklevelet, majd doktor\u00e1lt (1933). Brass\u00f3ban \u00fcgyv\u00e9d (1934\u201346). Az MNSZ tagja (1944\u201353), f\u0151titk\u00e1ra (1944\u201347), a k\u00f6zponti VB tagja (1946\u201353). A kv-i Takar\u00e9kp\u00e9nzt\u00e1r \u00e9s Hitelbank eln\u00f6ke (1946\u201348); tan\u00e1r a BTE [&hellip;]<\/p>\n","protected":false},"featured_media":0,"comment_status":"open","ping_status":"closed","template":"","meta":[],"product_brand":[],"product_cat":[137],"product_tag":[],"class_list":{"0":"post-5968","1":"product","2":"type-product","3":"status-publish","5":"product_cat-maros-megyei-eletrajzi-lexikon","7":"first","8":"instock","9":"shipping-taxable","10":"product-type-simple"},"_links":{"self":[{"href":"https:\/\/uj.adatbank.ro\/lexikon\/wp-json\/wp\/v2\/product\/5968","targetHints":{"allow":["GET"]}}],"collection":[{"href":"https:\/\/uj.adatbank.ro\/lexikon\/wp-json\/wp\/v2\/product"}],"about":[{"href":"https:\/\/uj.adatbank.ro\/lexikon\/wp-json\/wp\/v2\/types\/product"}],"replies":[{"embeddable":true,"href":"https:\/\/uj.adatbank.ro\/lexikon\/wp-json\/wp\/v2\/comments?post=5968"}],"wp:attachment":[{"href":"https:\/\/uj.adatbank.ro\/lexikon\/wp-json\/wp\/v2\/media?parent=5968"}],"wp:term":[{"taxonomy":"product_brand","embeddable":true,"href":"https:\/\/uj.adatbank.ro\/lexikon\/wp-json\/wp\/v2\/product_brand?post=5968"},{"taxonomy":"product_cat","embeddable":true,"href":"https:\/\/uj.adatbank.ro\/lexikon\/wp-json\/wp\/v2\/product_cat?post=5968"},{"taxonomy":"product_tag","embeddable":true,"href":"https:\/\/uj.adatbank.ro\/lexikon\/wp-json\/wp\/v2\/product_tag?post=5968"}],"curies":[{"name":"wp","href":"https:\/\/api.w.org\/{rel}","templated":true}]}}