{"id":5969,"date":"2025-06-28T17:35:46","date_gmt":"2025-06-28T15:35:46","guid":{"rendered":"https:\/\/uj.adatbank.ro\/lexikon\/termek\/csakany-istvan\/"},"modified":"2025-06-28T17:35:46","modified_gmt":"2025-06-28T15:35:46","slug":"csakany-istvan","status":"publish","type":"product","link":"https:\/\/uj.adatbank.ro\/lexikon\/termek\/csakany-istvan\/","title":{"rendered":"CS\u00c1K\u00c1NY Istv\u00e1n"},"content":{"rendered":"<p>? \u2020\u00a0? : tan\u00edt\u00f3. \u2013 Nagyenyeden subscrib\u00e1lt (1744). Sz\u0151kefalv\u00e1n (\u20131747), Harangl\u00e1bon (1748\u201350), K\u00fck\u00fcll\u0151alm\u00e1son (1752) tan\u00edtott. <br \/><strong>Irod.:<\/strong> K\u00fck\u00fcll\u0151i Ref. Egyh\u00e1zm. 2., 3., 4.<\/br><\/p>\n","protected":false},"excerpt":{"rendered":"<p>? \u2020\u00a0? : tan\u00edt\u00f3. \u2013 Nagyenyeden subscrib\u00e1lt (1744). Sz\u0151kefalv\u00e1n (\u20131747), Harangl\u00e1bon (1748\u201350), K\u00fck\u00fcll\u0151alm\u00e1son (1752) tan\u00edtott. Irod.: K\u00fck\u00fcll\u0151i Ref. Egyh\u00e1zm. 2., 3., 4.<\/p>\n","protected":false},"featured_media":0,"comment_status":"open","ping_status":"closed","template":"","meta":[],"product_brand":[],"product_cat":[137],"product_tag":[],"class_list":{"0":"post-5969","1":"product","2":"type-product","3":"status-publish","5":"product_cat-maros-megyei-eletrajzi-lexikon","7":"first","8":"instock","9":"shipping-taxable","10":"product-type-simple"},"_links":{"self":[{"href":"https:\/\/uj.adatbank.ro\/lexikon\/wp-json\/wp\/v2\/product\/5969","targetHints":{"allow":["GET"]}}],"collection":[{"href":"https:\/\/uj.adatbank.ro\/lexikon\/wp-json\/wp\/v2\/product"}],"about":[{"href":"https:\/\/uj.adatbank.ro\/lexikon\/wp-json\/wp\/v2\/types\/product"}],"replies":[{"embeddable":true,"href":"https:\/\/uj.adatbank.ro\/lexikon\/wp-json\/wp\/v2\/comments?post=5969"}],"wp:attachment":[{"href":"https:\/\/uj.adatbank.ro\/lexikon\/wp-json\/wp\/v2\/media?parent=5969"}],"wp:term":[{"taxonomy":"product_brand","embeddable":true,"href":"https:\/\/uj.adatbank.ro\/lexikon\/wp-json\/wp\/v2\/product_brand?post=5969"},{"taxonomy":"product_cat","embeddable":true,"href":"https:\/\/uj.adatbank.ro\/lexikon\/wp-json\/wp\/v2\/product_cat?post=5969"},{"taxonomy":"product_tag","embeddable":true,"href":"https:\/\/uj.adatbank.ro\/lexikon\/wp-json\/wp\/v2\/product_tag?post=5969"}],"curies":[{"name":"wp","href":"https:\/\/api.w.org\/{rel}","templated":true}]}}