{"id":5970,"date":"2025-06-28T17:35:47","date_gmt":"2025-06-28T15:35:47","guid":{"rendered":"https:\/\/uj.adatbank.ro\/lexikon\/termek\/csakany-j\/"},"modified":"2025-06-28T17:35:47","modified_gmt":"2025-06-28T15:35:47","slug":"csakany-j","status":"publish","type":"product","link":"https:\/\/uj.adatbank.ro\/lexikon\/termek\/csakany-j\/","title":{"rendered":"CS\u00c1K\u00c1NY J."},"content":{"rendered":"<p>? \u2020\u00a0? : keresked\u0151. \u2013 Mv.-en volt Cs\u00e1k\u00e1ny J. \u00e9s Fia f\u0171szer, pap\u00edr-, \u00edr\u00f3 \u00e9s rajzszer keresked\u00e9se (1912 k.). <br \/><strong>Irod.:<\/strong> Szentgy\u00f6rgyi<\/br><\/p>\n","protected":false},"excerpt":{"rendered":"<p>? \u2020\u00a0? : keresked\u0151. \u2013 Mv.-en volt Cs\u00e1k\u00e1ny J. \u00e9s Fia f\u0171szer, pap\u00edr-, \u00edr\u00f3 \u00e9s rajzszer keresked\u00e9se (1912 k.). Irod.: Szentgy\u00f6rgyi<\/p>\n","protected":false},"featured_media":0,"comment_status":"open","ping_status":"closed","template":"","meta":[],"product_brand":[],"product_cat":[137],"product_tag":[],"class_list":{"0":"post-5970","1":"product","2":"type-product","3":"status-publish","5":"product_cat-maros-megyei-eletrajzi-lexikon","7":"first","8":"instock","9":"shipping-taxable","10":"product-type-simple"},"_links":{"self":[{"href":"https:\/\/uj.adatbank.ro\/lexikon\/wp-json\/wp\/v2\/product\/5970","targetHints":{"allow":["GET"]}}],"collection":[{"href":"https:\/\/uj.adatbank.ro\/lexikon\/wp-json\/wp\/v2\/product"}],"about":[{"href":"https:\/\/uj.adatbank.ro\/lexikon\/wp-json\/wp\/v2\/types\/product"}],"replies":[{"embeddable":true,"href":"https:\/\/uj.adatbank.ro\/lexikon\/wp-json\/wp\/v2\/comments?post=5970"}],"wp:attachment":[{"href":"https:\/\/uj.adatbank.ro\/lexikon\/wp-json\/wp\/v2\/media?parent=5970"}],"wp:term":[{"taxonomy":"product_brand","embeddable":true,"href":"https:\/\/uj.adatbank.ro\/lexikon\/wp-json\/wp\/v2\/product_brand?post=5970"},{"taxonomy":"product_cat","embeddable":true,"href":"https:\/\/uj.adatbank.ro\/lexikon\/wp-json\/wp\/v2\/product_cat?post=5970"},{"taxonomy":"product_tag","embeddable":true,"href":"https:\/\/uj.adatbank.ro\/lexikon\/wp-json\/wp\/v2\/product_tag?post=5970"}],"curies":[{"name":"wp","href":"https:\/\/api.w.org\/{rel}","templated":true}]}}