{"id":5983,"date":"2025-06-28T17:36:29","date_gmt":"2025-06-28T15:36:29","guid":{"rendered":"https:\/\/uj.adatbank.ro\/lexikon\/termek\/csaky-istvan-korosszegi-es-adorjani-gr-2\/"},"modified":"2025-06-28T17:36:29","modified_gmt":"2025-06-28T15:36:29","slug":"csaky-istvan-korosszegi-es-adorjani-gr-2","status":"publish","type":"product","link":"https:\/\/uj.adatbank.ro\/lexikon\/termek\/csaky-istvan-korosszegi-es-adorjani-gr-2\/","title":{"rendered":"CS\u00c1KY Istv\u00e1n, k\u0151r\u00f6sszegi \u00e9s adorj\u00e1ni gr."},"content":{"rendered":"<p>1669., \u2020 1720: f\u00f6ldbirtokos, f\u0151isp\u00e1n. \u2013 L\u00e1szl\u00f3 (1641\u201398) \u00e9s K\u00e1lnoky Kata fia. Feles\u00e9ge: 1. Mikola \u00c1gnes (\u2020 1711); 2. Haller Borb\u00e1la (1691\u20131733), szentp\u00e1li \u00e1g. Esk (1708). Gyermekei: Zsigmond (1696\u20131735), Imre (1700\u20131742). <br \/><strong>Irod.:<\/strong> \u00c1rva Bethlen K.; Harmath-K\u00e1lm\u00e1n; Papp Kl\u00e1ra.<\/br><\/p>\n","protected":false},"excerpt":{"rendered":"<p>1669., \u2020 1720: f\u00f6ldbirtokos, f\u0151isp\u00e1n. \u2013 L\u00e1szl\u00f3 (1641\u201398) \u00e9s K\u00e1lnoky Kata fia. Feles\u00e9ge: 1. Mikola \u00c1gnes (\u2020 1711); 2. Haller Borb\u00e1la (1691\u20131733), szentp\u00e1li \u00e1g. Esk (1708). Gyermekei: Zsigmond (1696\u20131735), Imre (1700\u20131742). Irod.: \u00c1rva Bethlen K.; Harmath-K\u00e1lm\u00e1n; Papp Kl\u00e1ra.<\/p>\n","protected":false},"featured_media":0,"comment_status":"open","ping_status":"closed","template":"","meta":[],"product_brand":[],"product_cat":[137],"product_tag":[],"class_list":{"0":"post-5983","1":"product","2":"type-product","3":"status-publish","5":"product_cat-maros-megyei-eletrajzi-lexikon","7":"first","8":"instock","9":"shipping-taxable","10":"product-type-simple"},"_links":{"self":[{"href":"https:\/\/uj.adatbank.ro\/lexikon\/wp-json\/wp\/v2\/product\/5983","targetHints":{"allow":["GET"]}}],"collection":[{"href":"https:\/\/uj.adatbank.ro\/lexikon\/wp-json\/wp\/v2\/product"}],"about":[{"href":"https:\/\/uj.adatbank.ro\/lexikon\/wp-json\/wp\/v2\/types\/product"}],"replies":[{"embeddable":true,"href":"https:\/\/uj.adatbank.ro\/lexikon\/wp-json\/wp\/v2\/comments?post=5983"}],"wp:attachment":[{"href":"https:\/\/uj.adatbank.ro\/lexikon\/wp-json\/wp\/v2\/media?parent=5983"}],"wp:term":[{"taxonomy":"product_brand","embeddable":true,"href":"https:\/\/uj.adatbank.ro\/lexikon\/wp-json\/wp\/v2\/product_brand?post=5983"},{"taxonomy":"product_cat","embeddable":true,"href":"https:\/\/uj.adatbank.ro\/lexikon\/wp-json\/wp\/v2\/product_cat?post=5983"},{"taxonomy":"product_tag","embeddable":true,"href":"https:\/\/uj.adatbank.ro\/lexikon\/wp-json\/wp\/v2\/product_tag?post=5983"}],"curies":[{"name":"wp","href":"https:\/\/api.w.org\/{rel}","templated":true}]}}