{"id":5984,"date":"2025-06-28T17:36:31","date_gmt":"2025-06-28T15:36:31","guid":{"rendered":"https:\/\/uj.adatbank.ro\/lexikon\/termek\/csaky-janos\/"},"modified":"2025-06-28T17:36:31","modified_gmt":"2025-06-28T15:36:31","slug":"csaky-janos","status":"publish","type":"product","link":"https:\/\/uj.adatbank.ro\/lexikon\/termek\/csaky-janos\/","title":{"rendered":"CS\u00c1KY J\u00e1nos"},"content":{"rendered":"<p>1899., \u20201974.: ref. lelk\u00e9sz. \u2013 Feles\u00e9ge. Pap Ir\u00e9n (1899., \u20201974). \u2013 A Kv.-i Ref. Teol\u00f3gi\u00e1n v\u00e9gzett, k\u00e9t \u00e9v alatt \u00f6sszevont vizsg\u00e1kkal (1927), az els\u0151 vil\u00e1gh\u00e1bor\u00fa ut\u00e1ni hazaker\u00fcl\u00e9s ut\u00e1n. A gy\u00fclekrzeti kinevez\u00e9sei sora: Magyarfr\u00e1ta, Kv.-Hidelve, kib\u00e9d, Tordat\u00far, Marosgezse, Mez\u0151szengyel (1937\u2013), Sz\u00e9kkelycs\u00f3ka (1939\u2013); Kisg\u00f6rg\u00e9ny (II. vil\u00e1gh\u00e1bor\u00fa) \u00e9s Cserefalva (1946-nyugd\u00edjaz\u00e1s\u00e1ig). <br \/><strong>Irod.:<\/strong> Cs\u00e1ky<\/br><\/p>\n","protected":false},"excerpt":{"rendered":"<p>1899., \u20201974.: ref. lelk\u00e9sz. \u2013 Feles\u00e9ge. Pap Ir\u00e9n (1899., \u20201974). \u2013 A Kv.-i Ref. Teol\u00f3gi\u00e1n v\u00e9gzett, k\u00e9t \u00e9v alatt \u00f6sszevont vizsg\u00e1kkal (1927), az els\u0151 vil\u00e1gh\u00e1bor\u00fa ut\u00e1ni hazaker\u00fcl\u00e9s ut\u00e1n. A gy\u00fclekrzeti kinevez\u00e9sei sora: Magyarfr\u00e1ta, Kv.-Hidelve, kib\u00e9d, Tordat\u00far, Marosgezse, Mez\u0151szengyel (1937\u2013), Sz\u00e9kkelycs\u00f3ka (1939\u2013); Kisg\u00f6rg\u00e9ny (II. vil\u00e1gh\u00e1bor\u00fa) \u00e9s Cserefalva (1946-nyugd\u00edjaz\u00e1s\u00e1ig). Irod.: Cs\u00e1ky<\/p>\n","protected":false},"featured_media":0,"comment_status":"open","ping_status":"closed","template":"","meta":[],"product_brand":[],"product_cat":[137],"product_tag":[],"class_list":{"0":"post-5984","1":"product","2":"type-product","3":"status-publish","5":"product_cat-maros-megyei-eletrajzi-lexikon","7":"first","8":"instock","9":"shipping-taxable","10":"product-type-simple"},"_links":{"self":[{"href":"https:\/\/uj.adatbank.ro\/lexikon\/wp-json\/wp\/v2\/product\/5984","targetHints":{"allow":["GET"]}}],"collection":[{"href":"https:\/\/uj.adatbank.ro\/lexikon\/wp-json\/wp\/v2\/product"}],"about":[{"href":"https:\/\/uj.adatbank.ro\/lexikon\/wp-json\/wp\/v2\/types\/product"}],"replies":[{"embeddable":true,"href":"https:\/\/uj.adatbank.ro\/lexikon\/wp-json\/wp\/v2\/comments?post=5984"}],"wp:attachment":[{"href":"https:\/\/uj.adatbank.ro\/lexikon\/wp-json\/wp\/v2\/media?parent=5984"}],"wp:term":[{"taxonomy":"product_brand","embeddable":true,"href":"https:\/\/uj.adatbank.ro\/lexikon\/wp-json\/wp\/v2\/product_brand?post=5984"},{"taxonomy":"product_cat","embeddable":true,"href":"https:\/\/uj.adatbank.ro\/lexikon\/wp-json\/wp\/v2\/product_cat?post=5984"},{"taxonomy":"product_tag","embeddable":true,"href":"https:\/\/uj.adatbank.ro\/lexikon\/wp-json\/wp\/v2\/product_tag?post=5984"}],"curies":[{"name":"wp","href":"https:\/\/api.w.org\/{rel}","templated":true}]}}