{"id":5985,"date":"2025-06-28T17:36:35","date_gmt":"2025-06-28T15:36:35","guid":{"rendered":"https:\/\/uj.adatbank.ro\/lexikon\/termek\/csaky-katalin-korosszegi-es-adorjani-grof\/"},"modified":"2025-06-28T17:36:35","modified_gmt":"2025-06-28T15:36:35","slug":"csaky-katalin-korosszegi-es-adorjani-grof","status":"publish","type":"product","link":"https:\/\/uj.adatbank.ro\/lexikon\/termek\/csaky-katalin-korosszegi-es-adorjani-grof\/","title":{"rendered":"CS\u00c1KY Katalin, k\u00f6r\u00f6sszegi \u00e9s adorj\u00e1ni gr\u00f3f"},"content":{"rendered":"<p>1726., \u2020 1794.: f\u00f6ldbirtokos, \u00edr\u00f3n\u0151. &#8211; Cs. Zsigmond (1696\u20131735) kir kamar\u00e1s \u00e9s Haller Kata (\u2020 1752) le\u00e1nya. F\u00e9rje: 1. Bornemisza J\u00e1nos Ferenc t\u00e1bornok (\u20201747), 2. Bethlen Mikl\u00f3s (1720\u20131781) fogarasi f\u0151kapit\u00e1ny, K\u00fck\u00fcll\u0151 vm.-i f\u0151isp\u00e1n, kamar\u00e1s stb., feles\u00e9ge. Gyermekeik: Bornemisza Annam\u00e1ria J\u00f3sika Imr\u00e9n\u00e9 (1743\u20131804); Bethlen Roz\u00e1lia (1754\u20131826) Cs\u00e1ky J\u00e1nosn\u00e9 elv\u00e1lt, majd Wass S\u00e1muel (1754\u20131812) feles\u00e9ge. \u2013 Im\u00e1ds\u00e1gos k\u00f6nyvek szerz\u0151je. Els\u0151 f\u00e9rje hal\u00e1la ut\u00e1n vajdaszentiv\u00e1nyi birtokos volt. M\u00e1sodik f\u00e9rje hal\u00e1la ut\u00e1n f\u0151k\u00e9nt a k\u00fck\u00fcll\u0151v\u00e1ri kast\u00e9lyban v. a v\u00e1ralm\u00e1si k\u00fari\u00e1n \u00e9lt. Egyh\u00e1zt\u00e1mogat\u00f3, f\u00e9rj\u00e9vel Bethlen Mikl\u00f3ssal adom\u00e1nyozta a mv.-i Keresztel\u0151 Szent J\u00e1nos pl\u00e9b\u00e1ni\u00e1nak az Anton Schuchbauer \u00e9s Johannes Nachtigal \u00e1ltal k\u00e9sz\u00edtett nagyon \u00e9rt\u00e9kes sz\u00f3sz\u00e9ket (1757). \u2013 <strong>F. m.:<\/strong> Mennyei igyekezet mely itten az Istenes \u00e9letnek, ez ut\u00e1n az \u00f6r\u00f6kk\u00e9 val\u00f3 boldogs\u00e1gnak meg nyer\u00e9s\u00e9\u00e9rt foganatos im\u00e1ds\u00e1gokkal rakva vagyon (Kv., 1768, 1842); \u00c1jtatoss\u00e1g kalauza. mely a. gyakoroltatni szokott processioknak hasznos elj\u00e1r\u00e1s\u00e1ra vezet. (Kv., 1781); Mennyei oltalom, azaz: olyan k\u00f6nyvecske, mely kalauzolni fogja a j\u00f3 lelket az isteni f\u00e9lelemre \u00e9s az isteni bizodalomra. (Kv., 1788, 1842). <br \/><strong>Irod.:<\/strong> Bics\u00f3k-Orb\u00e1n, Gudenus; Lukinich; M\u00e1rton Judit: A Keresztel\u0151 Szent J\u00e1nos Pl\u00e9b\u00e1nia t\u00f6rt\u00e9nete = A mv.-i Keresztek\u0151 Szent J\u00e1nos Pl\u00e9b\u00e1nia (Mv., \u00e9. n.); M\u00e1rton-Barab\u00e1s; Papp Kl\u00e1ra; Szinnyei<\/br><\/p>\n","protected":false},"excerpt":{"rendered":"<p>1726., \u2020 1794.: f\u00f6ldbirtokos, \u00edr\u00f3n\u0151. &#8211; Cs. Zsigmond (1696\u20131735) kir kamar\u00e1s \u00e9s Haller Kata (\u2020 1752) le\u00e1nya. F\u00e9rje: 1. Bornemisza J\u00e1nos Ferenc t\u00e1bornok (\u20201747), 2. Bethlen Mikl\u00f3s (1720\u20131781) fogarasi f\u0151kapit\u00e1ny, K\u00fck\u00fcll\u0151 vm.-i f\u0151isp\u00e1n, kamar\u00e1s stb., feles\u00e9ge. Gyermekeik: Bornemisza Annam\u00e1ria J\u00f3sika Imr\u00e9n\u00e9 (1743\u20131804); Bethlen Roz\u00e1lia (1754\u20131826) Cs\u00e1ky J\u00e1nosn\u00e9 elv\u00e1lt, majd Wass S\u00e1muel (1754\u20131812) feles\u00e9ge. \u2013 Im\u00e1ds\u00e1gos [&hellip;]<\/p>\n","protected":false},"featured_media":0,"comment_status":"open","ping_status":"closed","template":"","meta":[],"product_brand":[],"product_cat":[137],"product_tag":[],"class_list":{"0":"post-5985","1":"product","2":"type-product","3":"status-publish","5":"product_cat-maros-megyei-eletrajzi-lexikon","7":"first","8":"instock","9":"shipping-taxable","10":"product-type-simple"},"_links":{"self":[{"href":"https:\/\/uj.adatbank.ro\/lexikon\/wp-json\/wp\/v2\/product\/5985","targetHints":{"allow":["GET"]}}],"collection":[{"href":"https:\/\/uj.adatbank.ro\/lexikon\/wp-json\/wp\/v2\/product"}],"about":[{"href":"https:\/\/uj.adatbank.ro\/lexikon\/wp-json\/wp\/v2\/types\/product"}],"replies":[{"embeddable":true,"href":"https:\/\/uj.adatbank.ro\/lexikon\/wp-json\/wp\/v2\/comments?post=5985"}],"wp:attachment":[{"href":"https:\/\/uj.adatbank.ro\/lexikon\/wp-json\/wp\/v2\/media?parent=5985"}],"wp:term":[{"taxonomy":"product_brand","embeddable":true,"href":"https:\/\/uj.adatbank.ro\/lexikon\/wp-json\/wp\/v2\/product_brand?post=5985"},{"taxonomy":"product_cat","embeddable":true,"href":"https:\/\/uj.adatbank.ro\/lexikon\/wp-json\/wp\/v2\/product_cat?post=5985"},{"taxonomy":"product_tag","embeddable":true,"href":"https:\/\/uj.adatbank.ro\/lexikon\/wp-json\/wp\/v2\/product_tag?post=5985"}],"curies":[{"name":"wp","href":"https:\/\/api.w.org\/{rel}","templated":true}]}}