{"id":5988,"date":"2025-06-28T17:36:44","date_gmt":"2025-06-28T15:36:44","guid":{"rendered":"https:\/\/uj.adatbank.ro\/lexikon\/termek\/csaky-mihaly-chyaki-mihaly\/"},"modified":"2025-06-28T17:36:44","modified_gmt":"2025-06-28T15:36:44","slug":"csaky-mihaly-chyaki-mihaly","status":"publish","type":"product","link":"https:\/\/uj.adatbank.ro\/lexikon\/termek\/csaky-mihaly-chyaki-mihaly\/","title":{"rendered":"CS\u00c1KY Mih\u00e1ly, Chy\u00e1ki Mih\u00e1ly"},"content":{"rendered":"<p>1505., \u2020 1572: kancell\u00e1r: \u2013 J\u00e1nos Zsigmond fejedelem nevel\u0151je, majd \u00e1tt\u00e9rt protest\u00e1ns hitre, Erd\u00e9ly kancell\u00e1rja. <br \/><strong>Irod.:<\/strong> Benk\u0151 K.: Mv.; <\/br><\/p>\n","protected":false},"excerpt":{"rendered":"<p>1505., \u2020 1572: kancell\u00e1r: \u2013 J\u00e1nos Zsigmond fejedelem nevel\u0151je, majd \u00e1tt\u00e9rt protest\u00e1ns hitre, Erd\u00e9ly kancell\u00e1rja. Irod.: Benk\u0151 K.: Mv.;<\/p>\n","protected":false},"featured_media":0,"comment_status":"open","ping_status":"closed","template":"","meta":[],"product_brand":[],"product_cat":[137],"product_tag":[],"class_list":{"0":"post-5988","1":"product","2":"type-product","3":"status-publish","5":"product_cat-maros-megyei-eletrajzi-lexikon","7":"first","8":"instock","9":"shipping-taxable","10":"product-type-simple"},"_links":{"self":[{"href":"https:\/\/uj.adatbank.ro\/lexikon\/wp-json\/wp\/v2\/product\/5988","targetHints":{"allow":["GET"]}}],"collection":[{"href":"https:\/\/uj.adatbank.ro\/lexikon\/wp-json\/wp\/v2\/product"}],"about":[{"href":"https:\/\/uj.adatbank.ro\/lexikon\/wp-json\/wp\/v2\/types\/product"}],"replies":[{"embeddable":true,"href":"https:\/\/uj.adatbank.ro\/lexikon\/wp-json\/wp\/v2\/comments?post=5988"}],"wp:attachment":[{"href":"https:\/\/uj.adatbank.ro\/lexikon\/wp-json\/wp\/v2\/media?parent=5988"}],"wp:term":[{"taxonomy":"product_brand","embeddable":true,"href":"https:\/\/uj.adatbank.ro\/lexikon\/wp-json\/wp\/v2\/product_brand?post=5988"},{"taxonomy":"product_cat","embeddable":true,"href":"https:\/\/uj.adatbank.ro\/lexikon\/wp-json\/wp\/v2\/product_cat?post=5988"},{"taxonomy":"product_tag","embeddable":true,"href":"https:\/\/uj.adatbank.ro\/lexikon\/wp-json\/wp\/v2\/product_tag?post=5988"}],"curies":[{"name":"wp","href":"https:\/\/api.w.org\/{rel}","templated":true}]}}