{"id":5989,"date":"2025-06-28T17:36:47","date_gmt":"2025-06-28T15:36:47","guid":{"rendered":"https:\/\/uj.adatbank.ro\/lexikon\/termek\/csaky-zsigmond-korosszegi-es-adorjani-gr\/"},"modified":"2025-06-28T17:36:47","modified_gmt":"2025-06-28T15:36:47","slug":"csaky-zsigmond-korosszegi-es-adorjani-gr","status":"publish","type":"product","link":"https:\/\/uj.adatbank.ro\/lexikon\/termek\/csaky-zsigmond-korosszegi-es-adorjani-gr\/","title":{"rendered":"CS\u00c1KY Zsigmond, k\u0151r\u00f6sszegi \u00e9s adorj\u00e1ni gr."},"content":{"rendered":"<p>1696., \u2020\u00a01735: f\u00f6ldbirtokos, kir. kamar\u00e1s. \u2013 Istv\u00e1n (1669\u20131720) \u00e9s Mikola \u00c1gnes (\u2020 1711) fia. Feles\u00e9ge Haller Kata (1696\u20131752. nov.). \u2013 H. Istv\u00e1n (1658\u20131710) \u00e9s Torma Borb\u00e1la (1670\u20131697) le\u00e1nya; esk. 1715. Gyermekeik: Borb\u00e1la (1719\u20131762) Haller Gy\u00f6rgy (1738\u20131766?) feles\u00e9ge, kapjoni \u00e1g.; Katalin (1726\u201394) \u00edr\u00f3, Bornemisza J\u00e1nos Ferenc, majd Bethlen Mikl\u00f3s feles\u00e9ge. <br \/><strong>Irod.:<\/strong> Bicsok-Orb\u00e1n; Haller Kata asszony\u2026Keresztszegi Cs\u00e1ki Zsigmondn\u00e9 \u2026 hideg tem\u00e9nek a Kolozsv\u00e1ri Jesus T\u00e1rsas\u00e1ga Templom\u00e1ba \u2013val\u00f3 el-takar\u00edt\u00e1s\u00e1nak alkalmatoss\u00e1g\u00e1val Anno 1752. eszt. Mindszentek hav\u00e1nak 20 napj\u00e1n (Kv., s. a.); Harmath-K\u00e1lm\u00e1n; Papp Kl\u00e1ra<\/br><\/p>\n","protected":false},"excerpt":{"rendered":"<p>1696., \u2020\u00a01735: f\u00f6ldbirtokos, kir. kamar\u00e1s. \u2013 Istv\u00e1n (1669\u20131720) \u00e9s Mikola \u00c1gnes (\u2020 1711) fia. Feles\u00e9ge Haller Kata (1696\u20131752. nov.). \u2013 H. Istv\u00e1n (1658\u20131710) \u00e9s Torma Borb\u00e1la (1670\u20131697) le\u00e1nya; esk. 1715. Gyermekeik: Borb\u00e1la (1719\u20131762) Haller Gy\u00f6rgy (1738\u20131766?) feles\u00e9ge, kapjoni \u00e1g.; Katalin (1726\u201394) \u00edr\u00f3, Bornemisza J\u00e1nos Ferenc, majd Bethlen Mikl\u00f3s feles\u00e9ge. Irod.: Bicsok-Orb\u00e1n; Haller Kata asszony\u2026Keresztszegi Cs\u00e1ki [&hellip;]<\/p>\n","protected":false},"featured_media":0,"comment_status":"open","ping_status":"closed","template":"","meta":[],"product_brand":[],"product_cat":[137],"product_tag":[],"class_list":{"0":"post-5989","1":"product","2":"type-product","3":"status-publish","5":"product_cat-maros-megyei-eletrajzi-lexikon","7":"first","8":"instock","9":"shipping-taxable","10":"product-type-simple"},"_links":{"self":[{"href":"https:\/\/uj.adatbank.ro\/lexikon\/wp-json\/wp\/v2\/product\/5989","targetHints":{"allow":["GET"]}}],"collection":[{"href":"https:\/\/uj.adatbank.ro\/lexikon\/wp-json\/wp\/v2\/product"}],"about":[{"href":"https:\/\/uj.adatbank.ro\/lexikon\/wp-json\/wp\/v2\/types\/product"}],"replies":[{"embeddable":true,"href":"https:\/\/uj.adatbank.ro\/lexikon\/wp-json\/wp\/v2\/comments?post=5989"}],"wp:attachment":[{"href":"https:\/\/uj.adatbank.ro\/lexikon\/wp-json\/wp\/v2\/media?parent=5989"}],"wp:term":[{"taxonomy":"product_brand","embeddable":true,"href":"https:\/\/uj.adatbank.ro\/lexikon\/wp-json\/wp\/v2\/product_brand?post=5989"},{"taxonomy":"product_cat","embeddable":true,"href":"https:\/\/uj.adatbank.ro\/lexikon\/wp-json\/wp\/v2\/product_cat?post=5989"},{"taxonomy":"product_tag","embeddable":true,"href":"https:\/\/uj.adatbank.ro\/lexikon\/wp-json\/wp\/v2\/product_tag?post=5989"}],"curies":[{"name":"wp","href":"https:\/\/api.w.org\/{rel}","templated":true}]}}