{"id":5990,"date":"2025-06-28T17:36:49","date_gmt":"2025-06-28T15:36:49","guid":{"rendered":"https:\/\/uj.adatbank.ro\/lexikon\/termek\/csallner-emil\/"},"modified":"2025-06-28T17:36:49","modified_gmt":"2025-06-28T15:36:49","slug":"csallner-emil","status":"publish","type":"product","link":"https:\/\/uj.adatbank.ro\/lexikon\/termek\/csallner-emil\/","title":{"rendered":"CSALLNER Emil"},"content":{"rendered":"<p>Beszterce, 1868. okt. 18., \u2020\u00a0Oberweis, 1947. febr. 9.: ev. lelk\u00e9sz. \u2013 Apja m\u00e9sz\u00e1ros. Beszterc\u00e9n az ev. gimn.-ban \u00e9retts\u00e9gizett, tov\u00e1bb tanult a B\u00e9csi Egy. B\u00f6lcs. Kar\u00e1n (1888\u2013), a Hallei Egy Hittud. \u00e9s B\u00f6lcs. Kar\u00e1n (1888, 1890\u201391), a Berni Egy. Hittud. Kar\u00e1n (1891), Kv.-on is tanult. Mint n\u00e9met-t\u00f6rt\u00e9nelem szakos tan\u00e1rjel\u00f6lt Sopronban tan\u00edtott (1900\u2013); tan\u00e1r Beszterc\u00e9n az ev. gimn.-ban (1893\u201394), tan\u00e1rjel\u00f6lt a pozsonyi Laehne Int\u00e9zetben (1895\u20131900), helyettes tan\u00e1r a k\u0151halmi ev. fels\u0151 n\u00e9piskol\u00e1ban (1900), a besztercei ev. le\u00e1ny n\u00e9piskol\u00e1ban (1900\u20131902) ev. lelk\u00e9sz: Harin\u00e1n (1902), Feh\u00e9regyh\u00e1z\u00e1n (1906\u2013), k\u00e9s\u0151bb Sz\u00e1szt\u00f6rp\u00e9nyben (1912\u201331). Nyugalomba vonul\u00e1sa ut\u00e1n Beszterc\u00e9re k\u00f6lt\u00f6z\u00f6tt majd Ausztri\u00e1ba menek\u00fclt (1944) Cikkei a Kirchlich. Bl\u00e4tter-ben jelentek meg. \u2013 <strong>F. m.:<\/strong> D Gustav Adolf-Verein im N\u00f6snergau (Beszterce, 1911). <br \/><strong>Irod.:<\/strong> Guly\u00e1s; Szab\u00f3\u2013Simon\u2013Sz\u00f6gi<\/br><\/p>\n","protected":false},"excerpt":{"rendered":"<p>Beszterce, 1868. okt. 18., \u2020\u00a0Oberweis, 1947. febr. 9.: ev. lelk\u00e9sz. \u2013 Apja m\u00e9sz\u00e1ros. Beszterc\u00e9n az ev. gimn.-ban \u00e9retts\u00e9gizett, tov\u00e1bb tanult a B\u00e9csi Egy. B\u00f6lcs. Kar\u00e1n (1888\u2013), a Hallei Egy Hittud. \u00e9s B\u00f6lcs. Kar\u00e1n (1888, 1890\u201391), a Berni Egy. Hittud. Kar\u00e1n (1891), Kv.-on is tanult. Mint n\u00e9met-t\u00f6rt\u00e9nelem szakos tan\u00e1rjel\u00f6lt Sopronban tan\u00edtott (1900\u2013); tan\u00e1r Beszterc\u00e9n az ev. [&hellip;]<\/p>\n","protected":false},"featured_media":0,"comment_status":"open","ping_status":"closed","template":"","meta":[],"product_brand":[],"product_cat":[137],"product_tag":[],"class_list":{"0":"post-5990","1":"product","2":"type-product","3":"status-publish","5":"product_cat-maros-megyei-eletrajzi-lexikon","7":"first","8":"instock","9":"shipping-taxable","10":"product-type-simple"},"_links":{"self":[{"href":"https:\/\/uj.adatbank.ro\/lexikon\/wp-json\/wp\/v2\/product\/5990","targetHints":{"allow":["GET"]}}],"collection":[{"href":"https:\/\/uj.adatbank.ro\/lexikon\/wp-json\/wp\/v2\/product"}],"about":[{"href":"https:\/\/uj.adatbank.ro\/lexikon\/wp-json\/wp\/v2\/types\/product"}],"replies":[{"embeddable":true,"href":"https:\/\/uj.adatbank.ro\/lexikon\/wp-json\/wp\/v2\/comments?post=5990"}],"wp:attachment":[{"href":"https:\/\/uj.adatbank.ro\/lexikon\/wp-json\/wp\/v2\/media?parent=5990"}],"wp:term":[{"taxonomy":"product_brand","embeddable":true,"href":"https:\/\/uj.adatbank.ro\/lexikon\/wp-json\/wp\/v2\/product_brand?post=5990"},{"taxonomy":"product_cat","embeddable":true,"href":"https:\/\/uj.adatbank.ro\/lexikon\/wp-json\/wp\/v2\/product_cat?post=5990"},{"taxonomy":"product_tag","embeddable":true,"href":"https:\/\/uj.adatbank.ro\/lexikon\/wp-json\/wp\/v2\/product_tag?post=5990"}],"curies":[{"name":"wp","href":"https:\/\/api.w.org\/{rel}","templated":true}]}}