{"id":5992,"date":"2025-06-28T17:36:51","date_gmt":"2025-06-28T15:36:51","guid":{"rendered":"https:\/\/uj.adatbank.ro\/lexikon\/termek\/csanadi-istvan-erdocsinadi-csinadi-istvan\/"},"modified":"2025-06-28T17:36:51","modified_gmt":"2025-06-28T15:36:51","slug":"csanadi-istvan-erdocsinadi-csinadi-istvan","status":"publish","type":"product","link":"https:\/\/uj.adatbank.ro\/lexikon\/termek\/csanadi-istvan-erdocsinadi-csinadi-istvan\/","title":{"rendered":"CSAN\u00c1DI Istv\u00e1n, erd\u0151csin\u00e1di, Csin\u00e1di Istv\u00e1n"},"content":{"rendered":"<p>1704. k., \u2020 ?: ref. lelk\u00e9sz. \u2013 Mv.-en subscrib\u00e1lt (1723). Szolg\u00e1lt Kolozsnagyid\u00e1n (1733), Abaf\u00e1j\u00e1n (1736\u201337), Vajdaszentiv\u00e1nyon (1738\u201346), Bonyh\u00e1n (1748\u201364), ahol tizenhat \u00e9vi szolg\u00e1lata alatt mindent megpr\u00f3b\u00e1lt a zil\u00e1lt gy\u00fclekezet helyre\u00e1ll\u00edt\u00e1sa \u00e9rdek\u00e9ben, nem sok eredm\u00e9nnyel, onnan K\u00fck\u00fcll\u0151alm\u00e1sra ker\u00fclt (1767\u201378). <br \/><strong>Irod.:<\/strong> Abaf\u00e1ja; Bonyha \u00e9s egyh\u00e1za; K\u00fck\u00fcll\u0151i Ref. Egyh\u00e1zm. 1., 3.; \u0150sz<\/br><\/p>\n","protected":false},"excerpt":{"rendered":"<p>1704. k., \u2020 ?: ref. lelk\u00e9sz. \u2013 Mv.-en subscrib\u00e1lt (1723). Szolg\u00e1lt Kolozsnagyid\u00e1n (1733), Abaf\u00e1j\u00e1n (1736\u201337), Vajdaszentiv\u00e1nyon (1738\u201346), Bonyh\u00e1n (1748\u201364), ahol tizenhat \u00e9vi szolg\u00e1lata alatt mindent megpr\u00f3b\u00e1lt a zil\u00e1lt gy\u00fclekezet helyre\u00e1ll\u00edt\u00e1sa \u00e9rdek\u00e9ben, nem sok eredm\u00e9nnyel, onnan K\u00fck\u00fcll\u0151alm\u00e1sra ker\u00fclt (1767\u201378). Irod.: Abaf\u00e1ja; Bonyha \u00e9s egyh\u00e1za; K\u00fck\u00fcll\u0151i Ref. Egyh\u00e1zm. 1., 3.; \u0150sz<\/p>\n","protected":false},"featured_media":0,"comment_status":"open","ping_status":"closed","template":"","meta":[],"product_brand":[],"product_cat":[137],"product_tag":[],"class_list":{"0":"post-5992","1":"product","2":"type-product","3":"status-publish","5":"product_cat-maros-megyei-eletrajzi-lexikon","7":"first","8":"instock","9":"shipping-taxable","10":"product-type-simple"},"_links":{"self":[{"href":"https:\/\/uj.adatbank.ro\/lexikon\/wp-json\/wp\/v2\/product\/5992","targetHints":{"allow":["GET"]}}],"collection":[{"href":"https:\/\/uj.adatbank.ro\/lexikon\/wp-json\/wp\/v2\/product"}],"about":[{"href":"https:\/\/uj.adatbank.ro\/lexikon\/wp-json\/wp\/v2\/types\/product"}],"replies":[{"embeddable":true,"href":"https:\/\/uj.adatbank.ro\/lexikon\/wp-json\/wp\/v2\/comments?post=5992"}],"wp:attachment":[{"href":"https:\/\/uj.adatbank.ro\/lexikon\/wp-json\/wp\/v2\/media?parent=5992"}],"wp:term":[{"taxonomy":"product_brand","embeddable":true,"href":"https:\/\/uj.adatbank.ro\/lexikon\/wp-json\/wp\/v2\/product_brand?post=5992"},{"taxonomy":"product_cat","embeddable":true,"href":"https:\/\/uj.adatbank.ro\/lexikon\/wp-json\/wp\/v2\/product_cat?post=5992"},{"taxonomy":"product_tag","embeddable":true,"href":"https:\/\/uj.adatbank.ro\/lexikon\/wp-json\/wp\/v2\/product_tag?post=5992"}],"curies":[{"name":"wp","href":"https:\/\/api.w.org\/{rel}","templated":true}]}}