{"id":5994,"date":"2025-06-28T17:36:55","date_gmt":"2025-06-28T15:36:55","guid":{"rendered":"https:\/\/uj.adatbank.ro\/lexikon\/termek\/csanadi-janos-csinadi-janos\/"},"modified":"2025-06-28T17:36:55","modified_gmt":"2025-06-28T15:36:55","slug":"csanadi-janos-csinadi-janos","status":"publish","type":"product","link":"https:\/\/uj.adatbank.ro\/lexikon\/termek\/csanadi-janos-csinadi-janos\/","title":{"rendered":"CSAN\u00c1DI J\u00e1nos, Csin\u00e1di J\u00e1nos"},"content":{"rendered":"<p>? \u2020 ? : ref. lelk\u00e9sz. \u2013 Subscrib\u00e1lt Mv.-en (1674), majd Nagyenyeden (1681). A G\u00f6rg\u00e9nyi Egyh\u00e1zmegy\u00e9ben tev\u00e9kenykedett. (1677\u201322): Szentgeric\u00e9n (1692 el\u0151tt), Marosfelfaluban (1692\u20131704) volt lelk\u00e9sz. <br \/><strong>Irod.:<\/strong> \u0150sz<\/br><\/p>\n","protected":false},"excerpt":{"rendered":"<p>? \u2020 ? : ref. lelk\u00e9sz. \u2013 Subscrib\u00e1lt Mv.-en (1674), majd Nagyenyeden (1681). A G\u00f6rg\u00e9nyi Egyh\u00e1zmegy\u00e9ben tev\u00e9kenykedett. (1677\u201322): Szentgeric\u00e9n (1692 el\u0151tt), Marosfelfaluban (1692\u20131704) volt lelk\u00e9sz. Irod.: \u0150sz<\/p>\n","protected":false},"featured_media":0,"comment_status":"open","ping_status":"closed","template":"","meta":[],"product_brand":[],"product_cat":[137],"product_tag":[],"class_list":{"0":"post-5994","1":"product","2":"type-product","3":"status-publish","5":"product_cat-maros-megyei-eletrajzi-lexikon","7":"first","8":"instock","9":"shipping-taxable","10":"product-type-simple"},"_links":{"self":[{"href":"https:\/\/uj.adatbank.ro\/lexikon\/wp-json\/wp\/v2\/product\/5994","targetHints":{"allow":["GET"]}}],"collection":[{"href":"https:\/\/uj.adatbank.ro\/lexikon\/wp-json\/wp\/v2\/product"}],"about":[{"href":"https:\/\/uj.adatbank.ro\/lexikon\/wp-json\/wp\/v2\/types\/product"}],"replies":[{"embeddable":true,"href":"https:\/\/uj.adatbank.ro\/lexikon\/wp-json\/wp\/v2\/comments?post=5994"}],"wp:attachment":[{"href":"https:\/\/uj.adatbank.ro\/lexikon\/wp-json\/wp\/v2\/media?parent=5994"}],"wp:term":[{"taxonomy":"product_brand","embeddable":true,"href":"https:\/\/uj.adatbank.ro\/lexikon\/wp-json\/wp\/v2\/product_brand?post=5994"},{"taxonomy":"product_cat","embeddable":true,"href":"https:\/\/uj.adatbank.ro\/lexikon\/wp-json\/wp\/v2\/product_cat?post=5994"},{"taxonomy":"product_tag","embeddable":true,"href":"https:\/\/uj.adatbank.ro\/lexikon\/wp-json\/wp\/v2\/product_tag?post=5994"}],"curies":[{"name":"wp","href":"https:\/\/api.w.org\/{rel}","templated":true}]}}