{"id":5998,"date":"2025-06-28T17:37:03","date_gmt":"2025-06-28T15:37:03","guid":{"rendered":"https:\/\/uj.adatbank.ro\/lexikon\/termek\/csanadi-samuel-csinadi-samuel\/"},"modified":"2025-06-28T17:37:03","modified_gmt":"2025-06-28T15:37:03","slug":"csanadi-samuel-csinadi-samuel","status":"publish","type":"product","link":"https:\/\/uj.adatbank.ro\/lexikon\/termek\/csanadi-samuel-csinadi-samuel\/","title":{"rendered":"CSAN\u00c1DI S\u00e1muel, Csin\u00e1di S\u00e1muel"},"content":{"rendered":"<p>? \u2020\u00a0? : tan\u00ed\u00f3. \u2013 Nagyerny\u00e9ben (1716\u201323), Sz\u00e9kelyk\u00e1lban (1724\u201325), Mez\u0151bergeny\u00e9ben (1727\u201345) \u00e9s Erd\u0151csin\u00e1don (1745) volt iskolamester. <br \/><strong>Irod.:<\/strong> B\u00f6l\u00f6ni Domokos: \u00dcnnepre k\u00e9sz\u00fcl az ernyei iskola (N\u00fa., 2001. m\u00e1j 18); Imreh Barna; \u0150sz<\/br><\/p>\n","protected":false},"excerpt":{"rendered":"<p>? \u2020\u00a0? : tan\u00ed\u00f3. \u2013 Nagyerny\u00e9ben (1716\u201323), Sz\u00e9kelyk\u00e1lban (1724\u201325), Mez\u0151bergeny\u00e9ben (1727\u201345) \u00e9s Erd\u0151csin\u00e1don (1745) volt iskolamester. Irod.: B\u00f6l\u00f6ni Domokos: \u00dcnnepre k\u00e9sz\u00fcl az ernyei iskola (N\u00fa., 2001. m\u00e1j 18); Imreh Barna; \u0150sz<\/p>\n","protected":false},"featured_media":0,"comment_status":"open","ping_status":"closed","template":"","meta":[],"product_brand":[],"product_cat":[137],"product_tag":[],"class_list":{"0":"post-5998","1":"product","2":"type-product","3":"status-publish","5":"product_cat-maros-megyei-eletrajzi-lexikon","7":"first","8":"instock","9":"shipping-taxable","10":"product-type-simple"},"_links":{"self":[{"href":"https:\/\/uj.adatbank.ro\/lexikon\/wp-json\/wp\/v2\/product\/5998","targetHints":{"allow":["GET"]}}],"collection":[{"href":"https:\/\/uj.adatbank.ro\/lexikon\/wp-json\/wp\/v2\/product"}],"about":[{"href":"https:\/\/uj.adatbank.ro\/lexikon\/wp-json\/wp\/v2\/types\/product"}],"replies":[{"embeddable":true,"href":"https:\/\/uj.adatbank.ro\/lexikon\/wp-json\/wp\/v2\/comments?post=5998"}],"wp:attachment":[{"href":"https:\/\/uj.adatbank.ro\/lexikon\/wp-json\/wp\/v2\/media?parent=5998"}],"wp:term":[{"taxonomy":"product_brand","embeddable":true,"href":"https:\/\/uj.adatbank.ro\/lexikon\/wp-json\/wp\/v2\/product_brand?post=5998"},{"taxonomy":"product_cat","embeddable":true,"href":"https:\/\/uj.adatbank.ro\/lexikon\/wp-json\/wp\/v2\/product_cat?post=5998"},{"taxonomy":"product_tag","embeddable":true,"href":"https:\/\/uj.adatbank.ro\/lexikon\/wp-json\/wp\/v2\/product_tag?post=5998"}],"curies":[{"name":"wp","href":"https:\/\/api.w.org\/{rel}","templated":true}]}}