{"id":5999,"date":"2025-06-28T17:37:05","date_gmt":"2025-06-28T15:37:05","guid":{"rendered":"https:\/\/uj.adatbank.ro\/lexikon\/termek\/csanyi-balas-balazs-kovesdi\/"},"modified":"2025-06-28T17:37:05","modified_gmt":"2025-06-28T15:37:05","slug":"csanyi-balas-balazs-kovesdi","status":"publish","type":"product","link":"https:\/\/uj.adatbank.ro\/lexikon\/termek\/csanyi-balas-balazs-kovesdi\/","title":{"rendered":"CS\u00c1NYI Bal\u00e1s, Bal\u00e1zs, k\u00f6vesdi"},"content":{"rendered":"<p>? \u2020\u00a0? : birtokos. \u2013 A csal\u00e1d k\u00e9t tagja Cs. Bal\u00e1zs \u00e9s Cs. J\u00e1nos B\u00e1thory Zsigmondt\u00f3l kapott K\u00f6vesden k\u00fari\u00e1t \u00e9s r\u00e9szj\u00f3sz\u00e1got (1585. m\u00e1rc. 9.), a fejedelem neki aj\u00e1nd\u00e9kozta Jedd falut (1588). <br \/><strong>Irod.:<\/strong> Keresztes Gyula: \u00d6r\u00f6ks\u00e9g\u00fcnk 47.: A jeddi k\u00faria (N\u00fa., 1993. dec. 17.); P\u00e1lmay<\/br><\/p>\n","protected":false},"excerpt":{"rendered":"<p>? \u2020\u00a0? : birtokos. \u2013 A csal\u00e1d k\u00e9t tagja Cs. Bal\u00e1zs \u00e9s Cs. J\u00e1nos B\u00e1thory Zsigmondt\u00f3l kapott K\u00f6vesden k\u00fari\u00e1t \u00e9s r\u00e9szj\u00f3sz\u00e1got (1585. m\u00e1rc. 9.), a fejedelem neki aj\u00e1nd\u00e9kozta Jedd falut (1588). Irod.: Keresztes Gyula: \u00d6r\u00f6ks\u00e9g\u00fcnk 47.: A jeddi k\u00faria (N\u00fa., 1993. dec. 17.); P\u00e1lmay<\/p>\n","protected":false},"featured_media":0,"comment_status":"open","ping_status":"closed","template":"","meta":[],"product_brand":[],"product_cat":[137],"product_tag":[],"class_list":{"0":"post-5999","1":"product","2":"type-product","3":"status-publish","5":"product_cat-maros-megyei-eletrajzi-lexikon","7":"first","8":"instock","9":"shipping-taxable","10":"product-type-simple"},"_links":{"self":[{"href":"https:\/\/uj.adatbank.ro\/lexikon\/wp-json\/wp\/v2\/product\/5999","targetHints":{"allow":["GET"]}}],"collection":[{"href":"https:\/\/uj.adatbank.ro\/lexikon\/wp-json\/wp\/v2\/product"}],"about":[{"href":"https:\/\/uj.adatbank.ro\/lexikon\/wp-json\/wp\/v2\/types\/product"}],"replies":[{"embeddable":true,"href":"https:\/\/uj.adatbank.ro\/lexikon\/wp-json\/wp\/v2\/comments?post=5999"}],"wp:attachment":[{"href":"https:\/\/uj.adatbank.ro\/lexikon\/wp-json\/wp\/v2\/media?parent=5999"}],"wp:term":[{"taxonomy":"product_brand","embeddable":true,"href":"https:\/\/uj.adatbank.ro\/lexikon\/wp-json\/wp\/v2\/product_brand?post=5999"},{"taxonomy":"product_cat","embeddable":true,"href":"https:\/\/uj.adatbank.ro\/lexikon\/wp-json\/wp\/v2\/product_cat?post=5999"},{"taxonomy":"product_tag","embeddable":true,"href":"https:\/\/uj.adatbank.ro\/lexikon\/wp-json\/wp\/v2\/product_tag?post=5999"}],"curies":[{"name":"wp","href":"https:\/\/api.w.org\/{rel}","templated":true}]}}