{"id":6006,"date":"2025-06-28T17:37:22","date_gmt":"2025-06-28T15:37:22","guid":{"rendered":"https:\/\/uj.adatbank.ro\/lexikon\/termek\/csanyi-miklos\/"},"modified":"2025-06-28T17:37:22","modified_gmt":"2025-06-28T15:37:22","slug":"csanyi-miklos","status":"publish","type":"product","link":"https:\/\/uj.adatbank.ro\/lexikon\/termek\/csanyi-miklos\/","title":{"rendered":"CS\u00c1NYI Mikl\u00f3s"},"content":{"rendered":"<p>? \u2020\u00a0? : f\u00f6ldbirtokos. \u2013 A S\u00e1sv\u00e1ri birtok volt a tulajdon\u00e1ban (1577 el\u0151tt). B\u00e1thori Istv\u00e1n fejedelem ellen\u00e9ben Bekes G\u00e1sp\u00e1rhoz p\u00e1rtolt \u00e9s a kerel\u0151szentp\u00e1li csata ut\u00e1n (1575) kegyvesztett lett, birtokait elkobozta a gy\u0151ztes fejedelem \u00e9s Balogh Ferencnek adom\u00e1nyozta. Jedden nyert birtokot B\u00e1thory Zsigmondt\u00f3l (1588. j\u00fan. 10.). <br \/><strong>Irod.:<\/strong> P\u00e1l-Antal 2003; P\u00e1l-Antal 2009, P\u00e1lmay<\/br><\/p>\n","protected":false},"excerpt":{"rendered":"<p>? \u2020\u00a0? : f\u00f6ldbirtokos. \u2013 A S\u00e1sv\u00e1ri birtok volt a tulajdon\u00e1ban (1577 el\u0151tt). B\u00e1thori Istv\u00e1n fejedelem ellen\u00e9ben Bekes G\u00e1sp\u00e1rhoz p\u00e1rtolt \u00e9s a kerel\u0151szentp\u00e1li csata ut\u00e1n (1575) kegyvesztett lett, birtokait elkobozta a gy\u0151ztes fejedelem \u00e9s Balogh Ferencnek adom\u00e1nyozta. Jedden nyert birtokot B\u00e1thory Zsigmondt\u00f3l (1588. j\u00fan. 10.). Irod.: P\u00e1l-Antal 2003; P\u00e1l-Antal 2009, P\u00e1lmay<\/p>\n","protected":false},"featured_media":0,"comment_status":"open","ping_status":"closed","template":"","meta":[],"product_brand":[],"product_cat":[137],"product_tag":[],"class_list":{"0":"post-6006","1":"product","2":"type-product","3":"status-publish","5":"product_cat-maros-megyei-eletrajzi-lexikon","7":"first","8":"instock","9":"shipping-taxable","10":"product-type-simple"},"_links":{"self":[{"href":"https:\/\/uj.adatbank.ro\/lexikon\/wp-json\/wp\/v2\/product\/6006","targetHints":{"allow":["GET"]}}],"collection":[{"href":"https:\/\/uj.adatbank.ro\/lexikon\/wp-json\/wp\/v2\/product"}],"about":[{"href":"https:\/\/uj.adatbank.ro\/lexikon\/wp-json\/wp\/v2\/types\/product"}],"replies":[{"embeddable":true,"href":"https:\/\/uj.adatbank.ro\/lexikon\/wp-json\/wp\/v2\/comments?post=6006"}],"wp:attachment":[{"href":"https:\/\/uj.adatbank.ro\/lexikon\/wp-json\/wp\/v2\/media?parent=6006"}],"wp:term":[{"taxonomy":"product_brand","embeddable":true,"href":"https:\/\/uj.adatbank.ro\/lexikon\/wp-json\/wp\/v2\/product_brand?post=6006"},{"taxonomy":"product_cat","embeddable":true,"href":"https:\/\/uj.adatbank.ro\/lexikon\/wp-json\/wp\/v2\/product_cat?post=6006"},{"taxonomy":"product_tag","embeddable":true,"href":"https:\/\/uj.adatbank.ro\/lexikon\/wp-json\/wp\/v2\/product_tag?post=6006"}],"curies":[{"name":"wp","href":"https:\/\/api.w.org\/{rel}","templated":true}]}}