{"id":6007,"date":"2025-06-28T17:37:25","date_gmt":"2025-06-28T15:37:25","guid":{"rendered":"https:\/\/uj.adatbank.ro\/lexikon\/termek\/csapai-ferenc\/"},"modified":"2025-06-28T17:37:25","modified_gmt":"2025-06-28T15:37:25","slug":"csapai-ferenc","status":"publish","type":"product","link":"https:\/\/uj.adatbank.ro\/lexikon\/termek\/csapai-ferenc\/","title":{"rendered":"CSAPAI Ferenc"},"content":{"rendered":"<p>? \u2020\u00a0? : birtokos, f\u0151b\u00edr\u00f3. \u2013 Mv. f\u0151bir\u00e1ja, szem\u00e9ly\u00e9ben hossz\u00fa sz\u00fcnet ut\u00e1n ker\u00fclt a v\u00e1ros \u00e9l\u00e9re katolikus vall\u00e1s\u00fa f\u0151b\u00edr\u00f3 (1731). Bev\u00e1ltotta a hozz\u00e1 f\u0171z\u00f6tt rem\u00e9nyeket, j\u00f3 vezet\u0151 volt, r\u00f6vid id\u0151 alatt tekint\u00e9lyt szerzett mag\u00e1nak \u00e9s h\u00edveinek. F\u0151b\u00edr\u00f3helyettes (1735). <br \/><strong>Irod.:<\/strong> Fodor\u2013Bal\u00e1s; P\u00e1l-Antal 2003; P\u00e1l-Antal 2006; P\u00e1l-Antal 2009; Szentgy\u00f6rgyi<\/br><\/p>\n","protected":false},"excerpt":{"rendered":"<p>? \u2020\u00a0? : birtokos, f\u0151b\u00edr\u00f3. \u2013 Mv. f\u0151bir\u00e1ja, szem\u00e9ly\u00e9ben hossz\u00fa sz\u00fcnet ut\u00e1n ker\u00fclt a v\u00e1ros \u00e9l\u00e9re katolikus vall\u00e1s\u00fa f\u0151b\u00edr\u00f3 (1731). Bev\u00e1ltotta a hozz\u00e1 f\u0171z\u00f6tt rem\u00e9nyeket, j\u00f3 vezet\u0151 volt, r\u00f6vid id\u0151 alatt tekint\u00e9lyt szerzett mag\u00e1nak \u00e9s h\u00edveinek. F\u0151b\u00edr\u00f3helyettes (1735). Irod.: Fodor\u2013Bal\u00e1s; P\u00e1l-Antal 2003; P\u00e1l-Antal 2006; P\u00e1l-Antal 2009; Szentgy\u00f6rgyi<\/p>\n","protected":false},"featured_media":0,"comment_status":"open","ping_status":"closed","template":"","meta":[],"product_brand":[],"product_cat":[137],"product_tag":[],"class_list":{"0":"post-6007","1":"product","2":"type-product","3":"status-publish","5":"product_cat-maros-megyei-eletrajzi-lexikon","7":"first","8":"instock","9":"shipping-taxable","10":"product-type-simple"},"_links":{"self":[{"href":"https:\/\/uj.adatbank.ro\/lexikon\/wp-json\/wp\/v2\/product\/6007","targetHints":{"allow":["GET"]}}],"collection":[{"href":"https:\/\/uj.adatbank.ro\/lexikon\/wp-json\/wp\/v2\/product"}],"about":[{"href":"https:\/\/uj.adatbank.ro\/lexikon\/wp-json\/wp\/v2\/types\/product"}],"replies":[{"embeddable":true,"href":"https:\/\/uj.adatbank.ro\/lexikon\/wp-json\/wp\/v2\/comments?post=6007"}],"wp:attachment":[{"href":"https:\/\/uj.adatbank.ro\/lexikon\/wp-json\/wp\/v2\/media?parent=6007"}],"wp:term":[{"taxonomy":"product_brand","embeddable":true,"href":"https:\/\/uj.adatbank.ro\/lexikon\/wp-json\/wp\/v2\/product_brand?post=6007"},{"taxonomy":"product_cat","embeddable":true,"href":"https:\/\/uj.adatbank.ro\/lexikon\/wp-json\/wp\/v2\/product_cat?post=6007"},{"taxonomy":"product_tag","embeddable":true,"href":"https:\/\/uj.adatbank.ro\/lexikon\/wp-json\/wp\/v2\/product_tag?post=6007"}],"curies":[{"name":"wp","href":"https:\/\/api.w.org\/{rel}","templated":true}]}}