{"id":6008,"date":"2025-06-28T17:37:27","date_gmt":"2025-06-28T15:37:27","guid":{"rendered":"https:\/\/uj.adatbank.ro\/lexikon\/termek\/csapai-istvan\/"},"modified":"2025-06-28T17:37:27","modified_gmt":"2025-06-28T15:37:27","slug":"csapai-istvan","status":"publish","type":"product","link":"https:\/\/uj.adatbank.ro\/lexikon\/termek\/csapai-istvan\/","title":{"rendered":"CSAPAI Istv\u00e1n"},"content":{"rendered":"<p>? \u2020 ? : de\u00e1k, tan\u00edt\u00f3. \u2013 Radn\u00f3ti iskolamester. Mv. v\u00e1ros polg\u00e1rai k\u00f6z\u00e9 bevett\u00e9k (1650). <br \/><strong>Irod.:<\/strong> Id\u0151t\u00e1r 1; P\u00e1l-Antal 2006<\/br><\/p>\n","protected":false},"excerpt":{"rendered":"<p>? \u2020 ? : de\u00e1k, tan\u00edt\u00f3. \u2013 Radn\u00f3ti iskolamester. Mv. v\u00e1ros polg\u00e1rai k\u00f6z\u00e9 bevett\u00e9k (1650). Irod.: Id\u0151t\u00e1r 1; P\u00e1l-Antal 2006<\/p>\n","protected":false},"featured_media":0,"comment_status":"open","ping_status":"closed","template":"","meta":[],"product_brand":[],"product_cat":[137],"product_tag":[],"class_list":{"0":"post-6008","1":"product","2":"type-product","3":"status-publish","5":"product_cat-maros-megyei-eletrajzi-lexikon","7":"first","8":"instock","9":"shipping-taxable","10":"product-type-simple"},"_links":{"self":[{"href":"https:\/\/uj.adatbank.ro\/lexikon\/wp-json\/wp\/v2\/product\/6008","targetHints":{"allow":["GET"]}}],"collection":[{"href":"https:\/\/uj.adatbank.ro\/lexikon\/wp-json\/wp\/v2\/product"}],"about":[{"href":"https:\/\/uj.adatbank.ro\/lexikon\/wp-json\/wp\/v2\/types\/product"}],"replies":[{"embeddable":true,"href":"https:\/\/uj.adatbank.ro\/lexikon\/wp-json\/wp\/v2\/comments?post=6008"}],"wp:attachment":[{"href":"https:\/\/uj.adatbank.ro\/lexikon\/wp-json\/wp\/v2\/media?parent=6008"}],"wp:term":[{"taxonomy":"product_brand","embeddable":true,"href":"https:\/\/uj.adatbank.ro\/lexikon\/wp-json\/wp\/v2\/product_brand?post=6008"},{"taxonomy":"product_cat","embeddable":true,"href":"https:\/\/uj.adatbank.ro\/lexikon\/wp-json\/wp\/v2\/product_cat?post=6008"},{"taxonomy":"product_tag","embeddable":true,"href":"https:\/\/uj.adatbank.ro\/lexikon\/wp-json\/wp\/v2\/product_tag?post=6008"}],"curies":[{"name":"wp","href":"https:\/\/api.w.org\/{rel}","templated":true}]}}