{"id":6011,"date":"2025-06-28T17:37:31","date_gmt":"2025-06-28T15:37:31","guid":{"rendered":"https:\/\/uj.adatbank.ro\/lexikon\/termek\/csarnits-tivadar\/"},"modified":"2025-06-28T17:37:31","modified_gmt":"2025-06-28T15:37:31","slug":"csarnits-tivadar","status":"publish","type":"product","link":"https:\/\/uj.adatbank.ro\/lexikon\/termek\/csarnits-tivadar\/","title":{"rendered":"CSARNITS Tivadar"},"content":{"rendered":"<p>? \u2020\u00a0? : zen\u00e9sz. \u2013 A mv.-i Sz\u00e9kely Sz\u00ednh\u00e1zban dolgozott mint zenei szerkeszt\u0151, zenekarvezet\u0151, korrepetitor, zeneszerz\u0151 (1953\u2013). \u2013 K\u00f6zrem\u0171k\u00f6d\u00f6tt: Franco: Ellopott boldogs\u00e1g; Gorbatov: Ap\u00e1k ifj\u00fas\u00e1ga; J\u00f3 mulat\u00e1st (1953); K\u00f6nny\u0171zene-est (1955); Machiavelli: Mandragora; Abruzov: M\u00e1sodik szerelem. <br \/><strong>Irod.:<\/strong> Horv\u00e1th Bea<\/br><\/p>\n","protected":false},"excerpt":{"rendered":"<p>? \u2020\u00a0? : zen\u00e9sz. \u2013 A mv.-i Sz\u00e9kely Sz\u00ednh\u00e1zban dolgozott mint zenei szerkeszt\u0151, zenekarvezet\u0151, korrepetitor, zeneszerz\u0151 (1953\u2013). \u2013 K\u00f6zrem\u0171k\u00f6d\u00f6tt: Franco: Ellopott boldogs\u00e1g; Gorbatov: Ap\u00e1k ifj\u00fas\u00e1ga; J\u00f3 mulat\u00e1st (1953); K\u00f6nny\u0171zene-est (1955); Machiavelli: Mandragora; Abruzov: M\u00e1sodik szerelem. Irod.: Horv\u00e1th Bea<\/p>\n","protected":false},"featured_media":0,"comment_status":"open","ping_status":"closed","template":"","meta":[],"product_brand":[],"product_cat":[137],"product_tag":[],"class_list":{"0":"post-6011","1":"product","2":"type-product","3":"status-publish","5":"product_cat-maros-megyei-eletrajzi-lexikon","7":"first","8":"instock","9":"shipping-taxable","10":"product-type-simple"},"_links":{"self":[{"href":"https:\/\/uj.adatbank.ro\/lexikon\/wp-json\/wp\/v2\/product\/6011","targetHints":{"allow":["GET"]}}],"collection":[{"href":"https:\/\/uj.adatbank.ro\/lexikon\/wp-json\/wp\/v2\/product"}],"about":[{"href":"https:\/\/uj.adatbank.ro\/lexikon\/wp-json\/wp\/v2\/types\/product"}],"replies":[{"embeddable":true,"href":"https:\/\/uj.adatbank.ro\/lexikon\/wp-json\/wp\/v2\/comments?post=6011"}],"wp:attachment":[{"href":"https:\/\/uj.adatbank.ro\/lexikon\/wp-json\/wp\/v2\/media?parent=6011"}],"wp:term":[{"taxonomy":"product_brand","embeddable":true,"href":"https:\/\/uj.adatbank.ro\/lexikon\/wp-json\/wp\/v2\/product_brand?post=6011"},{"taxonomy":"product_cat","embeddable":true,"href":"https:\/\/uj.adatbank.ro\/lexikon\/wp-json\/wp\/v2\/product_cat?post=6011"},{"taxonomy":"product_tag","embeddable":true,"href":"https:\/\/uj.adatbank.ro\/lexikon\/wp-json\/wp\/v2\/product_tag?post=6011"}],"curies":[{"name":"wp","href":"https:\/\/api.w.org\/{rel}","templated":true}]}}