{"id":6012,"date":"2025-06-28T17:37:33","date_gmt":"2025-06-28T15:37:33","guid":{"rendered":"https:\/\/uj.adatbank.ro\/lexikon\/termek\/csaszar-bela\/"},"modified":"2025-06-28T17:37:33","modified_gmt":"2025-06-28T15:37:33","slug":"csaszar-bela","status":"publish","type":"product","link":"https:\/\/uj.adatbank.ro\/lexikon\/termek\/csaszar-bela\/","title":{"rendered":"CS\u00c1SZ\u00c1R B\u00e9la"},"content":{"rendered":"<p>Bar\u00f3t, 1868., \u2020\u00a0? : \u00fcgyv\u00e9d, t\u00e1blab\u00edr\u00f3. \u2013 Cs. J\u00f3zsef (1830\u20131899) \u00e9s L\u00e1z\u00e1r M\u00e1ria (1838\u20131919) fia. \u2013 \u00dcgyv\u00e9d volt Fogarason, majd k\u00e9s\u0151bb t\u00e1blab\u00edr\u00f3 Mv.-en. A mv.-i Kaszin\u00f3 v\u00e1laszm\u00e1nyi tagja (1919), eln\u00f6ke (1939\u2013). A Katolikus Egyh\u00e1ztan\u00e1cs tagja (1939). <br \/><strong>Irod.:<\/strong> Bi\u00e1s Istv\u00e1n; Id\u0151t\u00e1r 3; Sz\u00e1va; Sz\u00e1va 2012<\/br><\/p>\n","protected":false},"excerpt":{"rendered":"<p>Bar\u00f3t, 1868., \u2020\u00a0? : \u00fcgyv\u00e9d, t\u00e1blab\u00edr\u00f3. \u2013 Cs. J\u00f3zsef (1830\u20131899) \u00e9s L\u00e1z\u00e1r M\u00e1ria (1838\u20131919) fia. \u2013 \u00dcgyv\u00e9d volt Fogarason, majd k\u00e9s\u0151bb t\u00e1blab\u00edr\u00f3 Mv.-en. A mv.-i Kaszin\u00f3 v\u00e1laszm\u00e1nyi tagja (1919), eln\u00f6ke (1939\u2013). A Katolikus Egyh\u00e1ztan\u00e1cs tagja (1939). Irod.: Bi\u00e1s Istv\u00e1n; Id\u0151t\u00e1r 3; Sz\u00e1va; Sz\u00e1va 2012<\/p>\n","protected":false},"featured_media":0,"comment_status":"open","ping_status":"closed","template":"","meta":[],"product_brand":[],"product_cat":[137],"product_tag":[],"class_list":{"0":"post-6012","1":"product","2":"type-product","3":"status-publish","5":"product_cat-maros-megyei-eletrajzi-lexikon","7":"first","8":"instock","9":"shipping-taxable","10":"product-type-simple"},"_links":{"self":[{"href":"https:\/\/uj.adatbank.ro\/lexikon\/wp-json\/wp\/v2\/product\/6012","targetHints":{"allow":["GET"]}}],"collection":[{"href":"https:\/\/uj.adatbank.ro\/lexikon\/wp-json\/wp\/v2\/product"}],"about":[{"href":"https:\/\/uj.adatbank.ro\/lexikon\/wp-json\/wp\/v2\/types\/product"}],"replies":[{"embeddable":true,"href":"https:\/\/uj.adatbank.ro\/lexikon\/wp-json\/wp\/v2\/comments?post=6012"}],"wp:attachment":[{"href":"https:\/\/uj.adatbank.ro\/lexikon\/wp-json\/wp\/v2\/media?parent=6012"}],"wp:term":[{"taxonomy":"product_brand","embeddable":true,"href":"https:\/\/uj.adatbank.ro\/lexikon\/wp-json\/wp\/v2\/product_brand?post=6012"},{"taxonomy":"product_cat","embeddable":true,"href":"https:\/\/uj.adatbank.ro\/lexikon\/wp-json\/wp\/v2\/product_cat?post=6012"},{"taxonomy":"product_tag","embeddable":true,"href":"https:\/\/uj.adatbank.ro\/lexikon\/wp-json\/wp\/v2\/product_tag?post=6012"}],"curies":[{"name":"wp","href":"https:\/\/api.w.org\/{rel}","templated":true}]}}