{"id":6014,"date":"2025-06-28T17:37:39","date_gmt":"2025-06-28T15:37:39","guid":{"rendered":"https:\/\/uj.adatbank.ro\/lexikon\/termek\/csaszar-erno\/"},"modified":"2025-06-28T17:37:39","modified_gmt":"2025-06-28T15:37:39","slug":"csaszar-erno","status":"publish","type":"product","link":"https:\/\/uj.adatbank.ro\/lexikon\/termek\/csaszar-erno\/","title":{"rendered":"CS\u00c1SZ\u00c1R Ern\u0151"},"content":{"rendered":"<p>D\u00e9s, 1895. febr. 18., \u2020 1937. \u00e1pr.: gy\u00f3gyszer\u00e9sz. \u2013 A kv.-i FJTE szerzett gy\u00f3gyszer\u00e9sz oklevelet (1920). A mv.-i Sas gy\u00f3gyszert\u00e1r tulajdonosa (1925\u201328), majd D\u00e9sen, Aradon \u00e9lt. <br \/><strong>Irod.:<\/strong> P\u00e9ter H. M.; P\u00e9ter H. M. 2013<\/br><\/p>\n","protected":false},"excerpt":{"rendered":"<p>D\u00e9s, 1895. febr. 18., \u2020 1937. \u00e1pr.: gy\u00f3gyszer\u00e9sz. \u2013 A kv.-i FJTE szerzett gy\u00f3gyszer\u00e9sz oklevelet (1920). A mv.-i Sas gy\u00f3gyszert\u00e1r tulajdonosa (1925\u201328), majd D\u00e9sen, Aradon \u00e9lt. Irod.: P\u00e9ter H. M.; P\u00e9ter H. M. 2013<\/p>\n","protected":false},"featured_media":0,"comment_status":"open","ping_status":"closed","template":"","meta":[],"product_brand":[],"product_cat":[137],"product_tag":[],"class_list":{"0":"post-6014","1":"product","2":"type-product","3":"status-publish","5":"product_cat-maros-megyei-eletrajzi-lexikon","7":"first","8":"instock","9":"shipping-taxable","10":"product-type-simple"},"_links":{"self":[{"href":"https:\/\/uj.adatbank.ro\/lexikon\/wp-json\/wp\/v2\/product\/6014","targetHints":{"allow":["GET"]}}],"collection":[{"href":"https:\/\/uj.adatbank.ro\/lexikon\/wp-json\/wp\/v2\/product"}],"about":[{"href":"https:\/\/uj.adatbank.ro\/lexikon\/wp-json\/wp\/v2\/types\/product"}],"replies":[{"embeddable":true,"href":"https:\/\/uj.adatbank.ro\/lexikon\/wp-json\/wp\/v2\/comments?post=6014"}],"wp:attachment":[{"href":"https:\/\/uj.adatbank.ro\/lexikon\/wp-json\/wp\/v2\/media?parent=6014"}],"wp:term":[{"taxonomy":"product_brand","embeddable":true,"href":"https:\/\/uj.adatbank.ro\/lexikon\/wp-json\/wp\/v2\/product_brand?post=6014"},{"taxonomy":"product_cat","embeddable":true,"href":"https:\/\/uj.adatbank.ro\/lexikon\/wp-json\/wp\/v2\/product_cat?post=6014"},{"taxonomy":"product_tag","embeddable":true,"href":"https:\/\/uj.adatbank.ro\/lexikon\/wp-json\/wp\/v2\/product_tag?post=6014"}],"curies":[{"name":"wp","href":"https:\/\/api.w.org\/{rel}","templated":true}]}}