{"id":6015,"date":"2025-06-28T17:37:40","date_gmt":"2025-06-28T15:37:40","guid":{"rendered":"https:\/\/uj.adatbank.ro\/lexikon\/termek\/csaszar-karoly\/"},"modified":"2025-06-28T17:37:40","modified_gmt":"2025-06-28T15:37:40","slug":"csaszar-karoly","status":"publish","type":"product","link":"https:\/\/uj.adatbank.ro\/lexikon\/termek\/csaszar-karoly\/","title":{"rendered":"CS\u00c1SZ\u00c1R K\u00e1roly"},"content":{"rendered":"<p>Kv., 1887. \u2020\u00a0Bp., 1968. tan\u00e1r, \u00edr\u00f3, dr. \u2013 KZST tag (1934). A P\u00e1sztort\u0171z szerkeszt\u0151je, \u00edr\u00f3inak els\u0151 szerepl\u00e9s\u00e9n Mv.-en l\u00e9pett fel\u00a0: Erd\u00e9lyis\u00e9g c. tanulm\u00e1ny\u00e1t olvasta fel (1932. nov. 20.). Sz\u00e9kfoglal\u00f3ja: Anyai \u00f6r\u00f6ks\u00e9g (1935. nov. 23.). <br \/><strong>Irod.:<\/strong> Marosi-KZST<\/br><\/p>\n","protected":false},"excerpt":{"rendered":"<p>Kv., 1887. \u2020\u00a0Bp., 1968. tan\u00e1r, \u00edr\u00f3, dr. \u2013 KZST tag (1934). A P\u00e1sztort\u0171z szerkeszt\u0151je, \u00edr\u00f3inak els\u0151 szerepl\u00e9s\u00e9n Mv.-en l\u00e9pett fel\u00a0: Erd\u00e9lyis\u00e9g c. tanulm\u00e1ny\u00e1t olvasta fel (1932. nov. 20.). Sz\u00e9kfoglal\u00f3ja: Anyai \u00f6r\u00f6ks\u00e9g (1935. nov. 23.). Irod.: Marosi-KZST<\/p>\n","protected":false},"featured_media":0,"comment_status":"open","ping_status":"closed","template":"","meta":[],"product_brand":[],"product_cat":[137],"product_tag":[],"class_list":{"0":"post-6015","1":"product","2":"type-product","3":"status-publish","5":"product_cat-maros-megyei-eletrajzi-lexikon","7":"first","8":"instock","9":"shipping-taxable","10":"product-type-simple"},"_links":{"self":[{"href":"https:\/\/uj.adatbank.ro\/lexikon\/wp-json\/wp\/v2\/product\/6015","targetHints":{"allow":["GET"]}}],"collection":[{"href":"https:\/\/uj.adatbank.ro\/lexikon\/wp-json\/wp\/v2\/product"}],"about":[{"href":"https:\/\/uj.adatbank.ro\/lexikon\/wp-json\/wp\/v2\/types\/product"}],"replies":[{"embeddable":true,"href":"https:\/\/uj.adatbank.ro\/lexikon\/wp-json\/wp\/v2\/comments?post=6015"}],"wp:attachment":[{"href":"https:\/\/uj.adatbank.ro\/lexikon\/wp-json\/wp\/v2\/media?parent=6015"}],"wp:term":[{"taxonomy":"product_brand","embeddable":true,"href":"https:\/\/uj.adatbank.ro\/lexikon\/wp-json\/wp\/v2\/product_brand?post=6015"},{"taxonomy":"product_cat","embeddable":true,"href":"https:\/\/uj.adatbank.ro\/lexikon\/wp-json\/wp\/v2\/product_cat?post=6015"},{"taxonomy":"product_tag","embeddable":true,"href":"https:\/\/uj.adatbank.ro\/lexikon\/wp-json\/wp\/v2\/product_tag?post=6015"}],"curies":[{"name":"wp","href":"https:\/\/api.w.org\/{rel}","templated":true}]}}