{"id":6016,"date":"2025-06-28T17:37:42","date_gmt":"2025-06-28T15:37:42","guid":{"rendered":"https:\/\/uj.adatbank.ro\/lexikon\/termek\/csaszar-vilmos\/"},"modified":"2025-06-28T17:37:42","modified_gmt":"2025-06-28T15:37:42","slug":"csaszar-vilmos","status":"publish","type":"product","link":"https:\/\/uj.adatbank.ro\/lexikon\/termek\/csaszar-vilmos\/","title":{"rendered":"CS\u00c1SZ\u00c1R Vilmos"},"content":{"rendered":"<p>1916. \u2020\u00a0? : keresked\u0151, aleln\u00f6k. \u2013 A securitate jelent\u00e9s\u00e9b\u0151l ismert, hogy kispolg\u00e1ri sz\u00e1rmaz\u00e1s\u00fa, a m. hadsereg tisztje volt, a M. Meg\u00faj\u00fal\u00e1s P\u00e1rt tagja, antidemokratikus megnyilv\u00e1nul\u00e1sokkal. Nagy keresked\u0151i m\u00faltal rendelkezett, k\u00e9t h\u00e1z tulajdonosa Kv.-on \u00e9s Maros\u00fajv\u00e1ron. A marosludasi Sz\u00f6vetkezetek Sz\u00f6vets\u00e9ge (Uniunea Cooperativelor) aleln\u00f6ke (1950\u201351 k.). <br \/><strong>Irod.:<\/strong> Bartos 2012<\/br><\/p>\n","protected":false},"excerpt":{"rendered":"<p>1916. \u2020\u00a0? : keresked\u0151, aleln\u00f6k. \u2013 A securitate jelent\u00e9s\u00e9b\u0151l ismert, hogy kispolg\u00e1ri sz\u00e1rmaz\u00e1s\u00fa, a m. hadsereg tisztje volt, a M. Meg\u00faj\u00fal\u00e1s P\u00e1rt tagja, antidemokratikus megnyilv\u00e1nul\u00e1sokkal. Nagy keresked\u0151i m\u00faltal rendelkezett, k\u00e9t h\u00e1z tulajdonosa Kv.-on \u00e9s Maros\u00fajv\u00e1ron. A marosludasi Sz\u00f6vetkezetek Sz\u00f6vets\u00e9ge (Uniunea Cooperativelor) aleln\u00f6ke (1950\u201351 k.). Irod.: Bartos 2012<\/p>\n","protected":false},"featured_media":0,"comment_status":"open","ping_status":"closed","template":"","meta":[],"product_brand":[],"product_cat":[137],"product_tag":[],"class_list":{"0":"post-6016","1":"product","2":"type-product","3":"status-publish","5":"product_cat-maros-megyei-eletrajzi-lexikon","7":"first","8":"instock","9":"shipping-taxable","10":"product-type-simple"},"_links":{"self":[{"href":"https:\/\/uj.adatbank.ro\/lexikon\/wp-json\/wp\/v2\/product\/6016","targetHints":{"allow":["GET"]}}],"collection":[{"href":"https:\/\/uj.adatbank.ro\/lexikon\/wp-json\/wp\/v2\/product"}],"about":[{"href":"https:\/\/uj.adatbank.ro\/lexikon\/wp-json\/wp\/v2\/types\/product"}],"replies":[{"embeddable":true,"href":"https:\/\/uj.adatbank.ro\/lexikon\/wp-json\/wp\/v2\/comments?post=6016"}],"wp:attachment":[{"href":"https:\/\/uj.adatbank.ro\/lexikon\/wp-json\/wp\/v2\/media?parent=6016"}],"wp:term":[{"taxonomy":"product_brand","embeddable":true,"href":"https:\/\/uj.adatbank.ro\/lexikon\/wp-json\/wp\/v2\/product_brand?post=6016"},{"taxonomy":"product_cat","embeddable":true,"href":"https:\/\/uj.adatbank.ro\/lexikon\/wp-json\/wp\/v2\/product_cat?post=6016"},{"taxonomy":"product_tag","embeddable":true,"href":"https:\/\/uj.adatbank.ro\/lexikon\/wp-json\/wp\/v2\/product_tag?post=6016"}],"curies":[{"name":"wp","href":"https:\/\/api.w.org\/{rel}","templated":true}]}}