{"id":6017,"date":"2025-06-28T17:37:44","date_gmt":"2025-06-28T15:37:44","guid":{"rendered":"https:\/\/uj.adatbank.ro\/lexikon\/termek\/csaszy-jozsef\/"},"modified":"2025-06-28T17:37:44","modified_gmt":"2025-06-28T15:37:44","slug":"csaszy-jozsef","status":"publish","type":"product","link":"https:\/\/uj.adatbank.ro\/lexikon\/termek\/csaszy-jozsef\/","title":{"rendered":"CS\u00c1SZY J\u00f3zsef"},"content":{"rendered":"<p>V\u00e1gkoh\u00e1ny, 1890. jan. 17., \u2020 Szovjet\u00fani\u00f3, 1947.: ezredes. \u2013 A mv.-i 27. sz\u00e9kely honv\u00e9d gyalogezredhez vez\u00e9nyelt\u00e9k (1940. nov. 15.), majd ezredparancsnoknak nevezt\u00e9k ki (1940. dec. 1. &#8211; 42. okt. 1.). Szovjet hadifogs\u00e1gba esett (1945. febr. 17. \u2013) \u00e9s nyoma veszett. <br \/><strong>Irod.:<\/strong> Berekm\u00e9ri: mv.-i 27. hadoszt\u00e1ly<\/br><\/p>\n","protected":false},"excerpt":{"rendered":"<p>V\u00e1gkoh\u00e1ny, 1890. jan. 17., \u2020 Szovjet\u00fani\u00f3, 1947.: ezredes. \u2013 A mv.-i 27. sz\u00e9kely honv\u00e9d gyalogezredhez vez\u00e9nyelt\u00e9k (1940. nov. 15.), majd ezredparancsnoknak nevezt\u00e9k ki (1940. dec. 1. &#8211; 42. okt. 1.). Szovjet hadifogs\u00e1gba esett (1945. febr. 17. \u2013) \u00e9s nyoma veszett. Irod.: Berekm\u00e9ri: mv.-i 27. hadoszt\u00e1ly<\/p>\n","protected":false},"featured_media":0,"comment_status":"open","ping_status":"closed","template":"","meta":[],"product_brand":[],"product_cat":[137],"product_tag":[],"class_list":{"0":"post-6017","1":"product","2":"type-product","3":"status-publish","5":"product_cat-maros-megyei-eletrajzi-lexikon","7":"first","8":"instock","9":"shipping-taxable","10":"product-type-simple"},"_links":{"self":[{"href":"https:\/\/uj.adatbank.ro\/lexikon\/wp-json\/wp\/v2\/product\/6017","targetHints":{"allow":["GET"]}}],"collection":[{"href":"https:\/\/uj.adatbank.ro\/lexikon\/wp-json\/wp\/v2\/product"}],"about":[{"href":"https:\/\/uj.adatbank.ro\/lexikon\/wp-json\/wp\/v2\/types\/product"}],"replies":[{"embeddable":true,"href":"https:\/\/uj.adatbank.ro\/lexikon\/wp-json\/wp\/v2\/comments?post=6017"}],"wp:attachment":[{"href":"https:\/\/uj.adatbank.ro\/lexikon\/wp-json\/wp\/v2\/media?parent=6017"}],"wp:term":[{"taxonomy":"product_brand","embeddable":true,"href":"https:\/\/uj.adatbank.ro\/lexikon\/wp-json\/wp\/v2\/product_brand?post=6017"},{"taxonomy":"product_cat","embeddable":true,"href":"https:\/\/uj.adatbank.ro\/lexikon\/wp-json\/wp\/v2\/product_cat?post=6017"},{"taxonomy":"product_tag","embeddable":true,"href":"https:\/\/uj.adatbank.ro\/lexikon\/wp-json\/wp\/v2\/product_tag?post=6017"}],"curies":[{"name":"wp","href":"https:\/\/api.w.org\/{rel}","templated":true}]}}