{"id":6018,"date":"2025-06-28T17:37:47","date_gmt":"2025-06-28T15:37:47","guid":{"rendered":"https:\/\/uj.adatbank.ro\/lexikon\/termek\/csath-istvan-id-%c2%a7\/"},"modified":"2025-06-28T17:37:47","modified_gmt":"2025-06-28T15:37:47","slug":"csath-istvan-id-%c2%a7","status":"publish","type":"product","link":"https:\/\/uj.adatbank.ro\/lexikon\/termek\/csath-istvan-id-%c2%a7\/","title":{"rendered":"CSATH Istv\u00e1n, id., \u00a7"},"content":{"rendered":"<p>Mv., 1857., \u2020\u00a0?: cip\u00e9sz, ipartest\u00fcleti eln\u00f6k. &#8211; Mesters\u00e9ge elsaj\u00e1t\u00edt\u00e1sa ut\u00e1n Mv.-en cip\u00e9sz 40 \u00e9ven \u00e1t. A Mv.-i Cip\u00e9sz Egyes\u00fclet eln\u00f6ke (1926), a M. Iparos Egyes\u00fclet \u00e9s a R. K. Leg\u00e9nyegylet akt\u00edv r\u00e9sztvev\u0151je volt. A mv.-i iparki\u00e1ll\u00edt\u00e1son (1889) dics\u00e9r\u0151 oklevelet kapott; a debreceni Orsz\u00e1gos Cip\u00e9szipari \u00e9s Munkag\u00e9p Szakki\u00e1ll\u00edt\u00e1son bir\u00e1l\u00f3bizotts\u00e1gi tag volt \u00e9s elismer\u0151 oklevelet nyert (1903). <br \/><strong>Irod.:<\/strong> Ki kicsoda\u00a0?<\/br><\/p>\n","protected":false},"excerpt":{"rendered":"<p>Mv., 1857., \u2020\u00a0?: cip\u00e9sz, ipartest\u00fcleti eln\u00f6k. &#8211; Mesters\u00e9ge elsaj\u00e1t\u00edt\u00e1sa ut\u00e1n Mv.-en cip\u00e9sz 40 \u00e9ven \u00e1t. A Mv.-i Cip\u00e9sz Egyes\u00fclet eln\u00f6ke (1926), a M. Iparos Egyes\u00fclet \u00e9s a R. K. Leg\u00e9nyegylet akt\u00edv r\u00e9sztvev\u0151je volt. A mv.-i iparki\u00e1ll\u00edt\u00e1son (1889) dics\u00e9r\u0151 oklevelet kapott; a debreceni Orsz\u00e1gos Cip\u00e9szipari \u00e9s Munkag\u00e9p Szakki\u00e1ll\u00edt\u00e1son bir\u00e1l\u00f3bizotts\u00e1gi tag volt \u00e9s elismer\u0151 oklevelet nyert (1903). [&hellip;]<\/p>\n","protected":false},"featured_media":0,"comment_status":"open","ping_status":"closed","template":"","meta":[],"product_brand":[],"product_cat":[137],"product_tag":[],"class_list":{"0":"post-6018","1":"product","2":"type-product","3":"status-publish","5":"product_cat-maros-megyei-eletrajzi-lexikon","7":"first","8":"instock","9":"shipping-taxable","10":"product-type-simple"},"_links":{"self":[{"href":"https:\/\/uj.adatbank.ro\/lexikon\/wp-json\/wp\/v2\/product\/6018","targetHints":{"allow":["GET"]}}],"collection":[{"href":"https:\/\/uj.adatbank.ro\/lexikon\/wp-json\/wp\/v2\/product"}],"about":[{"href":"https:\/\/uj.adatbank.ro\/lexikon\/wp-json\/wp\/v2\/types\/product"}],"replies":[{"embeddable":true,"href":"https:\/\/uj.adatbank.ro\/lexikon\/wp-json\/wp\/v2\/comments?post=6018"}],"wp:attachment":[{"href":"https:\/\/uj.adatbank.ro\/lexikon\/wp-json\/wp\/v2\/media?parent=6018"}],"wp:term":[{"taxonomy":"product_brand","embeddable":true,"href":"https:\/\/uj.adatbank.ro\/lexikon\/wp-json\/wp\/v2\/product_brand?post=6018"},{"taxonomy":"product_cat","embeddable":true,"href":"https:\/\/uj.adatbank.ro\/lexikon\/wp-json\/wp\/v2\/product_cat?post=6018"},{"taxonomy":"product_tag","embeddable":true,"href":"https:\/\/uj.adatbank.ro\/lexikon\/wp-json\/wp\/v2\/product_tag?post=6018"}],"curies":[{"name":"wp","href":"https:\/\/api.w.org\/{rel}","templated":true}]}}