{"id":6020,"date":"2025-06-28T17:37:50","date_gmt":"2025-06-28T15:37:50","guid":{"rendered":"https:\/\/uj.adatbank.ro\/lexikon\/termek\/csath-pal-kozmatelki\/"},"modified":"2025-06-28T17:37:50","modified_gmt":"2025-06-28T15:37:50","slug":"csath-pal-kozmatelki","status":"publish","type":"product","link":"https:\/\/uj.adatbank.ro\/lexikon\/termek\/csath-pal-kozmatelki\/","title":{"rendered":"CSATH P\u00e1l, kozmatelki"},"content":{"rendered":"<p>1805.?, \u2020 Mv., 1862. jan. 23. Mez\u0151szak\u00e1li s\u00edrkertbe temett\u00e9k: birtokos. \u2013 Gyermekei: Endre; \u00c1rp\u00e1d; Ilona P\u00e1sztohi G\u00e1born\u00e9. \u2013 Mez\u0151szak\u00e1li birtokos, Torda megyei hivatalnok. <br \/><strong>Irod.:<\/strong> Gy\u00e1szjelent\u0151<\/br><\/p>\n","protected":false},"excerpt":{"rendered":"<p>1805.?, \u2020 Mv., 1862. jan. 23. Mez\u0151szak\u00e1li s\u00edrkertbe temett\u00e9k: birtokos. \u2013 Gyermekei: Endre; \u00c1rp\u00e1d; Ilona P\u00e1sztohi G\u00e1born\u00e9. \u2013 Mez\u0151szak\u00e1li birtokos, Torda megyei hivatalnok. Irod.: Gy\u00e1szjelent\u0151<\/p>\n","protected":false},"featured_media":0,"comment_status":"open","ping_status":"closed","template":"","meta":[],"product_brand":[],"product_cat":[137],"product_tag":[],"class_list":{"0":"post-6020","1":"product","2":"type-product","3":"status-publish","5":"product_cat-maros-megyei-eletrajzi-lexikon","7":"first","8":"instock","9":"shipping-taxable","10":"product-type-simple"},"_links":{"self":[{"href":"https:\/\/uj.adatbank.ro\/lexikon\/wp-json\/wp\/v2\/product\/6020","targetHints":{"allow":["GET"]}}],"collection":[{"href":"https:\/\/uj.adatbank.ro\/lexikon\/wp-json\/wp\/v2\/product"}],"about":[{"href":"https:\/\/uj.adatbank.ro\/lexikon\/wp-json\/wp\/v2\/types\/product"}],"replies":[{"embeddable":true,"href":"https:\/\/uj.adatbank.ro\/lexikon\/wp-json\/wp\/v2\/comments?post=6020"}],"wp:attachment":[{"href":"https:\/\/uj.adatbank.ro\/lexikon\/wp-json\/wp\/v2\/media?parent=6020"}],"wp:term":[{"taxonomy":"product_brand","embeddable":true,"href":"https:\/\/uj.adatbank.ro\/lexikon\/wp-json\/wp\/v2\/product_brand?post=6020"},{"taxonomy":"product_cat","embeddable":true,"href":"https:\/\/uj.adatbank.ro\/lexikon\/wp-json\/wp\/v2\/product_cat?post=6020"},{"taxonomy":"product_tag","embeddable":true,"href":"https:\/\/uj.adatbank.ro\/lexikon\/wp-json\/wp\/v2\/product_tag?post=6020"}],"curies":[{"name":"wp","href":"https:\/\/api.w.org\/{rel}","templated":true}]}}