{"id":6021,"date":"2025-06-28T17:37:51","date_gmt":"2025-06-28T15:37:51","guid":{"rendered":"https:\/\/uj.adatbank.ro\/lexikon\/termek\/csatho-ferenc\/"},"modified":"2025-06-28T17:37:51","modified_gmt":"2025-06-28T15:37:51","slug":"csatho-ferenc","status":"publish","type":"product","link":"https:\/\/uj.adatbank.ro\/lexikon\/termek\/csatho-ferenc\/","title":{"rendered":"CSATH\u00d3 Ferenc"},"content":{"rendered":"<p>? \u2020\u00a0? : kir. t\u00e1blai eln\u00f6k. \u2013 Mv.-en a Kir. T\u00e1bla eln\u00f6ke (1896\u201399). A Mv.-i Kaszin\u00f3 eln\u00f6ke (1896\u201399). A Szegedi Kir \u00cdt\u00e9l\u0151t\u00e1bl\u00e1hoz helyezt\u00e9k (1899). <br \/><strong>Irod.:<\/strong> Bi\u00e1s Istv\u00e1n; Id\u0151t\u00e1r 2; Szentgy\u00f6rgyi<\/br><\/p>\n","protected":false},"excerpt":{"rendered":"<p>? \u2020\u00a0? : kir. t\u00e1blai eln\u00f6k. \u2013 Mv.-en a Kir. T\u00e1bla eln\u00f6ke (1896\u201399). A Mv.-i Kaszin\u00f3 eln\u00f6ke (1896\u201399). A Szegedi Kir \u00cdt\u00e9l\u0151t\u00e1bl\u00e1hoz helyezt\u00e9k (1899). Irod.: Bi\u00e1s Istv\u00e1n; Id\u0151t\u00e1r 2; Szentgy\u00f6rgyi<\/p>\n","protected":false},"featured_media":0,"comment_status":"open","ping_status":"closed","template":"","meta":[],"product_brand":[],"product_cat":[137],"product_tag":[],"class_list":{"0":"post-6021","1":"product","2":"type-product","3":"status-publish","5":"product_cat-maros-megyei-eletrajzi-lexikon","7":"first","8":"instock","9":"shipping-taxable","10":"product-type-simple"},"_links":{"self":[{"href":"https:\/\/uj.adatbank.ro\/lexikon\/wp-json\/wp\/v2\/product\/6021","targetHints":{"allow":["GET"]}}],"collection":[{"href":"https:\/\/uj.adatbank.ro\/lexikon\/wp-json\/wp\/v2\/product"}],"about":[{"href":"https:\/\/uj.adatbank.ro\/lexikon\/wp-json\/wp\/v2\/types\/product"}],"replies":[{"embeddable":true,"href":"https:\/\/uj.adatbank.ro\/lexikon\/wp-json\/wp\/v2\/comments?post=6021"}],"wp:attachment":[{"href":"https:\/\/uj.adatbank.ro\/lexikon\/wp-json\/wp\/v2\/media?parent=6021"}],"wp:term":[{"taxonomy":"product_brand","embeddable":true,"href":"https:\/\/uj.adatbank.ro\/lexikon\/wp-json\/wp\/v2\/product_brand?post=6021"},{"taxonomy":"product_cat","embeddable":true,"href":"https:\/\/uj.adatbank.ro\/lexikon\/wp-json\/wp\/v2\/product_cat?post=6021"},{"taxonomy":"product_tag","embeddable":true,"href":"https:\/\/uj.adatbank.ro\/lexikon\/wp-json\/wp\/v2\/product_tag?post=6021"}],"curies":[{"name":"wp","href":"https:\/\/api.w.org\/{rel}","templated":true}]}}