{"id":6025,"date":"2025-06-28T17:37:59","date_gmt":"2025-06-28T15:37:59","guid":{"rendered":"https:\/\/uj.adatbank.ro\/lexikon\/termek\/csatlos-ferenc-2\/"},"modified":"2026-02-17T16:25:07","modified_gmt":"2026-02-17T15:25:07","slug":"csatlos-ferenc-2","status":"publish","type":"product","link":"https:\/\/uj.adatbank.ro\/lexikon\/termek\/csatlos-ferenc-2\/","title":{"rendered":"CSATL\u00d3S Ferenc"},"content":{"rendered":"<p>S\u00e1romberke, 1929. aug. 6., \u2020 S\u00e1romberke, 2004. okt. 1.: gazd\u00e1lkod\u00f3. \u2013 A s\u00e1romberki kollektiviz\u00e1l\u00e1s-ellenes csoport tagjak\u00e9nt letart\u00f3ztatt\u00e1k (1959. szept. 8.) \u00e9s 11 \u00e9vre \u00edt\u00e9lt\u00e9k. A d\u00e9vai b\u00f6rt\u00f6nb\u0151l szabadult (1962. j\u00fal.). Hazat\u00e9r\u00e9se ut\u00e1n a Gaz-Metan v\u00e1llalatn\u00e1l dolgozott (\u20131994).<br \/>\n<strong>Irod.:<\/strong> 1956 Erd\u00e9lyben<\/p>\n","protected":false},"excerpt":{"rendered":"<p>S\u00e1romberke, 1929. aug. 6., \u2020 S\u00e1romberke, 2004. okt. 1.: gazd\u00e1lkod\u00f3. \u2013 A s\u00e1romberki kollektiviz\u00e1l\u00e1s-ellenes csoport tagjak\u00e9nt letart\u00f3ztatt\u00e1k (1959. szept. 8.) \u00e9s 11 \u00e9vre \u00edt\u00e9lt\u00e9k. A d\u00e9vai b\u00f6rt\u00f6nb\u0151l szabadult (1962. j\u00fal.). Hazat\u00e9r\u00e9se ut\u00e1n a Gaz-Metan v\u00e1llalatn\u00e1l dolgozott (\u20131994). Irod.: 1956 Erd\u00e9lyben<\/p>\n","protected":false},"featured_media":0,"comment_status":"open","ping_status":"closed","template":"","meta":[],"product_brand":[],"product_cat":[137],"product_tag":[],"class_list":{"0":"post-6025","1":"product","2":"type-product","3":"status-publish","5":"product_cat-maros-megyei-eletrajzi-lexikon","7":"first","8":"instock","9":"shipping-taxable","10":"product-type-simple"},"_links":{"self":[{"href":"https:\/\/uj.adatbank.ro\/lexikon\/wp-json\/wp\/v2\/product\/6025","targetHints":{"allow":["GET"]}}],"collection":[{"href":"https:\/\/uj.adatbank.ro\/lexikon\/wp-json\/wp\/v2\/product"}],"about":[{"href":"https:\/\/uj.adatbank.ro\/lexikon\/wp-json\/wp\/v2\/types\/product"}],"replies":[{"embeddable":true,"href":"https:\/\/uj.adatbank.ro\/lexikon\/wp-json\/wp\/v2\/comments?post=6025"}],"wp:attachment":[{"href":"https:\/\/uj.adatbank.ro\/lexikon\/wp-json\/wp\/v2\/media?parent=6025"}],"wp:term":[{"taxonomy":"product_brand","embeddable":true,"href":"https:\/\/uj.adatbank.ro\/lexikon\/wp-json\/wp\/v2\/product_brand?post=6025"},{"taxonomy":"product_cat","embeddable":true,"href":"https:\/\/uj.adatbank.ro\/lexikon\/wp-json\/wp\/v2\/product_cat?post=6025"},{"taxonomy":"product_tag","embeddable":true,"href":"https:\/\/uj.adatbank.ro\/lexikon\/wp-json\/wp\/v2\/product_tag?post=6025"}],"curies":[{"name":"wp","href":"https:\/\/api.w.org\/{rel}","templated":true}]}}