{"id":6028,"date":"2025-06-28T17:38:04","date_gmt":"2025-06-28T15:38:04","guid":{"rendered":"https:\/\/uj.adatbank.ro\/lexikon\/termek\/csatlos-mihaly\/"},"modified":"2025-06-28T17:38:04","modified_gmt":"2025-06-28T15:38:04","slug":"csatlos-mihaly","status":"publish","type":"product","link":"https:\/\/uj.adatbank.ro\/lexikon\/termek\/csatlos-mihaly\/","title":{"rendered":"CSATL\u00d3S Mih\u00e1ly"},"content":{"rendered":"<p>Sz\u00e9kelyvaja, 1889., \u2020\u00a0? : gazd\u00e1lkod\u00f3. \u2013 \u00c9desapja utmutat\u00e1sa mellett a csal\u00e1di f\u00f6ld megmunk\u00e1l\u00e1s\u00e1t tanulta majd \u00f6n\u00e1ll\u00f3 gazda lett. Gabon\u00e1t \u00e9s tengerit termesztett, \u00e1llatokat tartott. Az els\u0151 v. h.-ban a 12. cs. \u00e9s k. t\u0171z\u00e9rezredben az orosz \u00e9s a rom\u00e1n fronton harcolt, a bronz vit. \u00e9rem \u00e9s a K\u00e1roly Csapatkereszt kit\u00fcntetettje. A Gazdak\u00f6rben vezet\u0151s\u00e9gi tag volt. D\u00e9k\u00e1ni K\u00e1lm\u00e1n tan\u00edtv\u00e1nya volt \u00e9s r\u00f6vid ideig alkalmazt\u00e1k seg\u00e9dk\u00f6nyvt\u00e1rosnak D\u00e9k\u00e1ni mell\u00e9 a Ref. Koll. K\u00f6nyvt\u00e1r\u00e1ban (1921\u201322). <br \/><strong>Irod.:<\/strong> Sebesty\u00e9n; Sz\u00e9kelyf\u00f6ld \u00ed. k<\/br><\/p>\n","protected":false},"excerpt":{"rendered":"<p>Sz\u00e9kelyvaja, 1889., \u2020\u00a0? : gazd\u00e1lkod\u00f3. \u2013 \u00c9desapja utmutat\u00e1sa mellett a csal\u00e1di f\u00f6ld megmunk\u00e1l\u00e1s\u00e1t tanulta majd \u00f6n\u00e1ll\u00f3 gazda lett. Gabon\u00e1t \u00e9s tengerit termesztett, \u00e1llatokat tartott. Az els\u0151 v. h.-ban a 12. cs. \u00e9s k. t\u0171z\u00e9rezredben az orosz \u00e9s a rom\u00e1n fronton harcolt, a bronz vit. \u00e9rem \u00e9s a K\u00e1roly Csapatkereszt kit\u00fcntetettje. A Gazdak\u00f6rben vezet\u0151s\u00e9gi tag volt. [&hellip;]<\/p>\n","protected":false},"featured_media":0,"comment_status":"open","ping_status":"closed","template":"","meta":[],"product_brand":[],"product_cat":[137],"product_tag":[],"class_list":{"0":"post-6028","1":"product","2":"type-product","3":"status-publish","5":"product_cat-maros-megyei-eletrajzi-lexikon","7":"first","8":"instock","9":"shipping-taxable","10":"product-type-simple"},"_links":{"self":[{"href":"https:\/\/uj.adatbank.ro\/lexikon\/wp-json\/wp\/v2\/product\/6028","targetHints":{"allow":["GET"]}}],"collection":[{"href":"https:\/\/uj.adatbank.ro\/lexikon\/wp-json\/wp\/v2\/product"}],"about":[{"href":"https:\/\/uj.adatbank.ro\/lexikon\/wp-json\/wp\/v2\/types\/product"}],"replies":[{"embeddable":true,"href":"https:\/\/uj.adatbank.ro\/lexikon\/wp-json\/wp\/v2\/comments?post=6028"}],"wp:attachment":[{"href":"https:\/\/uj.adatbank.ro\/lexikon\/wp-json\/wp\/v2\/media?parent=6028"}],"wp:term":[{"taxonomy":"product_brand","embeddable":true,"href":"https:\/\/uj.adatbank.ro\/lexikon\/wp-json\/wp\/v2\/product_brand?post=6028"},{"taxonomy":"product_cat","embeddable":true,"href":"https:\/\/uj.adatbank.ro\/lexikon\/wp-json\/wp\/v2\/product_cat?post=6028"},{"taxonomy":"product_tag","embeddable":true,"href":"https:\/\/uj.adatbank.ro\/lexikon\/wp-json\/wp\/v2\/product_tag?post=6028"}],"curies":[{"name":"wp","href":"https:\/\/api.w.org\/{rel}","templated":true}]}}