{"id":6030,"date":"2025-06-28T17:38:09","date_gmt":"2025-06-28T15:38:09","guid":{"rendered":"https:\/\/uj.adatbank.ro\/lexikon\/termek\/csato-damian-ferenc-r-p\/"},"modified":"2025-06-28T17:38:09","modified_gmt":"2025-06-28T15:38:09","slug":"csato-damian-ferenc-r-p","status":"publish","type":"product","link":"https:\/\/uj.adatbank.ro\/lexikon\/termek\/csato-damian-ferenc-r-p\/","title":{"rendered":"CSAT\u00d3 Damian Ferenc, R. P."},"content":{"rendered":"<p>Cs\u00edkszentimre, 1720., \u2020\u00a0Mv., 1775. nov. 13. A mv.-i ferences bar\u00e1tok egykori temploma alatt l\u00e9v\u0151 kript\u00e1ban nyugszik: szerzetes. Ferencrendi szerzetes, be\u00f6lt\u00f6z\u00f6tt (1741. okt. 1.), felszentelt\u00e9k (1744. nov. 22.). <br \/><strong>Irod.:<\/strong> Gy\u00f6rgy: A ferencrendiek; Pantheon<\/br><\/p>\n","protected":false},"excerpt":{"rendered":"<p>Cs\u00edkszentimre, 1720., \u2020\u00a0Mv., 1775. nov. 13. A mv.-i ferences bar\u00e1tok egykori temploma alatt l\u00e9v\u0151 kript\u00e1ban nyugszik: szerzetes. Ferencrendi szerzetes, be\u00f6lt\u00f6z\u00f6tt (1741. okt. 1.), felszentelt\u00e9k (1744. nov. 22.). Irod.: Gy\u00f6rgy: A ferencrendiek; Pantheon<\/p>\n","protected":false},"featured_media":0,"comment_status":"open","ping_status":"closed","template":"","meta":[],"product_brand":[],"product_cat":[137],"product_tag":[],"class_list":{"0":"post-6030","1":"product","2":"type-product","3":"status-publish","5":"product_cat-maros-megyei-eletrajzi-lexikon","7":"first","8":"instock","9":"shipping-taxable","10":"product-type-simple"},"_links":{"self":[{"href":"https:\/\/uj.adatbank.ro\/lexikon\/wp-json\/wp\/v2\/product\/6030","targetHints":{"allow":["GET"]}}],"collection":[{"href":"https:\/\/uj.adatbank.ro\/lexikon\/wp-json\/wp\/v2\/product"}],"about":[{"href":"https:\/\/uj.adatbank.ro\/lexikon\/wp-json\/wp\/v2\/types\/product"}],"replies":[{"embeddable":true,"href":"https:\/\/uj.adatbank.ro\/lexikon\/wp-json\/wp\/v2\/comments?post=6030"}],"wp:attachment":[{"href":"https:\/\/uj.adatbank.ro\/lexikon\/wp-json\/wp\/v2\/media?parent=6030"}],"wp:term":[{"taxonomy":"product_brand","embeddable":true,"href":"https:\/\/uj.adatbank.ro\/lexikon\/wp-json\/wp\/v2\/product_brand?post=6030"},{"taxonomy":"product_cat","embeddable":true,"href":"https:\/\/uj.adatbank.ro\/lexikon\/wp-json\/wp\/v2\/product_cat?post=6030"},{"taxonomy":"product_tag","embeddable":true,"href":"https:\/\/uj.adatbank.ro\/lexikon\/wp-json\/wp\/v2\/product_tag?post=6030"}],"curies":[{"name":"wp","href":"https:\/\/api.w.org\/{rel}","templated":true}]}}