{"id":6033,"date":"2025-06-28T17:38:13","date_gmt":"2025-06-28T15:38:13","guid":{"rendered":"https:\/\/uj.adatbank.ro\/lexikon\/termek\/csato-gyula-csatho-gyula\/"},"modified":"2025-06-28T17:38:13","modified_gmt":"2025-06-28T15:38:13","slug":"csato-gyula-csatho-gyula","status":"publish","type":"product","link":"https:\/\/uj.adatbank.ro\/lexikon\/termek\/csato-gyula-csatho-gyula\/","title":{"rendered":"CSAT\u00d3 Gyula, Csath\u00f3 Gyula"},"content":{"rendered":"<p>1922., \u2020\u00a0Mv., 1992. jan. 19.: orvos. \u2013 Az orvosi egyetemet Kv.-on v\u00e9gezte, de az egyetem Mv.-re k\u00f6lt\u00f6z\u00f6tt \u00e9s itt doktor\u00e1lt az els\u0151 v\u00e9gzettek k\u00f6z\u00f6tt. MOGYI-n tan\u00e1rseg\u00e9d, adjunktus a Sz\u00f6vettani Katedr\u00e1n (1946\u201360); a mv.-i Klinikai K\u00f3rh\u00e1zak Patol\u00f3giai r\u00e9szeleg\u00e9n (1965\u201382), majd a sz\u00e1szr\u00e9geni k\u00f3rh\u00e1zban (1965\u20131992) dolgozott. \u2013 <strong>F. m.:<\/strong> <strong>t\u00e1rssz.:<\/strong> Sz\u00f6vettani gyakorlatok. Mikroszk\u00f3piz\u00e1l\u00e1s, mikrotechnika, a sejtek vizsg\u00e1lata (Mv., 1956). <br \/><strong>Irod.:<\/strong> Barab\u00e1s-P\u00e9ter M.\u2013P\u00e9ter H. M.; Kiss\u2013P\u00e9terffy\u2013P\u00e9terffy; 20; [Nekrol\u00f3g] (N\u00fa., 1992. jan. 17.); Todea\u2013F\u00fcl\u00f6p\u2013Avram<\/br><\/p>\n","protected":false},"excerpt":{"rendered":"<p>1922., \u2020\u00a0Mv., 1992. jan. 19.: orvos. \u2013 Az orvosi egyetemet Kv.-on v\u00e9gezte, de az egyetem Mv.-re k\u00f6lt\u00f6z\u00f6tt \u00e9s itt doktor\u00e1lt az els\u0151 v\u00e9gzettek k\u00f6z\u00f6tt. MOGYI-n tan\u00e1rseg\u00e9d, adjunktus a Sz\u00f6vettani Katedr\u00e1n (1946\u201360); a mv.-i Klinikai K\u00f3rh\u00e1zak Patol\u00f3giai r\u00e9szeleg\u00e9n (1965\u201382), majd a sz\u00e1szr\u00e9geni k\u00f3rh\u00e1zban (1965\u20131992) dolgozott. \u2013 F. m.: t\u00e1rssz.: Sz\u00f6vettani gyakorlatok. Mikroszk\u00f3piz\u00e1l\u00e1s, mikrotechnika, a sejtek vizsg\u00e1lata [&hellip;]<\/p>\n","protected":false},"featured_media":0,"comment_status":"open","ping_status":"closed","template":"","meta":[],"product_brand":[],"product_cat":[137],"product_tag":[],"class_list":{"0":"post-6033","1":"product","2":"type-product","3":"status-publish","5":"product_cat-maros-megyei-eletrajzi-lexikon","7":"first","8":"instock","9":"shipping-taxable","10":"product-type-simple"},"_links":{"self":[{"href":"https:\/\/uj.adatbank.ro\/lexikon\/wp-json\/wp\/v2\/product\/6033","targetHints":{"allow":["GET"]}}],"collection":[{"href":"https:\/\/uj.adatbank.ro\/lexikon\/wp-json\/wp\/v2\/product"}],"about":[{"href":"https:\/\/uj.adatbank.ro\/lexikon\/wp-json\/wp\/v2\/types\/product"}],"replies":[{"embeddable":true,"href":"https:\/\/uj.adatbank.ro\/lexikon\/wp-json\/wp\/v2\/comments?post=6033"}],"wp:attachment":[{"href":"https:\/\/uj.adatbank.ro\/lexikon\/wp-json\/wp\/v2\/media?parent=6033"}],"wp:term":[{"taxonomy":"product_brand","embeddable":true,"href":"https:\/\/uj.adatbank.ro\/lexikon\/wp-json\/wp\/v2\/product_brand?post=6033"},{"taxonomy":"product_cat","embeddable":true,"href":"https:\/\/uj.adatbank.ro\/lexikon\/wp-json\/wp\/v2\/product_cat?post=6033"},{"taxonomy":"product_tag","embeddable":true,"href":"https:\/\/uj.adatbank.ro\/lexikon\/wp-json\/wp\/v2\/product_tag?post=6033"}],"curies":[{"name":"wp","href":"https:\/\/api.w.org\/{rel}","templated":true}]}}