{"id":6035,"date":"2025-06-28T17:38:17","date_gmt":"2025-06-28T15:38:17","guid":{"rendered":"https:\/\/uj.adatbank.ro\/lexikon\/termek\/csato-jozsef\/"},"modified":"2025-06-28T17:38:17","modified_gmt":"2025-06-28T15:38:17","slug":"csato-jozsef","status":"publish","type":"product","link":"https:\/\/uj.adatbank.ro\/lexikon\/termek\/csato-jozsef\/","title":{"rendered":"CSAT\u00d3 J\u00f3zsef"},"content":{"rendered":"<p>Csat\u00f3szeg, 1818. m\u00e1rc. 14., \u2020\u00a0Cs\u00edkszentimre, 1870. j\u00fan. 23.: r. k. pap. \u2013 Papp\u00e1 szentelt\u00e9k (1841. aug. 8.). Mv.-en tan\u00e1r \u00e9s p\u00fcsp\u00f6khelyettes titk\u00e1r (1848). Pl\u00e9b\u00e1nos Bar\u00f3ton (1849), Nagyk\u00e1szonban (1854), Cs\u00edkszentgy\u00f6rgy\u00f6n (1854), Sz\u00e9kelyudvarhelyen (1858). Alcs\u00edki \u00e9s k\u00e1szoni esperes (1854\u201359), tb. kanonok \u00e9s p\u00e1pai prel\u00e1tus (1868\u201370). <br \/><strong>Irod.:<\/strong> Ferenczi S\u00e1ndor 2009; Maros megyei m. t\u00f6rt. 5.<\/br><\/p>\n","protected":false},"excerpt":{"rendered":"<p>Csat\u00f3szeg, 1818. m\u00e1rc. 14., \u2020\u00a0Cs\u00edkszentimre, 1870. j\u00fan. 23.: r. k. pap. \u2013 Papp\u00e1 szentelt\u00e9k (1841. aug. 8.). Mv.-en tan\u00e1r \u00e9s p\u00fcsp\u00f6khelyettes titk\u00e1r (1848). Pl\u00e9b\u00e1nos Bar\u00f3ton (1849), Nagyk\u00e1szonban (1854), Cs\u00edkszentgy\u00f6rgy\u00f6n (1854), Sz\u00e9kelyudvarhelyen (1858). Alcs\u00edki \u00e9s k\u00e1szoni esperes (1854\u201359), tb. kanonok \u00e9s p\u00e1pai prel\u00e1tus (1868\u201370). Irod.: Ferenczi S\u00e1ndor 2009; Maros megyei m. t\u00f6rt. 5.<\/p>\n","protected":false},"featured_media":0,"comment_status":"open","ping_status":"closed","template":"","meta":[],"product_brand":[],"product_cat":[137],"product_tag":[],"class_list":{"0":"post-6035","1":"product","2":"type-product","3":"status-publish","5":"product_cat-maros-megyei-eletrajzi-lexikon","7":"first","8":"instock","9":"shipping-taxable","10":"product-type-simple"},"_links":{"self":[{"href":"https:\/\/uj.adatbank.ro\/lexikon\/wp-json\/wp\/v2\/product\/6035","targetHints":{"allow":["GET"]}}],"collection":[{"href":"https:\/\/uj.adatbank.ro\/lexikon\/wp-json\/wp\/v2\/product"}],"about":[{"href":"https:\/\/uj.adatbank.ro\/lexikon\/wp-json\/wp\/v2\/types\/product"}],"replies":[{"embeddable":true,"href":"https:\/\/uj.adatbank.ro\/lexikon\/wp-json\/wp\/v2\/comments?post=6035"}],"wp:attachment":[{"href":"https:\/\/uj.adatbank.ro\/lexikon\/wp-json\/wp\/v2\/media?parent=6035"}],"wp:term":[{"taxonomy":"product_brand","embeddable":true,"href":"https:\/\/uj.adatbank.ro\/lexikon\/wp-json\/wp\/v2\/product_brand?post=6035"},{"taxonomy":"product_cat","embeddable":true,"href":"https:\/\/uj.adatbank.ro\/lexikon\/wp-json\/wp\/v2\/product_cat?post=6035"},{"taxonomy":"product_tag","embeddable":true,"href":"https:\/\/uj.adatbank.ro\/lexikon\/wp-json\/wp\/v2\/product_tag?post=6035"}],"curies":[{"name":"wp","href":"https:\/\/api.w.org\/{rel}","templated":true}]}}