{"id":6037,"date":"2025-06-28T17:38:21","date_gmt":"2025-06-28T15:38:21","guid":{"rendered":"https:\/\/uj.adatbank.ro\/lexikon\/termek\/csavar-margit\/"},"modified":"2025-06-28T17:38:21","modified_gmt":"2025-06-28T15:38:21","slug":"csavar-margit","status":"publish","type":"product","link":"https:\/\/uj.adatbank.ro\/lexikon\/termek\/csavar-margit\/","title":{"rendered":"CSAVAR Margit"},"content":{"rendered":"<p>Mv., 1936. j\u00fal. 8., \u2020\u00a0Mv., 1988. okt.: gy\u00f3gyszer\u00e9sz. \u2013 K\u00f6z\u00e9piskolai \u00e9s gy\u00f3gyszer\u00e9sz egyetemi tanulm\u00e1nyait Mv.-en v\u00e9gezte (1958). Nagyv\u00e1radon dolgozott r\u00f6vid ideig, de visszat\u00e9rt Mv.-re, ahol az 1. sz., majd 3. sz. gy\u00f3gyszert\u00e1rban dolgozott korai hal\u00e1l\u00e1ig. <br \/><strong>Irod.:<\/strong> P\u00e9ter H. M.; P\u00e9ter H. M. 2013<\/br><\/p>\n","protected":false},"excerpt":{"rendered":"<p>Mv., 1936. j\u00fal. 8., \u2020\u00a0Mv., 1988. okt.: gy\u00f3gyszer\u00e9sz. \u2013 K\u00f6z\u00e9piskolai \u00e9s gy\u00f3gyszer\u00e9sz egyetemi tanulm\u00e1nyait Mv.-en v\u00e9gezte (1958). Nagyv\u00e1radon dolgozott r\u00f6vid ideig, de visszat\u00e9rt Mv.-re, ahol az 1. sz., majd 3. sz. gy\u00f3gyszert\u00e1rban dolgozott korai hal\u00e1l\u00e1ig. Irod.: P\u00e9ter H. M.; P\u00e9ter H. M. 2013<\/p>\n","protected":false},"featured_media":0,"comment_status":"open","ping_status":"closed","template":"","meta":[],"product_brand":[],"product_cat":[137],"product_tag":[],"class_list":{"0":"post-6037","1":"product","2":"type-product","3":"status-publish","5":"product_cat-maros-megyei-eletrajzi-lexikon","7":"first","8":"instock","9":"shipping-taxable","10":"product-type-simple"},"_links":{"self":[{"href":"https:\/\/uj.adatbank.ro\/lexikon\/wp-json\/wp\/v2\/product\/6037","targetHints":{"allow":["GET"]}}],"collection":[{"href":"https:\/\/uj.adatbank.ro\/lexikon\/wp-json\/wp\/v2\/product"}],"about":[{"href":"https:\/\/uj.adatbank.ro\/lexikon\/wp-json\/wp\/v2\/types\/product"}],"replies":[{"embeddable":true,"href":"https:\/\/uj.adatbank.ro\/lexikon\/wp-json\/wp\/v2\/comments?post=6037"}],"wp:attachment":[{"href":"https:\/\/uj.adatbank.ro\/lexikon\/wp-json\/wp\/v2\/media?parent=6037"}],"wp:term":[{"taxonomy":"product_brand","embeddable":true,"href":"https:\/\/uj.adatbank.ro\/lexikon\/wp-json\/wp\/v2\/product_brand?post=6037"},{"taxonomy":"product_cat","embeddable":true,"href":"https:\/\/uj.adatbank.ro\/lexikon\/wp-json\/wp\/v2\/product_cat?post=6037"},{"taxonomy":"product_tag","embeddable":true,"href":"https:\/\/uj.adatbank.ro\/lexikon\/wp-json\/wp\/v2\/product_tag?post=6037"}],"curies":[{"name":"wp","href":"https:\/\/api.w.org\/{rel}","templated":true}]}}