{"id":6038,"date":"2025-06-28T17:38:23","date_gmt":"2025-06-28T15:38:23","guid":{"rendered":"https:\/\/uj.adatbank.ro\/lexikon\/termek\/csavasi-daniel\/"},"modified":"2025-06-28T17:38:23","modified_gmt":"2025-06-28T15:38:23","slug":"csavasi-daniel","status":"publish","type":"product","link":"https:\/\/uj.adatbank.ro\/lexikon\/termek\/csavasi-daniel\/","title":{"rendered":"CS\u00c1V\u00c1SI D\u00e1niel"},"content":{"rendered":"<p>? \u2020\u00a0? : ref. lelk\u00e9sz. \u2013 Kv.-on subscrib\u00e1lt (1740). Lelk\u00e9szk\u00e9nt szolg\u00e1lt B\u00faz\u00e1sbeseny\u0151n (1757\u201361), K\u00fck\u00fcll\u0151sz\u00e9plakon (1763\u201364), Mikefalv\u00e1n (1764\u201368), G\u00f3g\u00e1nban (1770\u201386) \u00e9s Ebesfalv\u00e1n (1787\u20131803). <br \/><strong>Irod.:<\/strong> K\u00fck\u00fcll\u0151i Ref. Egyh\u00e1zm. 1., 2., 3., 4.<\/br><\/p>\n","protected":false},"excerpt":{"rendered":"<p>? \u2020\u00a0? : ref. lelk\u00e9sz. \u2013 Kv.-on subscrib\u00e1lt (1740). Lelk\u00e9szk\u00e9nt szolg\u00e1lt B\u00faz\u00e1sbeseny\u0151n (1757\u201361), K\u00fck\u00fcll\u0151sz\u00e9plakon (1763\u201364), Mikefalv\u00e1n (1764\u201368), G\u00f3g\u00e1nban (1770\u201386) \u00e9s Ebesfalv\u00e1n (1787\u20131803). Irod.: K\u00fck\u00fcll\u0151i Ref. Egyh\u00e1zm. 1., 2., 3., 4.<\/p>\n","protected":false},"featured_media":0,"comment_status":"open","ping_status":"closed","template":"","meta":[],"product_brand":[],"product_cat":[137],"product_tag":[],"class_list":{"0":"post-6038","1":"product","2":"type-product","3":"status-publish","5":"product_cat-maros-megyei-eletrajzi-lexikon","7":"first","8":"instock","9":"shipping-taxable","10":"product-type-simple"},"_links":{"self":[{"href":"https:\/\/uj.adatbank.ro\/lexikon\/wp-json\/wp\/v2\/product\/6038","targetHints":{"allow":["GET"]}}],"collection":[{"href":"https:\/\/uj.adatbank.ro\/lexikon\/wp-json\/wp\/v2\/product"}],"about":[{"href":"https:\/\/uj.adatbank.ro\/lexikon\/wp-json\/wp\/v2\/types\/product"}],"replies":[{"embeddable":true,"href":"https:\/\/uj.adatbank.ro\/lexikon\/wp-json\/wp\/v2\/comments?post=6038"}],"wp:attachment":[{"href":"https:\/\/uj.adatbank.ro\/lexikon\/wp-json\/wp\/v2\/media?parent=6038"}],"wp:term":[{"taxonomy":"product_brand","embeddable":true,"href":"https:\/\/uj.adatbank.ro\/lexikon\/wp-json\/wp\/v2\/product_brand?post=6038"},{"taxonomy":"product_cat","embeddable":true,"href":"https:\/\/uj.adatbank.ro\/lexikon\/wp-json\/wp\/v2\/product_cat?post=6038"},{"taxonomy":"product_tag","embeddable":true,"href":"https:\/\/uj.adatbank.ro\/lexikon\/wp-json\/wp\/v2\/product_tag?post=6038"}],"curies":[{"name":"wp","href":"https:\/\/api.w.org\/{rel}","templated":true}]}}