{"id":6039,"date":"2025-06-28T17:38:24","date_gmt":"2025-06-28T15:38:24","guid":{"rendered":"https:\/\/uj.adatbank.ro\/lexikon\/termek\/csavasi-elek\/"},"modified":"2025-06-28T17:38:24","modified_gmt":"2025-06-28T15:38:24","slug":"csavasi-elek","status":"publish","type":"product","link":"https:\/\/uj.adatbank.ro\/lexikon\/termek\/csavasi-elek\/","title":{"rendered":"CS\u00c1V\u00c1SI Elek"},"content":{"rendered":"<p>1794.? \u2020\u00a0Mv., 1846. m\u00e1rc. 5.: t\u00e1blab\u00edr\u00f3. \u2013 Feles\u00e9ge: Tolnai M\u00e1ria. Gyermekeik: J\u00f3zsef, Nina, Josefa, Gyula. \u2013 Hunyad megyei t\u00e1blab\u00edr\u00f3 28 \u00e9vig. <br \/><strong>Irod.:<\/strong> Gy\u00e1szjelent\u0151<\/br><\/p>\n","protected":false},"excerpt":{"rendered":"<p>1794.? \u2020\u00a0Mv., 1846. m\u00e1rc. 5.: t\u00e1blab\u00edr\u00f3. \u2013 Feles\u00e9ge: Tolnai M\u00e1ria. Gyermekeik: J\u00f3zsef, Nina, Josefa, Gyula. \u2013 Hunyad megyei t\u00e1blab\u00edr\u00f3 28 \u00e9vig. Irod.: Gy\u00e1szjelent\u0151<\/p>\n","protected":false},"featured_media":0,"comment_status":"open","ping_status":"closed","template":"","meta":[],"product_brand":[],"product_cat":[137],"product_tag":[],"class_list":{"0":"post-6039","1":"product","2":"type-product","3":"status-publish","5":"product_cat-maros-megyei-eletrajzi-lexikon","7":"first","8":"instock","9":"shipping-taxable","10":"product-type-simple"},"_links":{"self":[{"href":"https:\/\/uj.adatbank.ro\/lexikon\/wp-json\/wp\/v2\/product\/6039","targetHints":{"allow":["GET"]}}],"collection":[{"href":"https:\/\/uj.adatbank.ro\/lexikon\/wp-json\/wp\/v2\/product"}],"about":[{"href":"https:\/\/uj.adatbank.ro\/lexikon\/wp-json\/wp\/v2\/types\/product"}],"replies":[{"embeddable":true,"href":"https:\/\/uj.adatbank.ro\/lexikon\/wp-json\/wp\/v2\/comments?post=6039"}],"wp:attachment":[{"href":"https:\/\/uj.adatbank.ro\/lexikon\/wp-json\/wp\/v2\/media?parent=6039"}],"wp:term":[{"taxonomy":"product_brand","embeddable":true,"href":"https:\/\/uj.adatbank.ro\/lexikon\/wp-json\/wp\/v2\/product_brand?post=6039"},{"taxonomy":"product_cat","embeddable":true,"href":"https:\/\/uj.adatbank.ro\/lexikon\/wp-json\/wp\/v2\/product_cat?post=6039"},{"taxonomy":"product_tag","embeddable":true,"href":"https:\/\/uj.adatbank.ro\/lexikon\/wp-json\/wp\/v2\/product_tag?post=6039"}],"curies":[{"name":"wp","href":"https:\/\/api.w.org\/{rel}","templated":true}]}}