{"id":6040,"date":"2025-06-28T17:38:26","date_gmt":"2025-06-28T15:38:26","guid":{"rendered":"https:\/\/uj.adatbank.ro\/lexikon\/termek\/csavasi-istvan\/"},"modified":"2025-06-28T17:38:26","modified_gmt":"2025-06-28T15:38:26","slug":"csavasi-istvan","status":"publish","type":"product","link":"https:\/\/uj.adatbank.ro\/lexikon\/termek\/csavasi-istvan\/","title":{"rendered":"CS\u00c1V\u00c1SI Istv\u00e1n"},"content":{"rendered":"<p>? \u2020 ? : tan\u00edt\u00f3, ref. lelk\u00e9sz. \u2013 Tan\u00edtott Magyarkir\u00e1lyfalv\u00e1n (1640\u201342) \u00e9s Marosbog\u00e1ton (1643). Nagymedv\u00e9sen lelk\u00e9sz (1657, 1669\u201378). <br \/><strong>Irod.:<\/strong> K\u00fck\u00fcll\u0151i Ref. Egyh\u00e1zm. 3., 4.<\/br><\/p>\n","protected":false},"excerpt":{"rendered":"<p>? \u2020 ? : tan\u00edt\u00f3, ref. lelk\u00e9sz. \u2013 Tan\u00edtott Magyarkir\u00e1lyfalv\u00e1n (1640\u201342) \u00e9s Marosbog\u00e1ton (1643). Nagymedv\u00e9sen lelk\u00e9sz (1657, 1669\u201378). Irod.: K\u00fck\u00fcll\u0151i Ref. Egyh\u00e1zm. 3., 4.<\/p>\n","protected":false},"featured_media":0,"comment_status":"open","ping_status":"closed","template":"","meta":[],"product_brand":[],"product_cat":[137],"product_tag":[],"class_list":{"0":"post-6040","1":"product","2":"type-product","3":"status-publish","5":"product_cat-maros-megyei-eletrajzi-lexikon","7":"first","8":"instock","9":"shipping-taxable","10":"product-type-simple"},"_links":{"self":[{"href":"https:\/\/uj.adatbank.ro\/lexikon\/wp-json\/wp\/v2\/product\/6040","targetHints":{"allow":["GET"]}}],"collection":[{"href":"https:\/\/uj.adatbank.ro\/lexikon\/wp-json\/wp\/v2\/product"}],"about":[{"href":"https:\/\/uj.adatbank.ro\/lexikon\/wp-json\/wp\/v2\/types\/product"}],"replies":[{"embeddable":true,"href":"https:\/\/uj.adatbank.ro\/lexikon\/wp-json\/wp\/v2\/comments?post=6040"}],"wp:attachment":[{"href":"https:\/\/uj.adatbank.ro\/lexikon\/wp-json\/wp\/v2\/media?parent=6040"}],"wp:term":[{"taxonomy":"product_brand","embeddable":true,"href":"https:\/\/uj.adatbank.ro\/lexikon\/wp-json\/wp\/v2\/product_brand?post=6040"},{"taxonomy":"product_cat","embeddable":true,"href":"https:\/\/uj.adatbank.ro\/lexikon\/wp-json\/wp\/v2\/product_cat?post=6040"},{"taxonomy":"product_tag","embeddable":true,"href":"https:\/\/uj.adatbank.ro\/lexikon\/wp-json\/wp\/v2\/product_tag?post=6040"}],"curies":[{"name":"wp","href":"https:\/\/api.w.org\/{rel}","templated":true}]}}