{"id":6041,"date":"2025-06-28T17:38:28","date_gmt":"2025-06-28T15:38:28","guid":{"rendered":"https:\/\/uj.adatbank.ro\/lexikon\/termek\/csavasi-istvan-2\/"},"modified":"2025-06-28T17:38:28","modified_gmt":"2025-06-28T15:38:28","slug":"csavasi-istvan-2","status":"publish","type":"product","link":"https:\/\/uj.adatbank.ro\/lexikon\/termek\/csavasi-istvan-2\/","title":{"rendered":"CS\u00c1V\u00c1SI Istv\u00e1n"},"content":{"rendered":"<p>? \u2020 ? : tan\u00edt\u00f3. \u2013 Mv.-en subscrib\u00e1lt (1672). Marosbog\u00e1ton (1677), K\u00fck\u00fcll\u0151alm\u00e1son (1685), D\u00e1ny\u00e1nban tan\u00edtott (1686\u201392, 1702\u20131703) \u00e9s Kerel\u0151szentp\u00e1lon (1694\u201395). <br \/><strong>Irod.:<\/strong> K\u00fck\u00fcll\u0151i Ref. Egyh\u00e1zm. 1., 2., 3.<\/br><\/p>\n","protected":false},"excerpt":{"rendered":"<p>? \u2020 ? : tan\u00edt\u00f3. \u2013 Mv.-en subscrib\u00e1lt (1672). Marosbog\u00e1ton (1677), K\u00fck\u00fcll\u0151alm\u00e1son (1685), D\u00e1ny\u00e1nban tan\u00edtott (1686\u201392, 1702\u20131703) \u00e9s Kerel\u0151szentp\u00e1lon (1694\u201395). Irod.: K\u00fck\u00fcll\u0151i Ref. Egyh\u00e1zm. 1., 2., 3.<\/p>\n","protected":false},"featured_media":0,"comment_status":"open","ping_status":"closed","template":"","meta":[],"product_brand":[],"product_cat":[137],"product_tag":[],"class_list":{"0":"post-6041","1":"product","2":"type-product","3":"status-publish","5":"product_cat-maros-megyei-eletrajzi-lexikon","7":"first","8":"instock","9":"shipping-taxable","10":"product-type-simple"},"_links":{"self":[{"href":"https:\/\/uj.adatbank.ro\/lexikon\/wp-json\/wp\/v2\/product\/6041","targetHints":{"allow":["GET"]}}],"collection":[{"href":"https:\/\/uj.adatbank.ro\/lexikon\/wp-json\/wp\/v2\/product"}],"about":[{"href":"https:\/\/uj.adatbank.ro\/lexikon\/wp-json\/wp\/v2\/types\/product"}],"replies":[{"embeddable":true,"href":"https:\/\/uj.adatbank.ro\/lexikon\/wp-json\/wp\/v2\/comments?post=6041"}],"wp:attachment":[{"href":"https:\/\/uj.adatbank.ro\/lexikon\/wp-json\/wp\/v2\/media?parent=6041"}],"wp:term":[{"taxonomy":"product_brand","embeddable":true,"href":"https:\/\/uj.adatbank.ro\/lexikon\/wp-json\/wp\/v2\/product_brand?post=6041"},{"taxonomy":"product_cat","embeddable":true,"href":"https:\/\/uj.adatbank.ro\/lexikon\/wp-json\/wp\/v2\/product_cat?post=6041"},{"taxonomy":"product_tag","embeddable":true,"href":"https:\/\/uj.adatbank.ro\/lexikon\/wp-json\/wp\/v2\/product_tag?post=6041"}],"curies":[{"name":"wp","href":"https:\/\/api.w.org\/{rel}","templated":true}]}}