{"id":6045,"date":"2025-06-28T17:38:36","date_gmt":"2025-06-28T15:38:36","guid":{"rendered":"https:\/\/uj.adatbank.ro\/lexikon\/termek\/csavasi-mate\/"},"modified":"2025-06-28T17:38:36","modified_gmt":"2025-06-28T15:38:36","slug":"csavasi-mate","status":"publish","type":"product","link":"https:\/\/uj.adatbank.ro\/lexikon\/termek\/csavasi-mate\/","title":{"rendered":"CS\u00c1V\u00c1SI M\u00e1t\u00e9"},"content":{"rendered":"<p>? \u2020\u00a0? : ref. lelk\u00e9sz. \u2013 A sz\u00e1szcs\u00e1v\u00e1si ekl\u00e9zsia els\u0151 ismert lp. -a (1623), majd V\u00e1mosg\u00e1lfalv\u00e1n (1640, 1650\u201355) \u00e9s Magyarb\u00fckk\u00f6s\u00f6n (1641\u201343). <br \/><strong>Irod.:<\/strong> Cs\u00e1v\u00e1si eml\u00e9kk\u00f6nyv; K\u00fck\u00fcll\u0151i Ref. Egyh\u00e1zm. 1., 4.<\/br><\/p>\n","protected":false},"excerpt":{"rendered":"<p>? \u2020\u00a0? : ref. lelk\u00e9sz. \u2013 A sz\u00e1szcs\u00e1v\u00e1si ekl\u00e9zsia els\u0151 ismert lp. -a (1623), majd V\u00e1mosg\u00e1lfalv\u00e1n (1640, 1650\u201355) \u00e9s Magyarb\u00fckk\u00f6s\u00f6n (1641\u201343). Irod.: Cs\u00e1v\u00e1si eml\u00e9kk\u00f6nyv; K\u00fck\u00fcll\u0151i Ref. Egyh\u00e1zm. 1., 4.<\/p>\n","protected":false},"featured_media":0,"comment_status":"open","ping_status":"closed","template":"","meta":[],"product_brand":[],"product_cat":[137],"product_tag":[],"class_list":{"0":"post-6045","1":"product","2":"type-product","3":"status-publish","5":"product_cat-maros-megyei-eletrajzi-lexikon","7":"first","8":"instock","9":"shipping-taxable","10":"product-type-simple"},"_links":{"self":[{"href":"https:\/\/uj.adatbank.ro\/lexikon\/wp-json\/wp\/v2\/product\/6045","targetHints":{"allow":["GET"]}}],"collection":[{"href":"https:\/\/uj.adatbank.ro\/lexikon\/wp-json\/wp\/v2\/product"}],"about":[{"href":"https:\/\/uj.adatbank.ro\/lexikon\/wp-json\/wp\/v2\/types\/product"}],"replies":[{"embeddable":true,"href":"https:\/\/uj.adatbank.ro\/lexikon\/wp-json\/wp\/v2\/comments?post=6045"}],"wp:attachment":[{"href":"https:\/\/uj.adatbank.ro\/lexikon\/wp-json\/wp\/v2\/media?parent=6045"}],"wp:term":[{"taxonomy":"product_brand","embeddable":true,"href":"https:\/\/uj.adatbank.ro\/lexikon\/wp-json\/wp\/v2\/product_brand?post=6045"},{"taxonomy":"product_cat","embeddable":true,"href":"https:\/\/uj.adatbank.ro\/lexikon\/wp-json\/wp\/v2\/product_cat?post=6045"},{"taxonomy":"product_tag","embeddable":true,"href":"https:\/\/uj.adatbank.ro\/lexikon\/wp-json\/wp\/v2\/product_tag?post=6045"}],"curies":[{"name":"wp","href":"https:\/\/api.w.org\/{rel}","templated":true}]}}