{"id":6047,"date":"2025-06-28T17:38:40","date_gmt":"2025-06-28T15:38:40","guid":{"rendered":"https:\/\/uj.adatbank.ro\/lexikon\/termek\/csavasi-peter-ceusian-petru\/"},"modified":"2025-06-28T17:38:40","modified_gmt":"2025-06-28T15:38:40","slug":"csavasi-peter-ceusian-petru","status":"publish","type":"product","link":"https:\/\/uj.adatbank.ro\/lexikon\/termek\/csavasi-peter-ceusian-petru\/","title":{"rendered":"CS\u00c1V\u00c1SI P\u00e9ter, CEU\u015eIAN, Petru"},"content":{"rendered":"<p>Galamb\u00f3d, 1826., \u2020 1897. febr. 26.: g\u00f6r. kat. pap. \u2013 Bal\u00e1zsfalv\u00e1n v\u00e9gezte a teol\u00f3gi\u00e1t (1848), papp\u00e1 szentelt\u00e9k (1853). Vajdaszentiv\u00e1nyon szolg\u00e1lt (1856\u201397). Nev\u00e9t mindig a politikai viszonyoknak megfelel\u0151en haszn\u00e1lta. <br \/><strong>Irod.:<\/strong> Dobozi<\/br><\/p>\n","protected":false},"excerpt":{"rendered":"<p>Galamb\u00f3d, 1826., \u2020 1897. febr. 26.: g\u00f6r. kat. pap. \u2013 Bal\u00e1zsfalv\u00e1n v\u00e9gezte a teol\u00f3gi\u00e1t (1848), papp\u00e1 szentelt\u00e9k (1853). Vajdaszentiv\u00e1nyon szolg\u00e1lt (1856\u201397). Nev\u00e9t mindig a politikai viszonyoknak megfelel\u0151en haszn\u00e1lta. Irod.: Dobozi<\/p>\n","protected":false},"featured_media":0,"comment_status":"open","ping_status":"closed","template":"","meta":[],"product_brand":[],"product_cat":[137],"product_tag":[],"class_list":{"0":"post-6047","1":"product","2":"type-product","3":"status-publish","5":"product_cat-maros-megyei-eletrajzi-lexikon","7":"first","8":"instock","9":"shipping-taxable","10":"product-type-simple"},"_links":{"self":[{"href":"https:\/\/uj.adatbank.ro\/lexikon\/wp-json\/wp\/v2\/product\/6047","targetHints":{"allow":["GET"]}}],"collection":[{"href":"https:\/\/uj.adatbank.ro\/lexikon\/wp-json\/wp\/v2\/product"}],"about":[{"href":"https:\/\/uj.adatbank.ro\/lexikon\/wp-json\/wp\/v2\/types\/product"}],"replies":[{"embeddable":true,"href":"https:\/\/uj.adatbank.ro\/lexikon\/wp-json\/wp\/v2\/comments?post=6047"}],"wp:attachment":[{"href":"https:\/\/uj.adatbank.ro\/lexikon\/wp-json\/wp\/v2\/media?parent=6047"}],"wp:term":[{"taxonomy":"product_brand","embeddable":true,"href":"https:\/\/uj.adatbank.ro\/lexikon\/wp-json\/wp\/v2\/product_brand?post=6047"},{"taxonomy":"product_cat","embeddable":true,"href":"https:\/\/uj.adatbank.ro\/lexikon\/wp-json\/wp\/v2\/product_cat?post=6047"},{"taxonomy":"product_tag","embeddable":true,"href":"https:\/\/uj.adatbank.ro\/lexikon\/wp-json\/wp\/v2\/product_tag?post=6047"}],"curies":[{"name":"wp","href":"https:\/\/api.w.org\/{rel}","templated":true}]}}