{"id":6048,"date":"2025-06-28T17:38:42","date_gmt":"2025-06-28T15:38:42","guid":{"rendered":"https:\/\/uj.adatbank.ro\/lexikon\/termek\/csavasi-samson-ceavasi-samson\/"},"modified":"2025-06-28T17:38:42","modified_gmt":"2025-06-28T15:38:42","slug":"csavasi-samson-ceavasi-samson","status":"publish","type":"product","link":"https:\/\/uj.adatbank.ro\/lexikon\/termek\/csavasi-samson-ceavasi-samson\/","title":{"rendered":"CS\u00c1V\u00c1SI S\u00e1mson, Ceavasi Samson"},"content":{"rendered":"<p>1773., \u2020 1858. m\u00e1rc. 25.: g. kat. pap. \u2013 A bal\u00e1zsfalvi teol\u00f3gia r\u00f6vid, hat hetes \u201emoralis\u201d tanfolyam\u00e1t v\u00e9gezte, Ioan Bob Vajdaszentiv\u00e1nyba helyezte, a k\u00f6rzet intend\u00e1nsa volt (1800. j\u00fal. 29. \u2013). Maross\u00e1rpatakon szolg\u00e1lt (1848\u201350). <br \/><strong>Irod.:<\/strong> Berekm\u00e9ri\u2013G\u00e1lfi; Dobozi<\/br><\/p>\n","protected":false},"excerpt":{"rendered":"<p>1773., \u2020 1858. m\u00e1rc. 25.: g. kat. pap. \u2013 A bal\u00e1zsfalvi teol\u00f3gia r\u00f6vid, hat hetes \u201emoralis\u201d tanfolyam\u00e1t v\u00e9gezte, Ioan Bob Vajdaszentiv\u00e1nyba helyezte, a k\u00f6rzet intend\u00e1nsa volt (1800. j\u00fal. 29. \u2013). Maross\u00e1rpatakon szolg\u00e1lt (1848\u201350). Irod.: Berekm\u00e9ri\u2013G\u00e1lfi; Dobozi<\/p>\n","protected":false},"featured_media":0,"comment_status":"open","ping_status":"closed","template":"","meta":[],"product_brand":[],"product_cat":[137],"product_tag":[],"class_list":{"0":"post-6048","1":"product","2":"type-product","3":"status-publish","5":"product_cat-maros-megyei-eletrajzi-lexikon","7":"first","8":"instock","9":"shipping-taxable","10":"product-type-simple"},"_links":{"self":[{"href":"https:\/\/uj.adatbank.ro\/lexikon\/wp-json\/wp\/v2\/product\/6048","targetHints":{"allow":["GET"]}}],"collection":[{"href":"https:\/\/uj.adatbank.ro\/lexikon\/wp-json\/wp\/v2\/product"}],"about":[{"href":"https:\/\/uj.adatbank.ro\/lexikon\/wp-json\/wp\/v2\/types\/product"}],"replies":[{"embeddable":true,"href":"https:\/\/uj.adatbank.ro\/lexikon\/wp-json\/wp\/v2\/comments?post=6048"}],"wp:attachment":[{"href":"https:\/\/uj.adatbank.ro\/lexikon\/wp-json\/wp\/v2\/media?parent=6048"}],"wp:term":[{"taxonomy":"product_brand","embeddable":true,"href":"https:\/\/uj.adatbank.ro\/lexikon\/wp-json\/wp\/v2\/product_brand?post=6048"},{"taxonomy":"product_cat","embeddable":true,"href":"https:\/\/uj.adatbank.ro\/lexikon\/wp-json\/wp\/v2\/product_cat?post=6048"},{"taxonomy":"product_tag","embeddable":true,"href":"https:\/\/uj.adatbank.ro\/lexikon\/wp-json\/wp\/v2\/product_tag?post=6048"}],"curies":[{"name":"wp","href":"https:\/\/api.w.org\/{rel}","templated":true}]}}