{"id":6049,"date":"2025-06-28T17:38:44","date_gmt":"2025-06-28T15:38:44","guid":{"rendered":"https:\/\/uj.adatbank.ro\/lexikon\/termek\/csavasi-vas-benjamin\/"},"modified":"2025-06-28T17:38:44","modified_gmt":"2025-06-28T15:38:44","slug":"csavasi-vas-benjamin","status":"publish","type":"product","link":"https:\/\/uj.adatbank.ro\/lexikon\/termek\/csavasi-vas-benjamin\/","title":{"rendered":"CS\u00c1V\u00c1SI VAS Benj\u00e1min"},"content":{"rendered":"<p>? \u2020\u00a0? : ref. lelk\u00e9sz. \u2013 Kv.-on subscrib\u00e1lt (1747). Rektor volt Nagybaconban \u00e9s lelk\u00e9sz, Mikefalv\u00e1n (1760\u201361), K\u00f3r\u00f3dszentm\u00e1rtonban (1762\u201375) \u00e9s Nagyr\u00e1polton (1775\u201393). <br \/><strong>Irod.:<\/strong> K\u00fck\u00fcll\u0151i Ref. Egyh\u00e1zm. 2., 4.<\/br><\/p>\n","protected":false},"excerpt":{"rendered":"<p>? \u2020\u00a0? : ref. lelk\u00e9sz. \u2013 Kv.-on subscrib\u00e1lt (1747). Rektor volt Nagybaconban \u00e9s lelk\u00e9sz, Mikefalv\u00e1n (1760\u201361), K\u00f3r\u00f3dszentm\u00e1rtonban (1762\u201375) \u00e9s Nagyr\u00e1polton (1775\u201393). Irod.: K\u00fck\u00fcll\u0151i Ref. Egyh\u00e1zm. 2., 4.<\/p>\n","protected":false},"featured_media":0,"comment_status":"open","ping_status":"closed","template":"","meta":[],"product_brand":[],"product_cat":[137],"product_tag":[],"class_list":{"0":"post-6049","1":"product","2":"type-product","3":"status-publish","5":"product_cat-maros-megyei-eletrajzi-lexikon","7":"first","8":"instock","9":"shipping-taxable","10":"product-type-simple"},"_links":{"self":[{"href":"https:\/\/uj.adatbank.ro\/lexikon\/wp-json\/wp\/v2\/product\/6049","targetHints":{"allow":["GET"]}}],"collection":[{"href":"https:\/\/uj.adatbank.ro\/lexikon\/wp-json\/wp\/v2\/product"}],"about":[{"href":"https:\/\/uj.adatbank.ro\/lexikon\/wp-json\/wp\/v2\/types\/product"}],"replies":[{"embeddable":true,"href":"https:\/\/uj.adatbank.ro\/lexikon\/wp-json\/wp\/v2\/comments?post=6049"}],"wp:attachment":[{"href":"https:\/\/uj.adatbank.ro\/lexikon\/wp-json\/wp\/v2\/media?parent=6049"}],"wp:term":[{"taxonomy":"product_brand","embeddable":true,"href":"https:\/\/uj.adatbank.ro\/lexikon\/wp-json\/wp\/v2\/product_brand?post=6049"},{"taxonomy":"product_cat","embeddable":true,"href":"https:\/\/uj.adatbank.ro\/lexikon\/wp-json\/wp\/v2\/product_cat?post=6049"},{"taxonomy":"product_tag","embeddable":true,"href":"https:\/\/uj.adatbank.ro\/lexikon\/wp-json\/wp\/v2\/product_tag?post=6049"}],"curies":[{"name":"wp","href":"https:\/\/api.w.org\/{rel}","templated":true}]}}