{"id":6050,"date":"2025-06-28T17:38:45","date_gmt":"2025-06-28T15:38:45","guid":{"rendered":"https:\/\/uj.adatbank.ro\/lexikon\/termek\/csavasi-vas-lorinc-csavasi-vass-lorinc-vass-lorinc\/"},"modified":"2025-06-28T17:38:45","modified_gmt":"2025-06-28T15:38:45","slug":"csavasi-vas-lorinc-csavasi-vass-lorinc-vass-lorinc","status":"publish","type":"product","link":"https:\/\/uj.adatbank.ro\/lexikon\/termek\/csavasi-vas-lorinc-csavasi-vass-lorinc-vass-lorinc\/","title":{"rendered":"CS\u00c1V\u00c1SI VAS L\u0151rinc, Cs\u00e1v\u00e1si Vass L\u0151rinc, Vass L\u0151rinc"},"content":{"rendered":"<p>D\u00e1ny\u00e1n, 1699., \u2020 Nagykend, 1786.: ref. lelk\u00e9sz. \u2013 Mv.-en subscrib\u00e1lt (1719). B\u00e9rm\u00e1ban \u00e9s Groningenben (1731) peregrin\u00e1lt. Gog\u00e1nban (1735\u201339), majd Nagykenden szolg\u00e1lt (1739\u201386). Esperesi jegyz\u0151nek v\u00e1lasztott\u00e1k K\u00f6r\u00f6si Gy\u00f6rgy esperes mell\u00e9, majd esperes lett hal\u00e1l\u00e1ig (1767\u201386). Nagy gondja volt az egyh\u00e1zi \u00e9p\u00fcletekre \u00e9s a p\u00e9nz\u00fcgyekre, el\u0151k\u00e9sz\u00edtette a templom \u00e1t\u00e9p\u00edt\u00e9s\u00e9t. Rendezett lelki \u00e9s anyagi k\u00f6r\u00fclm\u00e9nyek k\u00f6z\u00f6tt hagyta h\u00e1tra gy\u00fclekezet\u00e9t. <br \/><strong>Irod.:<\/strong> Kend \u00e9s egyh\u00e1za; K\u00fck\u00fcll\u0151i Ref. Egyh\u00e1zm. 1., 2. , 4.; Zov\u00e1nyi<\/br><\/p>\n","protected":false},"excerpt":{"rendered":"<p>D\u00e1ny\u00e1n, 1699., \u2020 Nagykend, 1786.: ref. lelk\u00e9sz. \u2013 Mv.-en subscrib\u00e1lt (1719). B\u00e9rm\u00e1ban \u00e9s Groningenben (1731) peregrin\u00e1lt. Gog\u00e1nban (1735\u201339), majd Nagykenden szolg\u00e1lt (1739\u201386). Esperesi jegyz\u0151nek v\u00e1lasztott\u00e1k K\u00f6r\u00f6si Gy\u00f6rgy esperes mell\u00e9, majd esperes lett hal\u00e1l\u00e1ig (1767\u201386). Nagy gondja volt az egyh\u00e1zi \u00e9p\u00fcletekre \u00e9s a p\u00e9nz\u00fcgyekre, el\u0151k\u00e9sz\u00edtette a templom \u00e1t\u00e9p\u00edt\u00e9s\u00e9t. Rendezett lelki \u00e9s anyagi k\u00f6r\u00fclm\u00e9nyek k\u00f6z\u00f6tt hagyta h\u00e1tra [&hellip;]<\/p>\n","protected":false},"featured_media":0,"comment_status":"open","ping_status":"closed","template":"","meta":[],"product_brand":[],"product_cat":[137],"product_tag":[],"class_list":{"0":"post-6050","1":"product","2":"type-product","3":"status-publish","5":"product_cat-maros-megyei-eletrajzi-lexikon","7":"first","8":"instock","9":"shipping-taxable","10":"product-type-simple"},"_links":{"self":[{"href":"https:\/\/uj.adatbank.ro\/lexikon\/wp-json\/wp\/v2\/product\/6050","targetHints":{"allow":["GET"]}}],"collection":[{"href":"https:\/\/uj.adatbank.ro\/lexikon\/wp-json\/wp\/v2\/product"}],"about":[{"href":"https:\/\/uj.adatbank.ro\/lexikon\/wp-json\/wp\/v2\/types\/product"}],"replies":[{"embeddable":true,"href":"https:\/\/uj.adatbank.ro\/lexikon\/wp-json\/wp\/v2\/comments?post=6050"}],"wp:attachment":[{"href":"https:\/\/uj.adatbank.ro\/lexikon\/wp-json\/wp\/v2\/media?parent=6050"}],"wp:term":[{"taxonomy":"product_brand","embeddable":true,"href":"https:\/\/uj.adatbank.ro\/lexikon\/wp-json\/wp\/v2\/product_brand?post=6050"},{"taxonomy":"product_cat","embeddable":true,"href":"https:\/\/uj.adatbank.ro\/lexikon\/wp-json\/wp\/v2\/product_cat?post=6050"},{"taxonomy":"product_tag","embeddable":true,"href":"https:\/\/uj.adatbank.ro\/lexikon\/wp-json\/wp\/v2\/product_tag?post=6050"}],"curies":[{"name":"wp","href":"https:\/\/api.w.org\/{rel}","templated":true}]}}