{"id":6051,"date":"2025-06-28T17:38:46","date_gmt":"2025-06-28T15:38:46","guid":{"rendered":"https:\/\/uj.adatbank.ro\/lexikon\/termek\/csavasi-vas-lorinc-vass-lorinc\/"},"modified":"2025-06-28T17:38:46","modified_gmt":"2025-06-28T15:38:46","slug":"csavasi-vas-lorinc-vass-lorinc","status":"publish","type":"product","link":"https:\/\/uj.adatbank.ro\/lexikon\/termek\/csavasi-vas-lorinc-vass-lorinc\/","title":{"rendered":"CS\u00c1V\u00c1SI VAS L\u0151rinc, Vass L\u0151rinc"},"content":{"rendered":"<p>? \u2020\u00a0? : ref. lelk\u00e9sz. \u2013 G\u00f3g\u00e1nban rektor (1685). Lelk\u00e9sz volt D\u00e1ny\u00e1nban (1692\u20131715, 1718), Kutyfalv\u00e1n (1717). <br \/><strong>Irod.:<\/strong> K\u00fck\u00fcll\u0151i Ref. Egyh\u00e1zm. 1., 3.<\/br><\/p>\n","protected":false},"excerpt":{"rendered":"<p>? \u2020\u00a0? : ref. lelk\u00e9sz. \u2013 G\u00f3g\u00e1nban rektor (1685). Lelk\u00e9sz volt D\u00e1ny\u00e1nban (1692\u20131715, 1718), Kutyfalv\u00e1n (1717). Irod.: K\u00fck\u00fcll\u0151i Ref. Egyh\u00e1zm. 1., 3.<\/p>\n","protected":false},"featured_media":0,"comment_status":"open","ping_status":"closed","template":"","meta":[],"product_brand":[],"product_cat":[137],"product_tag":[],"class_list":{"0":"post-6051","1":"product","2":"type-product","3":"status-publish","5":"product_cat-maros-megyei-eletrajzi-lexikon","7":"first","8":"instock","9":"shipping-taxable","10":"product-type-simple"},"_links":{"self":[{"href":"https:\/\/uj.adatbank.ro\/lexikon\/wp-json\/wp\/v2\/product\/6051","targetHints":{"allow":["GET"]}}],"collection":[{"href":"https:\/\/uj.adatbank.ro\/lexikon\/wp-json\/wp\/v2\/product"}],"about":[{"href":"https:\/\/uj.adatbank.ro\/lexikon\/wp-json\/wp\/v2\/types\/product"}],"replies":[{"embeddable":true,"href":"https:\/\/uj.adatbank.ro\/lexikon\/wp-json\/wp\/v2\/comments?post=6051"}],"wp:attachment":[{"href":"https:\/\/uj.adatbank.ro\/lexikon\/wp-json\/wp\/v2\/media?parent=6051"}],"wp:term":[{"taxonomy":"product_brand","embeddable":true,"href":"https:\/\/uj.adatbank.ro\/lexikon\/wp-json\/wp\/v2\/product_brand?post=6051"},{"taxonomy":"product_cat","embeddable":true,"href":"https:\/\/uj.adatbank.ro\/lexikon\/wp-json\/wp\/v2\/product_cat?post=6051"},{"taxonomy":"product_tag","embeddable":true,"href":"https:\/\/uj.adatbank.ro\/lexikon\/wp-json\/wp\/v2\/product_tag?post=6051"}],"curies":[{"name":"wp","href":"https:\/\/api.w.org\/{rel}","templated":true}]}}