{"id":6053,"date":"2025-06-28T17:38:50","date_gmt":"2025-06-28T15:38:50","guid":{"rendered":"https:\/\/uj.adatbank.ro\/lexikon\/termek\/csecs-andras\/"},"modified":"2025-06-28T17:38:50","modified_gmt":"2025-06-28T15:38:50","slug":"csecs-andras","status":"publish","type":"product","link":"https:\/\/uj.adatbank.ro\/lexikon\/termek\/csecs-andras\/","title":{"rendered":"CS\u00c9CS Andr\u00e1s"},"content":{"rendered":"<p>? \u2020\u00a0?: baz\u00e9di nemes sz\u00e9kely, lovas pusk\u00e1s harcos. \u2013 II. R\u00e1k\u00f3czi Gy\u00f6rgy a Havasalf\u00f6ld\u00f6n folytatott gy\u0151zelmes hadj\u00e1ratban szerzett \u00e9rdemei\u00e9rt l\u00f3f\u0151s\u00e9gre emelte (1656. j\u00fan. 28.). <br \/><strong>Irod.:<\/strong> Kelemen Lajos, SzOKL 6<\/br><\/p>\n","protected":false},"excerpt":{"rendered":"<p>? \u2020\u00a0?: baz\u00e9di nemes sz\u00e9kely, lovas pusk\u00e1s harcos. \u2013 II. R\u00e1k\u00f3czi Gy\u00f6rgy a Havasalf\u00f6ld\u00f6n folytatott gy\u0151zelmes hadj\u00e1ratban szerzett \u00e9rdemei\u00e9rt l\u00f3f\u0151s\u00e9gre emelte (1656. j\u00fan. 28.). Irod.: Kelemen Lajos, SzOKL 6<\/p>\n","protected":false},"featured_media":0,"comment_status":"open","ping_status":"closed","template":"","meta":[],"product_brand":[],"product_cat":[137],"product_tag":[],"class_list":{"0":"post-6053","1":"product","2":"type-product","3":"status-publish","5":"product_cat-maros-megyei-eletrajzi-lexikon","7":"first","8":"instock","9":"shipping-taxable","10":"product-type-simple"},"_links":{"self":[{"href":"https:\/\/uj.adatbank.ro\/lexikon\/wp-json\/wp\/v2\/product\/6053","targetHints":{"allow":["GET"]}}],"collection":[{"href":"https:\/\/uj.adatbank.ro\/lexikon\/wp-json\/wp\/v2\/product"}],"about":[{"href":"https:\/\/uj.adatbank.ro\/lexikon\/wp-json\/wp\/v2\/types\/product"}],"replies":[{"embeddable":true,"href":"https:\/\/uj.adatbank.ro\/lexikon\/wp-json\/wp\/v2\/comments?post=6053"}],"wp:attachment":[{"href":"https:\/\/uj.adatbank.ro\/lexikon\/wp-json\/wp\/v2\/media?parent=6053"}],"wp:term":[{"taxonomy":"product_brand","embeddable":true,"href":"https:\/\/uj.adatbank.ro\/lexikon\/wp-json\/wp\/v2\/product_brand?post=6053"},{"taxonomy":"product_cat","embeddable":true,"href":"https:\/\/uj.adatbank.ro\/lexikon\/wp-json\/wp\/v2\/product_cat?post=6053"},{"taxonomy":"product_tag","embeddable":true,"href":"https:\/\/uj.adatbank.ro\/lexikon\/wp-json\/wp\/v2\/product_tag?post=6053"}],"curies":[{"name":"wp","href":"https:\/\/api.w.org\/{rel}","templated":true}]}}