{"id":6057,"date":"2025-06-28T17:38:59","date_gmt":"2025-06-28T15:38:59","guid":{"rendered":"https:\/\/uj.adatbank.ro\/lexikon\/termek\/csecs-jozsef-2\/"},"modified":"2025-06-28T17:38:59","modified_gmt":"2025-06-28T15:38:59","slug":"csecs-jozsef-2","status":"publish","type":"product","link":"https:\/\/uj.adatbank.ro\/lexikon\/termek\/csecs-jozsef-2\/","title":{"rendered":"CS\u00c9CS J\u00f3zsef"},"content":{"rendered":"<p>Szab\u00e9d, 1912. aug. 30., \u2020\u00a0? : gazd\u00e1lkod\u00f3. \u2013 Letart\u00f3ztatt\u00e1k (1959. aug. 31.) \u00e9s b\u00edr\u00f3s\u00e1g el\u00e9 \u00e1ll\u00edtott\u00e1k azzal a v\u00e1ddal, hogy rendszerellenes kijelent\u00e9seket tett \u00e9s bujtogatott a falu szocialista \u00e1talak\u00edt\u00e1sa ellen. \u2013 Irod: 1956 Erd\u00e9lyben<\/br><\/p>\n","protected":false},"excerpt":{"rendered":"<p>Szab\u00e9d, 1912. aug. 30., \u2020\u00a0? : gazd\u00e1lkod\u00f3. \u2013 Letart\u00f3ztatt\u00e1k (1959. aug. 31.) \u00e9s b\u00edr\u00f3s\u00e1g el\u00e9 \u00e1ll\u00edtott\u00e1k azzal a v\u00e1ddal, hogy rendszerellenes kijelent\u00e9seket tett \u00e9s bujtogatott a falu szocialista \u00e1talak\u00edt\u00e1sa ellen. \u2013 Irod: 1956 Erd\u00e9lyben<\/p>\n","protected":false},"featured_media":0,"comment_status":"open","ping_status":"closed","template":"","meta":[],"product_brand":[],"product_cat":[137],"product_tag":[],"class_list":{"0":"post-6057","1":"product","2":"type-product","3":"status-publish","5":"product_cat-maros-megyei-eletrajzi-lexikon","7":"first","8":"instock","9":"shipping-taxable","10":"product-type-simple"},"_links":{"self":[{"href":"https:\/\/uj.adatbank.ro\/lexikon\/wp-json\/wp\/v2\/product\/6057","targetHints":{"allow":["GET"]}}],"collection":[{"href":"https:\/\/uj.adatbank.ro\/lexikon\/wp-json\/wp\/v2\/product"}],"about":[{"href":"https:\/\/uj.adatbank.ro\/lexikon\/wp-json\/wp\/v2\/types\/product"}],"replies":[{"embeddable":true,"href":"https:\/\/uj.adatbank.ro\/lexikon\/wp-json\/wp\/v2\/comments?post=6057"}],"wp:attachment":[{"href":"https:\/\/uj.adatbank.ro\/lexikon\/wp-json\/wp\/v2\/media?parent=6057"}],"wp:term":[{"taxonomy":"product_brand","embeddable":true,"href":"https:\/\/uj.adatbank.ro\/lexikon\/wp-json\/wp\/v2\/product_brand?post=6057"},{"taxonomy":"product_cat","embeddable":true,"href":"https:\/\/uj.adatbank.ro\/lexikon\/wp-json\/wp\/v2\/product_cat?post=6057"},{"taxonomy":"product_tag","embeddable":true,"href":"https:\/\/uj.adatbank.ro\/lexikon\/wp-json\/wp\/v2\/product_tag?post=6057"}],"curies":[{"name":"wp","href":"https:\/\/api.w.org\/{rel}","templated":true}]}}