{"id":6059,"date":"2025-06-28T17:39:07","date_gmt":"2025-06-28T15:39:07","guid":{"rendered":"https:\/\/uj.adatbank.ro\/lexikon\/termek\/csecsy-nagy-miklos\/"},"modified":"2025-06-28T17:39:07","modified_gmt":"2025-06-28T15:39:07","slug":"csecsy-nagy-miklos","status":"publish","type":"product","link":"https:\/\/uj.adatbank.ro\/lexikon\/termek\/csecsy-nagy-miklos\/","title":{"rendered":"CS\u00c9CSY\u2013NAGY Mikl\u00f3s"},"content":{"rendered":"<p>Mv., 1904. aug. 4. \u2020 ? : husz\u00e1rz\u00e1szl\u00f3s, dr. \u2013 Tart. husz\u00e1rz\u00e1szl\u00f3snak l\u00e9ptett\u00e9k el\u0151 (1943. jan. 1. \u2013). <br \/><strong>Irod.:<\/strong> Bene\u2013Szab\u00f3<\/br><\/p>\n","protected":false},"excerpt":{"rendered":"<p>Mv., 1904. aug. 4. \u2020 ? : husz\u00e1rz\u00e1szl\u00f3s, dr. \u2013 Tart. husz\u00e1rz\u00e1szl\u00f3snak l\u00e9ptett\u00e9k el\u0151 (1943. jan. 1. \u2013). Irod.: Bene\u2013Szab\u00f3<\/p>\n","protected":false},"featured_media":0,"comment_status":"open","ping_status":"closed","template":"","meta":[],"product_brand":[],"product_cat":[137],"product_tag":[],"class_list":{"0":"post-6059","1":"product","2":"type-product","3":"status-publish","5":"product_cat-maros-megyei-eletrajzi-lexikon","7":"first","8":"instock","9":"shipping-taxable","10":"product-type-simple"},"_links":{"self":[{"href":"https:\/\/uj.adatbank.ro\/lexikon\/wp-json\/wp\/v2\/product\/6059","targetHints":{"allow":["GET"]}}],"collection":[{"href":"https:\/\/uj.adatbank.ro\/lexikon\/wp-json\/wp\/v2\/product"}],"about":[{"href":"https:\/\/uj.adatbank.ro\/lexikon\/wp-json\/wp\/v2\/types\/product"}],"replies":[{"embeddable":true,"href":"https:\/\/uj.adatbank.ro\/lexikon\/wp-json\/wp\/v2\/comments?post=6059"}],"wp:attachment":[{"href":"https:\/\/uj.adatbank.ro\/lexikon\/wp-json\/wp\/v2\/media?parent=6059"}],"wp:term":[{"taxonomy":"product_brand","embeddable":true,"href":"https:\/\/uj.adatbank.ro\/lexikon\/wp-json\/wp\/v2\/product_brand?post=6059"},{"taxonomy":"product_cat","embeddable":true,"href":"https:\/\/uj.adatbank.ro\/lexikon\/wp-json\/wp\/v2\/product_cat?post=6059"},{"taxonomy":"product_tag","embeddable":true,"href":"https:\/\/uj.adatbank.ro\/lexikon\/wp-json\/wp\/v2\/product_tag?post=6059"}],"curies":[{"name":"wp","href":"https:\/\/api.w.org\/{rel}","templated":true}]}}