{"id":6061,"date":"2025-06-28T17:39:17","date_gmt":"2025-06-28T15:39:17","guid":{"rendered":"https:\/\/uj.adatbank.ro\/lexikon\/termek\/csedo-bazil\/"},"modified":"2025-06-28T17:39:17","modified_gmt":"2025-06-28T15:39:17","slug":"csedo-bazil","status":"publish","type":"product","link":"https:\/\/uj.adatbank.ro\/lexikon\/termek\/csedo-bazil\/","title":{"rendered":"CSED\u0150 Bazil"},"content":{"rendered":"<p>? \u2020\u00a0? : r. k. pap, szerzetes. \u2013 Jobb\u00e1gytelk\u00e9n szolg\u00e1lt (1801\u20131802). <br \/><strong>Irod.:<\/strong> Eml\u00e9kk\u00f6nyv a jobb\u00e1gytelki iskola \u00e9vfordul\u00f3j\u00e1ra<\/br><\/p>\n","protected":false},"excerpt":{"rendered":"<p>? \u2020\u00a0? : r. k. pap, szerzetes. \u2013 Jobb\u00e1gytelk\u00e9n szolg\u00e1lt (1801\u20131802). Irod.: Eml\u00e9kk\u00f6nyv a jobb\u00e1gytelki iskola \u00e9vfordul\u00f3j\u00e1ra<\/p>\n","protected":false},"featured_media":0,"comment_status":"open","ping_status":"closed","template":"","meta":[],"product_brand":[],"product_cat":[137],"product_tag":[],"class_list":{"0":"post-6061","1":"product","2":"type-product","3":"status-publish","5":"product_cat-maros-megyei-eletrajzi-lexikon","7":"first","8":"instock","9":"shipping-taxable","10":"product-type-simple"},"_links":{"self":[{"href":"https:\/\/uj.adatbank.ro\/lexikon\/wp-json\/wp\/v2\/product\/6061","targetHints":{"allow":["GET"]}}],"collection":[{"href":"https:\/\/uj.adatbank.ro\/lexikon\/wp-json\/wp\/v2\/product"}],"about":[{"href":"https:\/\/uj.adatbank.ro\/lexikon\/wp-json\/wp\/v2\/types\/product"}],"replies":[{"embeddable":true,"href":"https:\/\/uj.adatbank.ro\/lexikon\/wp-json\/wp\/v2\/comments?post=6061"}],"wp:attachment":[{"href":"https:\/\/uj.adatbank.ro\/lexikon\/wp-json\/wp\/v2\/media?parent=6061"}],"wp:term":[{"taxonomy":"product_brand","embeddable":true,"href":"https:\/\/uj.adatbank.ro\/lexikon\/wp-json\/wp\/v2\/product_brand?post=6061"},{"taxonomy":"product_cat","embeddable":true,"href":"https:\/\/uj.adatbank.ro\/lexikon\/wp-json\/wp\/v2\/product_cat?post=6061"},{"taxonomy":"product_tag","embeddable":true,"href":"https:\/\/uj.adatbank.ro\/lexikon\/wp-json\/wp\/v2\/product_tag?post=6061"}],"curies":[{"name":"wp","href":"https:\/\/api.w.org\/{rel}","templated":true}]}}